{"id":32448,"date":"2023-01-13T13:19:51","date_gmt":"2023-01-13T13:19:51","guid":{"rendered":"https:\/\/www.mysexualfantasy.eu\/?post_type=product&#038;p=32448"},"modified":"2023-12-06T16:22:29","modified_gmt":"2023-12-06T16:22:29","slug":"darkness-luxe-esposas-bdsm-negro","status":"publish","type":"product","link":"https:\/\/www.mysexualfantasy.eu\/en\/product\/darkness-luxe-esposas-bdsm-negro\/","title":{"rendered":"DARKNESS &#8211; LUXE ESPOSAS BDSM NEGRO"},"content":{"rendered":"<p>Entregarte a los sentidos y ceder al deseo no te costar\u00e1 nada con esta hermosa esposa de la colecci\u00f3n bondage de Darkness. Exquisitamente dise\u00f1ado en brocadonegro y con anillos de calidad superior y broches. Darkness lleva el bondeg a a un nuevo nivel.<\/p>\n<ul>\n<li>Pu\u00f1os de mu\u00f1eca totalmente ajustables<\/li>\n<li>Suave y lujoso en un lado, con tela de dise\u00f1o en el otro<\/li>\n<li>Clavos universales y anillos t\u00f3ricos con dise\u00f1o giratorio<\/li>\n<li>Cuero Vegano<\/li>\n<li>Metal libre de niquel.<\/li>\n<\/ul>\n<p>LA MARCA<\/p>\n<p>Darkness es una marca de nueva generaci\u00f3n 2020, todos nuestros materiales son de excelente calidad asegurando que la fabricaci\u00f3n compromete un resultado perfecto para principiantes o avanzados que le gusta el mundo Fetish o bdsm.<\/p>","protected":false},"excerpt":{"rendered":"<p>DARKNESS &#8211; LUXE UNIVERSAL CUFFS<\/p>","protected":false},"featured_media":58102,"comment_status":"open","ping_status":"closed","template":"","meta":{"_monsterinsights_skip_tracking":false,"_monsterinsights_sitenote_active":false,"_monsterinsights_sitenote_note":"","_monsterinsights_sitenote_category":0,"_joinchat":[]},"product_brand":[],"product_cat":[1175,1178,1395,1152,1247],"product_tag":[],"class_list":{"0":"post-32448","1":"product","2":"type-product","3":"status-publish","4":"has-post-thumbnail","6":"product_cat-bdsm-bondage","7":"product_cat-bdsm-bondage-bondage","8":"product_cat-bdsm-bondage-bondageesposas","9":"product_cat-juguetes-bienestar","10":"product_cat-juguetes-bienestar-mascaras-y-esposas","11":"yith_product_brand-darkness","12":"yith_product_brand-darknessdarkness-bondage","14":"first","15":"instock","16":"taxable","17":"shipping-taxable","18":"purchasable","19":"product-type-simple"},"aioseo_notices":[],"_links":{"self":[{"href":"https:\/\/www.mysexualfantasy.eu\/en\/wp-json\/wp\/v2\/product\/32448","targetHints":{"allow":["GET"]}}],"collection":[{"href":"https:\/\/www.mysexualfantasy.eu\/en\/wp-json\/wp\/v2\/product"}],"about":[{"href":"https:\/\/www.mysexualfantasy.eu\/en\/wp-json\/wp\/v2\/types\/product"}],"replies":[{"embeddable":true,"href":"https:\/\/www.mysexualfantasy.eu\/en\/wp-json\/wp\/v2\/comments?post=32448"}],"wp:featuredmedia":[{"embeddable":true,"href":"https:\/\/www.mysexualfantasy.eu\/en\/wp-json\/wp\/v2\/media\/58102"}],"wp:attachment":[{"href":"https:\/\/www.mysexualfantasy.eu\/en\/wp-json\/wp\/v2\/media?parent=32448"}],"wp:term":[{"taxonomy":"product_brand","embeddable":true,"href":"https:\/\/www.mysexualfantasy.eu\/en\/wp-json\/wp\/v2\/product_brand?post=32448"},{"taxonomy":"product_cat","embeddable":true,"href":"https:\/\/www.mysexualfantasy.eu\/en\/wp-json\/wp\/v2\/product_cat?post=32448"},{"taxonomy":"product_tag","embeddable":true,"href":"https:\/\/www.mysexualfantasy.eu\/en\/wp-json\/wp\/v2\/product_tag?post=32448"}],"curies":[{"name":"wp","href":"https:\/\/api.w.org\/{rel}","templated":true}]}}