{"id":32491,"date":"2023-01-13T11:41:59","date_gmt":"2023-01-13T11:41:59","guid":{"rendered":"https:\/\/www.mysexualfantasy.eu\/?post_type=product&#038;p=32491"},"modified":"2023-12-06T15:40:36","modified_gmt":"2023-12-06T15:40:36","slug":"tenga-spinner-masturbador-pixel","status":"publish","type":"product","link":"https:\/\/www.mysexualfantasy.eu\/en\/product\/tenga-spinner-masturbador-pixel\/","title":{"rendered":"TENGA SPINNER MASTURBADOR PIXEL"},"content":{"rendered":"<p>\u00a1TENGA tiene el placer de anunciar tres nuevas incorporaciones en su popular serie SPINNER!<\/p>\n<p>\u00a1El NUEVO TENGA SPINNER tendr\u00e1 3 nuevos tipos de estimulaci\u00f3n en espiral!<\/p>\n<p>Su espiral interna se expande y se contrae para ofrecer incre\u00edbles sensaciones giratorias, aportando nuevas formas de estimulaci\u00f3n \u00fanicas e indescriptibles para los amantes del tr\u00edo original. \u00a1Date una vuelta por sus 3 detalles en espiral!<\/p>\n<p>Una bobina interna completamente nueva hace que el SPINNER gire mientras lo inserta, enviando sensaciones incre\u00edbles con cada golpe. Disfruta de una sensaci\u00f3n \u00fanica como ninguna otra.<\/p>\n<ul>\n<li>04 PIXEL: Una espiral de delicados nodos envolventes<\/li>\n<\/ul>\n<p>Cada TENGA SPINNER incluye una bolsa monodosis de HOLE LOTION REAL de TENGA.<\/p>","protected":false},"excerpt":{"rendered":"<p>TENGA SPINNER MASTURBADOR PIXEL<\/p>","protected":false},"featured_media":41385,"comment_status":"open","ping_status":"closed","template":"","meta":{"_monsterinsights_skip_tracking":false,"_monsterinsights_sitenote_active":false,"_monsterinsights_sitenote_note":"","_monsterinsights_sitenote_category":0,"_joinchat":[]},"product_brand":[],"product_cat":[1152,1160,1167],"product_tag":[],"class_list":{"0":"post-32491","1":"product","2":"type-product","3":"status-publish","4":"has-post-thumbnail","6":"product_cat-juguetes-bienestar","7":"product_cat-juguetes-bienestar-juguetes-para-hombres","8":"product_cat-juguetes-bienestar-juguetes-para-hombresmasturbadores-para-ellos","9":"yith_product_brand-tenga","11":"first","12":"instock","13":"taxable","14":"shipping-taxable","15":"purchasable","16":"product-type-simple"},"aioseo_notices":[],"_links":{"self":[{"href":"https:\/\/www.mysexualfantasy.eu\/en\/wp-json\/wp\/v2\/product\/32491","targetHints":{"allow":["GET"]}}],"collection":[{"href":"https:\/\/www.mysexualfantasy.eu\/en\/wp-json\/wp\/v2\/product"}],"about":[{"href":"https:\/\/www.mysexualfantasy.eu\/en\/wp-json\/wp\/v2\/types\/product"}],"replies":[{"embeddable":true,"href":"https:\/\/www.mysexualfantasy.eu\/en\/wp-json\/wp\/v2\/comments?post=32491"}],"wp:featuredmedia":[{"embeddable":true,"href":"https:\/\/www.mysexualfantasy.eu\/en\/wp-json\/wp\/v2\/media\/41385"}],"wp:attachment":[{"href":"https:\/\/www.mysexualfantasy.eu\/en\/wp-json\/wp\/v2\/media?parent=32491"}],"wp:term":[{"taxonomy":"product_brand","embeddable":true,"href":"https:\/\/www.mysexualfantasy.eu\/en\/wp-json\/wp\/v2\/product_brand?post=32491"},{"taxonomy":"product_cat","embeddable":true,"href":"https:\/\/www.mysexualfantasy.eu\/en\/wp-json\/wp\/v2\/product_cat?post=32491"},{"taxonomy":"product_tag","embeddable":true,"href":"https:\/\/www.mysexualfantasy.eu\/en\/wp-json\/wp\/v2\/product_tag?post=32491"}],"curies":[{"name":"wp","href":"https:\/\/api.w.org\/{rel}","templated":true}]}}