{"id":32539,"date":"2023-01-13T12:51:11","date_gmt":"2023-01-13T12:51:11","guid":{"rendered":"https:\/\/www.mysexualfantasy.eu\/?post_type=product&#038;p=32539"},"modified":"2023-12-06T16:19:17","modified_gmt":"2023-12-06T16:19:17","slug":"inverma-penis-maximum-pflege-crema-masturbacion-pene","status":"publish","type":"product","link":"https:\/\/www.mysexualfantasy.eu\/en\/product\/inverma-penis-maximum-pflege-crema-masturbacion-pene\/","title":{"rendered":"INVERMA PENIS MAXIMUM PFLEGE CREMA MASTURBACI\u00d3N PENE"},"content":{"rendered":"<p>Crema de masaje para las intimidades del hombre.<\/p>\n<p>Cuida y limpia el pene y desarrolla un olor erotizante.<\/p>\n<p>Previene de la falta de erecci\u00f3n (miembro viril demasiado peque\u00f1o) e incrementa la irrigaci\u00f3n sangu\u00ednea.<\/p>\n<p>Permite obtener una r\u00e1pida erecci\u00f3n en el pene.<\/p>\n<ul>\n<li>PENIS MAXIMUM PFLEGE CREAM aumenta su virilidad.<\/li>\n<li>Adi\u00f3s a los problemas de erecci\u00f3n.<\/li>\n<li>Dermatol\u00f3gicamente testado. Antial\u00e9rgico.<\/li>\n<\/ul>\n<p>No irrita la piel ni mucosas. No tiene propiedades contraceptivas.<\/p>\n<p>Envase de 45 ml.<\/p>","protected":false},"excerpt":{"rendered":"<p>PACKAGING DISPONIBLE EN: \/es\/it\/fr\/pl\/de\/nl\/dk\/en\/ru\/<\/p>","protected":false},"featured_media":53832,"comment_status":"open","ping_status":"closed","template":"","meta":{"_monsterinsights_skip_tracking":false,"_monsterinsights_sitenote_active":false,"_monsterinsights_sitenote_note":"","_monsterinsights_sitenote_category":0,"_joinchat":[]},"product_brand":[],"product_cat":[1350,1203,1342],"product_tag":[],"class_list":{"0":"post-32539","1":"product","2":"type-product","3":"status-publish","4":"has-post-thumbnail","6":"product_cat-drogueria-estimulantes-para-ellosaumento-ereccion","7":"product_cat-drogueria","8":"product_cat-drogueria-estimulantes-para-ellos","9":"yith_product_brand-inverma","11":"first","12":"instock","13":"taxable","14":"shipping-taxable","15":"purchasable","16":"product-type-simple"},"aioseo_notices":[],"_links":{"self":[{"href":"https:\/\/www.mysexualfantasy.eu\/en\/wp-json\/wp\/v2\/product\/32539","targetHints":{"allow":["GET"]}}],"collection":[{"href":"https:\/\/www.mysexualfantasy.eu\/en\/wp-json\/wp\/v2\/product"}],"about":[{"href":"https:\/\/www.mysexualfantasy.eu\/en\/wp-json\/wp\/v2\/types\/product"}],"replies":[{"embeddable":true,"href":"https:\/\/www.mysexualfantasy.eu\/en\/wp-json\/wp\/v2\/comments?post=32539"}],"wp:featuredmedia":[{"embeddable":true,"href":"https:\/\/www.mysexualfantasy.eu\/en\/wp-json\/wp\/v2\/media\/53832"}],"wp:attachment":[{"href":"https:\/\/www.mysexualfantasy.eu\/en\/wp-json\/wp\/v2\/media?parent=32539"}],"wp:term":[{"taxonomy":"product_brand","embeddable":true,"href":"https:\/\/www.mysexualfantasy.eu\/en\/wp-json\/wp\/v2\/product_brand?post=32539"},{"taxonomy":"product_cat","embeddable":true,"href":"https:\/\/www.mysexualfantasy.eu\/en\/wp-json\/wp\/v2\/product_cat?post=32539"},{"taxonomy":"product_tag","embeddable":true,"href":"https:\/\/www.mysexualfantasy.eu\/en\/wp-json\/wp\/v2\/product_tag?post=32539"}],"curies":[{"name":"wp","href":"https:\/\/api.w.org\/{rel}","templated":true}]}}