{"id":3260,"date":"2023-01-13T11:46:05","date_gmt":"2023-01-13T11:46:05","guid":{"rendered":"https:\/\/www.mysexualfantasy.eu\/?post_type=product&#038;p=3260"},"modified":"2023-12-06T15:54:56","modified_gmt":"2023-12-06T15:54:56","slug":"fetish-fantasy-edicion-limitada-plug-anal-principiante-9-cm","status":"publish","type":"product","link":"https:\/\/www.mysexualfantasy.eu\/en\/product\/fetish-fantasy-edicion-limitada-plug-anal-principiante-9-cm\/","title":{"rendered":"FETISH FANTASY LIMITED EDITION &#8211; PLUG ANAL PRINCIPIANTE 9 CM"},"content":{"rendered":"<p>Este plug anal de Edici\u00f3n Limitada es perfecto para los novatos que buscan experimentar con el juego anal.<\/p>\n<p>La suave gelatina con la que est\u00e1 fabricado est\u00e1 libre de ptalatos y es seguro con el cuerpo, adem\u00e1s de perfecto para los principiantes.<\/p>\n<p>La punta es c\u00f3nica para facilitar la entrada y la amplia base asegura una c\u00f3moda extracci\u00f3n. Usa mucho lubricante para un encuentro extra h\u00famedo.<\/p>\n<ul>\n<li>Medidas: 9 cm. longitud x 2 cm. di\u00e1metro.<\/li>\n<\/ul>\n<p>Edici\u00f3n Especial Limitada 50 Sombras, colecci\u00f3n de juguetes del famoso libro del que todo el mundo habla y que se lanzar\u00e1 la pelicula en febrero de 2015 en todos los Cines<\/p>\n<p>\u00a0<\/p>\n<p>\u00a0<\/p>\n<p style=\"text-align: center;\"><iframe allowfullscreen=\"\" frameborder=\"0\" height=\"400\" mozallowfullscreen=\"\" src=\"https:\/\/player.vimeo.com\/video\/118307462\" webkitallowfullscreen=\"\" width=\"700\"><\/iframe><\/p>","protected":false},"excerpt":{"rendered":"<p>FETISH FANTASY LIMITED EDITION &#8211; BEGGINERS BUTT PLUG 9 CM<\/p>","protected":false},"featured_media":42660,"comment_status":"open","ping_status":"closed","template":"","meta":{"_monsterinsights_skip_tracking":false,"_monsterinsights_sitenote_active":false,"_monsterinsights_sitenote_note":"","_monsterinsights_sitenote_category":0,"_joinchat":[]},"product_brand":[],"product_cat":[1162,1175,1306,1152,1189],"product_tag":[],"class_list":{"0":"post-3260","1":"product","2":"type-product","3":"status-publish","4":"has-post-thumbnail","6":"product_cat-juguetes-bienestar-anal","7":"product_cat-bdsm-bondage","8":"product_cat-juguetes-bienestar-analdildos-anales","9":"product_cat-juguetes-bienestar","10":"product_cat-juguetes-bienestar-analplugs-anales","11":"yith_product_brand-pipedreamsfetish-fantasy-ed-limitada","12":"yith_product_brand-pipedreams","14":"first","15":"instock","16":"taxable","17":"shipping-taxable","18":"purchasable","19":"product-type-simple"},"aioseo_notices":[],"_links":{"self":[{"href":"https:\/\/www.mysexualfantasy.eu\/en\/wp-json\/wp\/v2\/product\/3260","targetHints":{"allow":["GET"]}}],"collection":[{"href":"https:\/\/www.mysexualfantasy.eu\/en\/wp-json\/wp\/v2\/product"}],"about":[{"href":"https:\/\/www.mysexualfantasy.eu\/en\/wp-json\/wp\/v2\/types\/product"}],"replies":[{"embeddable":true,"href":"https:\/\/www.mysexualfantasy.eu\/en\/wp-json\/wp\/v2\/comments?post=3260"}],"wp:featuredmedia":[{"embeddable":true,"href":"https:\/\/www.mysexualfantasy.eu\/en\/wp-json\/wp\/v2\/media\/42660"}],"wp:attachment":[{"href":"https:\/\/www.mysexualfantasy.eu\/en\/wp-json\/wp\/v2\/media?parent=3260"}],"wp:term":[{"taxonomy":"product_brand","embeddable":true,"href":"https:\/\/www.mysexualfantasy.eu\/en\/wp-json\/wp\/v2\/product_brand?post=3260"},{"taxonomy":"product_cat","embeddable":true,"href":"https:\/\/www.mysexualfantasy.eu\/en\/wp-json\/wp\/v2\/product_cat?post=3260"},{"taxonomy":"product_tag","embeddable":true,"href":"https:\/\/www.mysexualfantasy.eu\/en\/wp-json\/wp\/v2\/product_tag?post=3260"}],"curies":[{"name":"wp","href":"https:\/\/api.w.org\/{rel}","templated":true}]}}