{"id":32636,"date":"2023-01-13T14:06:29","date_gmt":"2023-01-13T14:06:29","guid":{"rendered":"https:\/\/www.mysexualfantasy.eu\/?post_type=product&#038;p=32636"},"modified":"2023-12-06T16:22:33","modified_gmt":"2023-12-06T16:22:33","slug":"coquette-chic-desire-collar-cuero-vegano-accesorio-woman-cascabel-2","status":"publish","type":"product","link":"https:\/\/www.mysexualfantasy.eu\/en\/product\/coquette-chic-desire-collar-cuero-vegano-accesorio-woman-cascabel-2\/","title":{"rendered":"COQUETTE CHIC DESIRE &#8211; COLLAR CUERO VEGANO ACCESORIO WOMAN CASCABEL"},"content":{"rendered":"<p>La colecci\u00f3n de accesorios de Coquette\u00a0Chic Desire es exclusivamente realizada en cuero vegano cuidadosamente fabricada para que cada detalle en el cuerpo de la mujer brille cada segundo.<\/p>\n<p>Este collar fetiche es una pieza exclusiva de cuero vegano para complementar como accesorio a tu vestuario.<\/p>\n<p>Hecho de cuero vegano cuenta con un cierre seguro de tres broches que permiten ajustarse a todos los tama\u00f1os de cuello, siendo confortable. \u00a0<\/p>\n<ul>\n<li>Cuello (ajustable)<\/li>\n<li>Longitud: 43 cm<\/li>\n<li>Altura 2 cm<\/li>\n<li>Cuero Vegano<\/li>\n<li>Metal Libre de niquel<\/li>\n<\/ul>\n<p><strong>LA MARCA COQUETTE\u00a0CHIC DESIRE<\/strong><\/p>\n<p>Llega las novedades de la colecci\u00f3n COQUETTE CHIC DESIRE con inspiraci\u00f3n femenina y elegante. La marca se une a los adeptos del lujo placer vida  sensualidad armon\u00eda elplacercongarant\u00edas y nos ofrece looks \u00fanicos en la jugueter\u00eda sexual aptos para cualquier ocasi\u00f3n. \u201cNos trasladamos a newyork donde las tiendas inspiran a todos los humanos para convertir la inspiraci\u00f3n en realidad a trav\u00e9s de Coquette Chic Desire\u201d\u201d<\/p>\n<p>La mujer del siglo XXI es s\u00edmbolo de prosperidad, estabilidad y elegancia. Todo va asociado a la felicidad sexual y la paz interior, y para ello nace COQUETTE CHIC DESIRE, una marca 100% inspirada en la mujer del siglo XXI europea.<\/p>","protected":false},"excerpt":{"rendered":"<p>COQUETTE CHIC DESIRE &#8211; HAND CRAFTED CHOKER JINGLE BELL<\/p>","protected":false},"featured_media":64829,"comment_status":"open","ping_status":"closed","template":"","meta":{"_monsterinsights_skip_tracking":false,"_monsterinsights_sitenote_active":false,"_monsterinsights_sitenote_note":"","_monsterinsights_sitenote_category":0,"_joinchat":[]},"product_brand":[],"product_cat":[1175,1178,1398,1152,1166],"product_tag":[],"class_list":{"0":"post-32636","1":"product","2":"type-product","3":"status-publish","4":"has-post-thumbnail","6":"product_cat-bdsm-bondage","7":"product_cat-bdsm-bondage-bondage","8":"product_cat-bdsm-bondage-bondagecollares","9":"product_cat-juguetes-bienestar","10":"product_cat-moda-lenceria","11":"yith_product_brand-coquette-chic-desirecoquette-accessories","12":"yith_product_brand-coquette-chic-desire","14":"first","15":"instock","16":"taxable","17":"shipping-taxable","18":"purchasable","19":"product-type-simple"},"aioseo_notices":[],"_links":{"self":[{"href":"https:\/\/www.mysexualfantasy.eu\/en\/wp-json\/wp\/v2\/product\/32636","targetHints":{"allow":["GET"]}}],"collection":[{"href":"https:\/\/www.mysexualfantasy.eu\/en\/wp-json\/wp\/v2\/product"}],"about":[{"href":"https:\/\/www.mysexualfantasy.eu\/en\/wp-json\/wp\/v2\/types\/product"}],"replies":[{"embeddable":true,"href":"https:\/\/www.mysexualfantasy.eu\/en\/wp-json\/wp\/v2\/comments?post=32636"}],"wp:featuredmedia":[{"embeddable":true,"href":"https:\/\/www.mysexualfantasy.eu\/en\/wp-json\/wp\/v2\/media\/64829"}],"wp:attachment":[{"href":"https:\/\/www.mysexualfantasy.eu\/en\/wp-json\/wp\/v2\/media?parent=32636"}],"wp:term":[{"taxonomy":"product_brand","embeddable":true,"href":"https:\/\/www.mysexualfantasy.eu\/en\/wp-json\/wp\/v2\/product_brand?post=32636"},{"taxonomy":"product_cat","embeddable":true,"href":"https:\/\/www.mysexualfantasy.eu\/en\/wp-json\/wp\/v2\/product_cat?post=32636"},{"taxonomy":"product_tag","embeddable":true,"href":"https:\/\/www.mysexualfantasy.eu\/en\/wp-json\/wp\/v2\/product_tag?post=32636"}],"curies":[{"name":"wp","href":"https:\/\/api.w.org\/{rel}","templated":true}]}}