{"id":32650,"date":"2023-01-13T13:21:33","date_gmt":"2023-01-13T13:21:33","guid":{"rendered":"https:\/\/www.mysexualfantasy.eu\/?post_type=product&#038;p=32650"},"modified":"2023-12-06T17:00:06","modified_gmt":"2023-12-06T17:00:06","slug":"coquette-chic-desire-antifaz-encaje-negro-2","status":"publish","type":"product","link":"https:\/\/www.mysexualfantasy.eu\/en\/product\/coquette-chic-desire-antifaz-encaje-negro-2\/","title":{"rendered":"COQUETTE CHIC DESIRE &#8211; ANTIFAZ ENCAJE NEGRO FINO"},"content":{"rendered":"<p>Es su vida sexual lo suficientemente excitante? \u00a1A\u00f1ada este antifaz de encaje de Coquette Chic Desire! Gracias a que este material permite pasar un poco de luz, se reduce su visi\u00f3n, pero sus otros sentidos estar\u00e1n m\u00e1s despiertos.<\/p>\n<ul>\n<li>Utilice este producto solo o en combinaci\u00f3n con otros productos de Coquette\u00a0Chic Desire<\/li>\n<\/ul>\n<p><strong>LA MARCA COQUETTE\u00a0CHIC DESIRE<\/strong><\/p>\n<p>Llega las novedades de la colecci\u00f3n COQUETTE\u00a0CHIC DESIRE con inspiraci\u00f3n femenina y elegante. La marca se une a los adeptos del lujo placer vida  sensualidad armon\u00eda elplacercongarant\u00edas y nos ofrece looks \u00fanicos en la jugueter\u00eda sexual aptos para cualquier ocasi\u00f3n. \u201cNos trasladamos a newyork donde las tiendas inspiran a todos los humanos para convertir la inspiraci\u00f3n en realidad a trav\u00e9s de Coquette Chic Desire\u201d<\/p>\n<p>La mujer del siglo XXI es s\u00edmbolo de prosperidad, estabilidad y elegancia. Todo va asociado a la felicidad sexual y la paz interior, y para ello nace COQUETTE CHIC DESIRE, una marca 100% inspirada en la mujer del siglo XXI europea.<\/p>","protected":false},"excerpt":{"rendered":"<p>COQUETTE CHIC DESIRE &#8211; LACE MASK BLACK<\/p>","protected":false},"featured_media":58406,"comment_status":"open","ping_status":"closed","template":"","meta":{"_monsterinsights_skip_tracking":false,"_monsterinsights_sitenote_active":false,"_monsterinsights_sitenote_note":"","_monsterinsights_sitenote_category":0,"_joinchat":[]},"product_brand":[],"product_cat":[1323,1175,1178,1152,1196,1199,1400,1432,1247,1166],"product_tag":[],"class_list":{"0":"post-32650","1":"product","2":"type-product","3":"status-publish","4":"has-post-thumbnail","6":"product_cat-moda-lencerialenceria-mujeraccesorios","7":"product_cat-bdsm-bondage","8":"product_cat-bdsm-bondage-bondage","9":"product_cat-juguetes-bienestar","10":"product_cat-moda-lencerialenceria-mujer","11":"product_cat-moda-lencerialenceria-mujerlenceria-sexy","12":"product_cat-bdsm-bondage-bondagemascaras","13":"product_cat-moda-lencerialenceria-mujeraccesoriosmascaras","14":"product_cat-juguetes-bienestar-mascaras-y-esposas","15":"product_cat-moda-lenceria","16":"yith_product_brand-coquette-chic-desirecoquette-accessories","17":"yith_product_brand-coquette-chic-desire","19":"first","20":"instock","21":"taxable","22":"shipping-taxable","23":"purchasable","24":"product-type-simple"},"aioseo_notices":[],"_links":{"self":[{"href":"https:\/\/www.mysexualfantasy.eu\/en\/wp-json\/wp\/v2\/product\/32650","targetHints":{"allow":["GET"]}}],"collection":[{"href":"https:\/\/www.mysexualfantasy.eu\/en\/wp-json\/wp\/v2\/product"}],"about":[{"href":"https:\/\/www.mysexualfantasy.eu\/en\/wp-json\/wp\/v2\/types\/product"}],"replies":[{"embeddable":true,"href":"https:\/\/www.mysexualfantasy.eu\/en\/wp-json\/wp\/v2\/comments?post=32650"}],"wp:featuredmedia":[{"embeddable":true,"href":"https:\/\/www.mysexualfantasy.eu\/en\/wp-json\/wp\/v2\/media\/58406"}],"wp:attachment":[{"href":"https:\/\/www.mysexualfantasy.eu\/en\/wp-json\/wp\/v2\/media?parent=32650"}],"wp:term":[{"taxonomy":"product_brand","embeddable":true,"href":"https:\/\/www.mysexualfantasy.eu\/en\/wp-json\/wp\/v2\/product_brand?post=32650"},{"taxonomy":"product_cat","embeddable":true,"href":"https:\/\/www.mysexualfantasy.eu\/en\/wp-json\/wp\/v2\/product_cat?post=32650"},{"taxonomy":"product_tag","embeddable":true,"href":"https:\/\/www.mysexualfantasy.eu\/en\/wp-json\/wp\/v2\/product_tag?post=32650"}],"curies":[{"name":"wp","href":"https:\/\/api.w.org\/{rel}","templated":true}]}}