{"id":32652,"date":"2023-01-13T14:06:36","date_gmt":"2023-01-13T14:06:36","guid":{"rendered":"https:\/\/www.mysexualfantasy.eu\/?post_type=product&#038;p=32652"},"modified":"2023-12-06T17:00:08","modified_gmt":"2023-12-06T17:00:08","slug":"coquette-chic-desire-diadema-con-orejas-de-gato","status":"publish","type":"product","link":"https:\/\/www.mysexualfantasy.eu\/en\/product\/coquette-chic-desire-diadema-con-orejas-de-gato\/","title":{"rendered":"COQUETTE CHIC DESIRE &#8211; DIADEMA CON OREJAS DE GATO"},"content":{"rendered":"<p>Original diadema con orejas de gato fabricado en cuero vegano. Un producto original que puede complementar tus conjuntos de lencer\u00eda.<\/p>\n<ul>\n<li>Utilice este producto solo o en combinaci\u00f3n con otros productos de Coquette\u00a0Chic Desire<\/li>\n<\/ul>\n<p><strong>LA MARCA COQUETTE\u00a0CHIC DESIRE<\/strong><\/p>\n<p>Llega las novedades de la colecci\u00f3n COQUETTE\u00a0CHIC DESIRE con inspiraci\u00f3n femenina y elegante. La marca se une a los adeptos del lujo placer vida  sensualidad armon\u00eda elplacercongarant\u00edas y nos ofrece looks \u00fanicos en la jugueter\u00eda sexual aptos para cualquier ocasi\u00f3n. \u201cNos trasladamos a newyork donde las tiendas inspiran a todos los humanos para convertir la inspiraci\u00f3n en realidad a trav\u00e9s de Coquette Chic Desire\u201d<\/p>\n<p>La mujer del siglo XXI es s\u00edmbolo de prosperidad, estabilidad y elegancia. Todo va asociado a la felicidad sexual y la paz interior, y para ello nace COQUETTE CHIC DESIRE, una marca 100% inspirada en la mujer del siglo XXI europea.<\/p>","protected":false},"excerpt":{"rendered":"<p>COQUETTE CHIC DESIRE &#8211; HEADBAND WITH CAT EARS<\/p>","protected":false},"featured_media":64849,"comment_status":"open","ping_status":"closed","template":"","meta":{"_monsterinsights_skip_tracking":false,"_monsterinsights_sitenote_active":false,"_monsterinsights_sitenote_note":"","_monsterinsights_sitenote_category":0,"_joinchat":[]},"product_brand":[],"product_cat":[1323,1176,1175,1262,1152,1196,1411,1166,1431],"product_tag":[],"class_list":{"0":"post-32652","1":"product","2":"type-product","3":"status-publish","4":"has-post-thumbnail","6":"product_cat-moda-lencerialenceria-mujeraccesorios","7":"product_cat-bdsm-bondage-articulos-bdsm","8":"product_cat-bdsm-bondage","9":"product_cat-moda-lencerialenceria-mujerdisfraces-mujer","10":"product_cat-juguetes-bienestar","11":"product_cat-moda-lencerialenceria-mujer","12":"product_cat-bdsm-bondage-articulos-bdsmmoda-bdsm","13":"product_cat-moda-lenceria","14":"product_cat-moda-lencerialenceria-mujerdisfraces-mujerotros-disfraces","15":"yith_product_brand-coquette-chic-desirecoquette-accessories","16":"yith_product_brand-coquette-chic-desire","18":"first","19":"instock","20":"taxable","21":"shipping-taxable","22":"purchasable","23":"product-type-simple"},"aioseo_notices":[],"_links":{"self":[{"href":"https:\/\/www.mysexualfantasy.eu\/en\/wp-json\/wp\/v2\/product\/32652","targetHints":{"allow":["GET"]}}],"collection":[{"href":"https:\/\/www.mysexualfantasy.eu\/en\/wp-json\/wp\/v2\/product"}],"about":[{"href":"https:\/\/www.mysexualfantasy.eu\/en\/wp-json\/wp\/v2\/types\/product"}],"replies":[{"embeddable":true,"href":"https:\/\/www.mysexualfantasy.eu\/en\/wp-json\/wp\/v2\/comments?post=32652"}],"wp:featuredmedia":[{"embeddable":true,"href":"https:\/\/www.mysexualfantasy.eu\/en\/wp-json\/wp\/v2\/media\/64849"}],"wp:attachment":[{"href":"https:\/\/www.mysexualfantasy.eu\/en\/wp-json\/wp\/v2\/media?parent=32652"}],"wp:term":[{"taxonomy":"product_brand","embeddable":true,"href":"https:\/\/www.mysexualfantasy.eu\/en\/wp-json\/wp\/v2\/product_brand?post=32652"},{"taxonomy":"product_cat","embeddable":true,"href":"https:\/\/www.mysexualfantasy.eu\/en\/wp-json\/wp\/v2\/product_cat?post=32652"},{"taxonomy":"product_tag","embeddable":true,"href":"https:\/\/www.mysexualfantasy.eu\/en\/wp-json\/wp\/v2\/product_tag?post=32652"}],"curies":[{"name":"wp","href":"https:\/\/api.w.org\/{rel}","templated":true}]}}