{"id":3266,"date":"2023-01-13T11:41:36","date_gmt":"2023-01-13T11:41:36","guid":{"rendered":"https:\/\/www.mysexualfantasy.eu\/?post_type=product&#038;p=3266"},"modified":"2023-12-06T14:52:24","modified_gmt":"2023-12-06T14:52:24","slug":"kit-fetish-fantasy-edicion-limitada","status":"publish","type":"product","link":"https:\/\/www.mysexualfantasy.eu\/en\/product\/kit-fetish-fantasy-edicion-limitada\/","title":{"rendered":"FETISH FANTASY LIMITED EDITION &#8211; KIT FETISH"},"content":{"rendered":"<p>Es un kit de bondage para utilizar en la cama, de la Edici\u00f3n Limitada 50 Sombras de FETISH FANTASY.<\/p>\n<p>Con este juego de rol, aplica la Ley de los deseos m\u00e1s profundos y por turnos, igual tienes el control, que a los pocos minutos los papeles se invierten. Qui\u00e9n es el verdadero maestro?.<\/p>\n<p>El Kit incluye:<br \/>\u00a0<\/p>\n<ul>\n<li>Fusta con pluma negra.<\/li>\n<li>Mordaza transpirable.<\/li>\n<li>Plug anal principiante 9 cm.<\/li>\n<li>pinzas para pezones.<\/li>\n<li>L\u00e1tigo azotador de piel negro.<\/li>\n<li>M\u00e1scara satinada.<\/li>\n<li>Esposas de metal.<\/li>\n<li>Masajeador con accesorios edici\u00f3n mini.<\/li>\n<li>Pluma del amor<\/li>\n<li>Vela masaje<\/li>\n<li>Bolas geisha<\/li>\n<\/ul>\n<p>Edici\u00f3n Especial Limitada 50 Sombras, colecci\u00f3n de juguetes del famoso libro del que todo el mundo habla y que se lanzar\u00e1 la pelicula en febrero de 2015 en todos los Cines<\/p>\n<p>Fotos Orientativas, Colores y articulos pueden variar.<\/p>\n<p style=\"text-align: center;\"><iframe allowfullscreen=\"\" frameborder=\"0\" height=\"360\" mozallowfullscreen=\"\" src=\"https:\/\/player.vimeo.com\/video\/136973338\" webkitallowfullscreen=\"\" width=\"640\"><\/iframe><\/p>","protected":false},"excerpt":{"rendered":"<p>FETISH FANTASY LIMITED EDITION &#8211; KIT FETISH<\/p>","protected":false},"featured_media":41264,"comment_status":"open","ping_status":"closed","template":"","meta":{"_monsterinsights_skip_tracking":false,"_monsterinsights_sitenote_active":false,"_monsterinsights_sitenote_note":"","_monsterinsights_sitenote_category":0,"_joinchat":[]},"product_brand":[],"product_cat":[1175,1152,1185],"product_tag":[],"class_list":{"0":"post-3266","1":"product","2":"type-product","3":"status-publish","4":"has-post-thumbnail","6":"product_cat-bdsm-bondage","7":"product_cat-juguetes-bienestar","8":"product_cat-juguetes-bienestar-kits-juguetes-sexuales","9":"yith_product_brand-pipedreamsfetish-fantasy-ed-limitada","10":"yith_product_brand-pipedreams","12":"first","13":"instock","14":"taxable","15":"shipping-taxable","16":"purchasable","17":"product-type-simple"},"aioseo_notices":[],"_links":{"self":[{"href":"https:\/\/www.mysexualfantasy.eu\/en\/wp-json\/wp\/v2\/product\/3266","targetHints":{"allow":["GET"]}}],"collection":[{"href":"https:\/\/www.mysexualfantasy.eu\/en\/wp-json\/wp\/v2\/product"}],"about":[{"href":"https:\/\/www.mysexualfantasy.eu\/en\/wp-json\/wp\/v2\/types\/product"}],"replies":[{"embeddable":true,"href":"https:\/\/www.mysexualfantasy.eu\/en\/wp-json\/wp\/v2\/comments?post=3266"}],"wp:featuredmedia":[{"embeddable":true,"href":"https:\/\/www.mysexualfantasy.eu\/en\/wp-json\/wp\/v2\/media\/41264"}],"wp:attachment":[{"href":"https:\/\/www.mysexualfantasy.eu\/en\/wp-json\/wp\/v2\/media?parent=3266"}],"wp:term":[{"taxonomy":"product_brand","embeddable":true,"href":"https:\/\/www.mysexualfantasy.eu\/en\/wp-json\/wp\/v2\/product_brand?post=3266"},{"taxonomy":"product_cat","embeddable":true,"href":"https:\/\/www.mysexualfantasy.eu\/en\/wp-json\/wp\/v2\/product_cat?post=3266"},{"taxonomy":"product_tag","embeddable":true,"href":"https:\/\/www.mysexualfantasy.eu\/en\/wp-json\/wp\/v2\/product_tag?post=3266"}],"curies":[{"name":"wp","href":"https:\/\/api.w.org\/{rel}","templated":true}]}}