{"id":32673,"date":"2023-01-13T14:54:49","date_gmt":"2023-01-13T14:54:49","guid":{"rendered":"https:\/\/www.mysexualfantasy.eu\/?post_type=product&#038;p=32673"},"modified":"2023-12-06T16:05:09","modified_gmt":"2023-12-06T16:05:09","slug":"satisfyer-dual-pleasure-air-pulse-malva","status":"publish","type":"product","link":"https:\/\/www.mysexualfantasy.eu\/en\/product\/satisfyer-dual-pleasure-air-pulse-malva\/","title":{"rendered":"SATISFYER DUAL PLEASURE AIR PULSE MALVA"},"content":{"rendered":"<p>Doble diversi\u00f3n, doble placer: el nuevo Satisfyer DUAL PLEASURE es un estimulador del cl\u00edtoris con Bluetooth y un vibrador interno del punto G. Hecho para combinar con la galardonada aplicaci\u00f3n Satisfyer Connect, \u00a1DUAL PLEASURE acaba de llevar tu viaje sensual a un nuevo nivel!<\/p>\n<p>El elegante dise\u00f1o minimalista del DUAL PLEASURE presenta aspectos multifuncionales, con la opci\u00f3n de controlar de forma independiente las ondas de presi\u00f3n del pulso de aire del cl\u00edtoris o las vibraciones estimulantes del punto G. Disponible en blanco y malva, el DUAL PLEASURE est\u00e1 hecho de silicona 100% segura para el cuerpo.\u00a0<\/p>\n<ul>\n<li>Este ambiente sensual es suave al tacto y cuenta con una c\u00e1mara Air Pulse m\u00e1s precisa para una estimulaci\u00f3n concentrada.<\/li>\n<\/ul>\n<p>Adem\u00e1s, gracias a su dise\u00f1o sensualmente curvo, cuando se gira para uso interno, el DUAL PLEASURE se puede usar f\u00e1cilmente para inclinarlo hacia el preciado punto g.<\/p>\n<p>El DUAL PLEASURE viene equipado a prueba de agua, para todas sus necesidades sensuales. Ya sea que desee la estimulaci\u00f3n del cl\u00edtoris o el juego er\u00f3geno externo, \u00a1DUAL PLEASURE lo tiene cubierto de todas las maneras correctas!<\/p>\n<ul>\n<li>Modo susurro<\/li>\n<li>Recargable<\/li>\n<li>IPX7 impermeable<\/li>\n<li>Silicona respetuosa con el cuerpo<\/li>\n<li>Compatible con cualquier tel\u00e9fono inteligente, tableta y Apple Watch de Android o Apple<\/li>\n<li>Interminable variedad de programas con la aplicaci\u00f3n Satisfyer (tambi\u00e9n se puede utilizar sin la aplicaci\u00f3n)<\/li>\n<\/ul>","protected":false},"excerpt":{"rendered":"<p>SATISFYER DUAL PLEASURE AIR PULSE VIBRATOR MAUVE<\/p>","protected":false},"featured_media":72466,"comment_status":"open","ping_status":"closed","template":"","meta":{"_monsterinsights_skip_tracking":false,"_monsterinsights_sitenote_active":false,"_monsterinsights_sitenote_note":"","_monsterinsights_sitenote_category":0,"_joinchat":[]},"product_brand":[],"product_cat":[1156,1152,1155,1165,1163,1314,1153,1275],"product_tag":[],"class_list":{"0":"post-32673","1":"product","2":"type-product","3":"status-publish","4":"has-post-thumbnail","6":"product_cat-juguetes-bienestar-juguetes-para-mujeresestimuladores","7":"product_cat-juguetes-bienestar","8":"product_cat-juguetes-bienestar-juguetes-para-mujeres","9":"product_cat-juguetes-bienestar-juguetes-para-mujeresmasturbadores-para-ellas","10":"product_cat-juguetes-bienestar-juguetes-para-mujeresestimuladorespara-clitoris","11":"product_cat-juguetes-bienestar-juguetes-para-mujeressuccionadores","12":"product_cat-juguetes-bienestar-vibradores","13":"product_cat-juguetes-bienestar-vibradoresvibradores-con-app","14":"yith_product_brand-satisfyer","15":"yith_product_brand-satisfyer-satisfyer-connect","17":"first","18":"instock","19":"taxable","20":"shipping-taxable","21":"purchasable","22":"product-type-simple"},"aioseo_notices":[],"_links":{"self":[{"href":"https:\/\/www.mysexualfantasy.eu\/en\/wp-json\/wp\/v2\/product\/32673","targetHints":{"allow":["GET"]}}],"collection":[{"href":"https:\/\/www.mysexualfantasy.eu\/en\/wp-json\/wp\/v2\/product"}],"about":[{"href":"https:\/\/www.mysexualfantasy.eu\/en\/wp-json\/wp\/v2\/types\/product"}],"replies":[{"embeddable":true,"href":"https:\/\/www.mysexualfantasy.eu\/en\/wp-json\/wp\/v2\/comments?post=32673"}],"wp:featuredmedia":[{"embeddable":true,"href":"https:\/\/www.mysexualfantasy.eu\/en\/wp-json\/wp\/v2\/media\/72466"}],"wp:attachment":[{"href":"https:\/\/www.mysexualfantasy.eu\/en\/wp-json\/wp\/v2\/media?parent=32673"}],"wp:term":[{"taxonomy":"product_brand","embeddable":true,"href":"https:\/\/www.mysexualfantasy.eu\/en\/wp-json\/wp\/v2\/product_brand?post=32673"},{"taxonomy":"product_cat","embeddable":true,"href":"https:\/\/www.mysexualfantasy.eu\/en\/wp-json\/wp\/v2\/product_cat?post=32673"},{"taxonomy":"product_tag","embeddable":true,"href":"https:\/\/www.mysexualfantasy.eu\/en\/wp-json\/wp\/v2\/product_tag?post=32673"}],"curies":[{"name":"wp","href":"https:\/\/api.w.org\/{rel}","templated":true}]}}