{"id":3268,"date":"2023-01-13T13:26:47","date_gmt":"2023-01-13T13:26:47","guid":{"rendered":"https:\/\/www.mysexualfantasy.eu\/?post_type=product&#038;p=3268"},"modified":"2023-12-06T15:33:43","modified_gmt":"2023-12-06T15:33:43","slug":"tenga-huevo-masturbador-enamorados","status":"publish","type":"product","link":"https:\/\/www.mysexualfantasy.eu\/en\/product\/tenga-huevo-masturbador-enamorados\/","title":{"rendered":"TENGA HUEVO MASTURBADOR ENAMORADOS"},"content":{"rendered":"<p>Tenga es la marca lider japonesa que ha revolucionado el mundo de los juguetes adultos masculinos con sus productos innovadores, de calidad y dise\u00f1o discreto.<\/p>\n<p>La serie TENGA EGG se ampl\u00eda con el nuevo LOVERS EGG, una edici\u00f3n especial de San Valent\u00edn pensado para las parejas. Se diferencia de los dem\u00e1s por su aspecto elegante y sus relieves internos en forma de coraz\u00f3n.<\/p>\n<p>Para usarlo, tan solo hay que retirar el envoltorio y lubricarlo con la loci\u00f3n lubricante que viene incluida. Colocar en la punta como si de un preservativo se tratase y estirar hacia abajo.<\/p>\n<p>Los huevos Tenga Egg, permiten una masturbaci\u00f3n placentera y suave, produciendo sensaciones al contacto de la piel, nunca antes experimentadas. Con dise\u00f1o interior en forma de corazones, en los colores negro y rosa metalizado. Fabricado en silicona fina y transparente que se adapta a la temperatura corporal instant\u00e1neamente. Lubricante incluido.<\/p>\n<p>Dise\u00f1ado para un solo uso.<\/p>\n<p>Atr\u00e9vete a descubrir el otro lado de la masturbaci\u00f3n.<\/p>\n<p style=\"text-align: center;\">\u00a0<\/p>","protected":false},"excerpt":{"rendered":"<p>TENGA EGG LOVERS EASY BEAT<\/p>","protected":false},"featured_media":59348,"comment_status":"open","ping_status":"closed","template":"","meta":{"_monsterinsights_skip_tracking":false,"_monsterinsights_sitenote_active":false,"_monsterinsights_sitenote_note":"","_monsterinsights_sitenote_category":0,"_joinchat":[]},"product_brand":[],"product_cat":[1152,1160,1167,1168],"product_tag":[],"class_list":{"0":"post-3268","1":"product","2":"type-product","3":"status-publish","4":"has-post-thumbnail","6":"product_cat-juguetes-bienestar","7":"product_cat-juguetes-bienestar-juguetes-para-hombres","8":"product_cat-juguetes-bienestar-juguetes-para-hombresmasturbadores-para-ellos","9":"product_cat-juguetes-bienestar-juguetes-para-hombresvaginas-y-anos","10":"yith_product_brand-tenga","12":"first","13":"instock","14":"taxable","15":"shipping-taxable","16":"purchasable","17":"product-type-simple"},"aioseo_notices":[],"_links":{"self":[{"href":"https:\/\/www.mysexualfantasy.eu\/en\/wp-json\/wp\/v2\/product\/3268","targetHints":{"allow":["GET"]}}],"collection":[{"href":"https:\/\/www.mysexualfantasy.eu\/en\/wp-json\/wp\/v2\/product"}],"about":[{"href":"https:\/\/www.mysexualfantasy.eu\/en\/wp-json\/wp\/v2\/types\/product"}],"replies":[{"embeddable":true,"href":"https:\/\/www.mysexualfantasy.eu\/en\/wp-json\/wp\/v2\/comments?post=3268"}],"wp:featuredmedia":[{"embeddable":true,"href":"https:\/\/www.mysexualfantasy.eu\/en\/wp-json\/wp\/v2\/media\/59348"}],"wp:attachment":[{"href":"https:\/\/www.mysexualfantasy.eu\/en\/wp-json\/wp\/v2\/media?parent=3268"}],"wp:term":[{"taxonomy":"product_brand","embeddable":true,"href":"https:\/\/www.mysexualfantasy.eu\/en\/wp-json\/wp\/v2\/product_brand?post=3268"},{"taxonomy":"product_cat","embeddable":true,"href":"https:\/\/www.mysexualfantasy.eu\/en\/wp-json\/wp\/v2\/product_cat?post=3268"},{"taxonomy":"product_tag","embeddable":true,"href":"https:\/\/www.mysexualfantasy.eu\/en\/wp-json\/wp\/v2\/product_tag?post=3268"}],"curies":[{"name":"wp","href":"https:\/\/api.w.org\/{rel}","templated":true}]}}