{"id":32700,"date":"2023-01-13T11:42:01","date_gmt":"2023-01-13T11:42:01","guid":{"rendered":"https:\/\/www.mysexualfantasy.eu\/?post_type=product&#038;p=32700"},"modified":"2023-12-06T15:40:45","modified_gmt":"2023-12-06T15:40:45","slug":"tenga-masturbator-geo-glacier","status":"publish","type":"product","link":"https:\/\/www.mysexualfantasy.eu\/en\/product\/tenga-masturbator-geo-glacier\/","title":{"rendered":"TENGA MASTURBATOR GEO GLACIER"},"content":{"rendered":"<p>Impresionantes detalles dimensionales.<br \/>Destacadas sensaciones geom\u00e9tricas.<\/p>\n<p>Detalles intrincados, inspirados en las matem\u00e1ticas y la naturaleza, adornan el exterior del TENGA GEO.<br \/>Dale la vuelta al GEO y estas formas geom\u00e9tricas se transformar\u00e1n en detalles internos densamente empaquetados.<br \/>Hecho de un material personalizado grueso y suave, disfrute de las sensaciones que se encuentran en estos intrincados detalles.<\/p>\n<ul>\n<li>Invertir el producto para su uso<\/li>\n<li>Art\u00edculo reutilizable y f\u00e1cil de lavar (se incluye una bolsa de muestra de loci\u00f3n)<\/li>\n<li>Incluye soporte para secado higi\u00e9nico<\/li>\n<\/ul>\n<p>Glaciar: prismas angulares para un placer din\u00e1mico e intenso.<\/p>\n<ul>\n<li>Especificaciones:<\/li>\n<li>Tama\u00f1o del producto: 87x87x86 mm<\/li>\n<li>Peso del producto: 200 g<\/li>\n<li>Otra informaci\u00f3n: lubricante de muestra reutilizable incluido<\/li>\n<\/ul>","protected":false},"excerpt":{"rendered":"<p>TENGA GEO GLACIER<\/p>","protected":false},"featured_media":41404,"comment_status":"open","ping_status":"closed","template":"","meta":{"_monsterinsights_skip_tracking":false,"_monsterinsights_sitenote_active":false,"_monsterinsights_sitenote_note":"","_monsterinsights_sitenote_category":0,"_joinchat":[]},"product_brand":[],"product_cat":[1152,1160,1167],"product_tag":[],"class_list":{"0":"post-32700","1":"product","2":"type-product","3":"status-publish","4":"has-post-thumbnail","6":"product_cat-juguetes-bienestar","7":"product_cat-juguetes-bienestar-juguetes-para-hombres","8":"product_cat-juguetes-bienestar-juguetes-para-hombresmasturbadores-para-ellos","9":"yith_product_brand-tenga","11":"first","12":"instock","13":"taxable","14":"shipping-taxable","15":"purchasable","16":"product-type-simple"},"aioseo_notices":[],"_links":{"self":[{"href":"https:\/\/www.mysexualfantasy.eu\/en\/wp-json\/wp\/v2\/product\/32700","targetHints":{"allow":["GET"]}}],"collection":[{"href":"https:\/\/www.mysexualfantasy.eu\/en\/wp-json\/wp\/v2\/product"}],"about":[{"href":"https:\/\/www.mysexualfantasy.eu\/en\/wp-json\/wp\/v2\/types\/product"}],"replies":[{"embeddable":true,"href":"https:\/\/www.mysexualfantasy.eu\/en\/wp-json\/wp\/v2\/comments?post=32700"}],"wp:featuredmedia":[{"embeddable":true,"href":"https:\/\/www.mysexualfantasy.eu\/en\/wp-json\/wp\/v2\/media\/41404"}],"wp:attachment":[{"href":"https:\/\/www.mysexualfantasy.eu\/en\/wp-json\/wp\/v2\/media?parent=32700"}],"wp:term":[{"taxonomy":"product_brand","embeddable":true,"href":"https:\/\/www.mysexualfantasy.eu\/en\/wp-json\/wp\/v2\/product_brand?post=32700"},{"taxonomy":"product_cat","embeddable":true,"href":"https:\/\/www.mysexualfantasy.eu\/en\/wp-json\/wp\/v2\/product_cat?post=32700"},{"taxonomy":"product_tag","embeddable":true,"href":"https:\/\/www.mysexualfantasy.eu\/en\/wp-json\/wp\/v2\/product_tag?post=32700"}],"curies":[{"name":"wp","href":"https:\/\/api.w.org\/{rel}","templated":true}]}}