{"id":32705,"date":"2023-01-13T11:42:06","date_gmt":"2023-01-13T11:42:06","guid":{"rendered":"https:\/\/www.mysexualfantasy.eu\/?post_type=product&#038;p=32705"},"modified":"2023-12-06T15:40:52","modified_gmt":"2023-12-06T15:40:52","slug":"tenga-air-tech-masturbador-squeeze-strong","status":"publish","type":"product","link":"https:\/\/www.mysexualfantasy.eu\/en\/product\/tenga-air-tech-masturbador-squeeze-strong\/","title":{"rendered":"TENGA AIR-TECH MASTURBADOR SQUEEZE STRONG"},"content":{"rendered":"<p>Las mullidas c\u00e1maras con colch\u00f3n de aire y la estructura Air-Flow de la serie AIR-TECH ahora cuentan con una nueva envoltura flexible, que nos permite ofrecerte un placer reutilizable donde eres t\u00fa quien tiene el control.<\/p>\n<p>La innovadora forma de su envoltura hace que resulte f\u00e1cil de agarrar y te permite disfrutar de nuevos matices de estimulaci\u00f3n.<br \/>Al tapar el orificio de aire, seguir\u00e1s obteniendo la misma sensaci\u00f3n se succi\u00f3n potente. Gracias a su punto de inserci\u00f3n m\u00e1s grueso, sentir\u00e1s las sensaciones en todo momento hasta la inserci\u00f3n total.<br \/>\u00a1Disfruta de las sensaciones de presi\u00f3n flexible que el AIR-TECH Squeeze pone al alcance de tu mano!<\/p>\n<p>AIR-TECH Squeeze STRONG<br \/>\u00a1Su elast\u00f3mero duro y sus formas pronunciadas producen sensaciones intensas y originales!<\/p>\n<ul>\n<li>Tama\u00f1o del producto80\u00d780\u00d7170 mm \/ (An.)\u00d7(L.)\u00d7(Al.)<\/li>\n<li>Tama\u00f1o embalado80\u00d780\u00d7170 mm \/ (An.)\u00d7(L.)\u00d7(Al.)<\/li>\n<li>Peso del productoAprox. 250 g<\/li>\n<li>Otros datosReutilizable<\/li>\n<li>Lubricante incluido<\/li>\n<\/ul>","protected":false},"excerpt":{"rendered":"<p>TENGA AIR-TECH SQUEEZE STRONG<\/p>","protected":false},"featured_media":41427,"comment_status":"open","ping_status":"closed","template":"","meta":{"_monsterinsights_skip_tracking":false,"_monsterinsights_sitenote_active":false,"_monsterinsights_sitenote_note":"","_monsterinsights_sitenote_category":0,"_joinchat":[]},"product_brand":[],"product_cat":[1152,1160,1167],"product_tag":[],"class_list":{"0":"post-32705","1":"product","2":"type-product","3":"status-publish","4":"has-post-thumbnail","6":"product_cat-juguetes-bienestar","7":"product_cat-juguetes-bienestar-juguetes-para-hombres","8":"product_cat-juguetes-bienestar-juguetes-para-hombresmasturbadores-para-ellos","9":"yith_product_brand-tenga","11":"first","12":"instock","13":"taxable","14":"shipping-taxable","15":"purchasable","16":"product-type-simple"},"aioseo_notices":[],"_links":{"self":[{"href":"https:\/\/www.mysexualfantasy.eu\/en\/wp-json\/wp\/v2\/product\/32705","targetHints":{"allow":["GET"]}}],"collection":[{"href":"https:\/\/www.mysexualfantasy.eu\/en\/wp-json\/wp\/v2\/product"}],"about":[{"href":"https:\/\/www.mysexualfantasy.eu\/en\/wp-json\/wp\/v2\/types\/product"}],"replies":[{"embeddable":true,"href":"https:\/\/www.mysexualfantasy.eu\/en\/wp-json\/wp\/v2\/comments?post=32705"}],"wp:featuredmedia":[{"embeddable":true,"href":"https:\/\/www.mysexualfantasy.eu\/en\/wp-json\/wp\/v2\/media\/41427"}],"wp:attachment":[{"href":"https:\/\/www.mysexualfantasy.eu\/en\/wp-json\/wp\/v2\/media?parent=32705"}],"wp:term":[{"taxonomy":"product_brand","embeddable":true,"href":"https:\/\/www.mysexualfantasy.eu\/en\/wp-json\/wp\/v2\/product_brand?post=32705"},{"taxonomy":"product_cat","embeddable":true,"href":"https:\/\/www.mysexualfantasy.eu\/en\/wp-json\/wp\/v2\/product_cat?post=32705"},{"taxonomy":"product_tag","embeddable":true,"href":"https:\/\/www.mysexualfantasy.eu\/en\/wp-json\/wp\/v2\/product_tag?post=32705"}],"curies":[{"name":"wp","href":"https:\/\/api.w.org\/{rel}","templated":true}]}}