{"id":32721,"date":"2023-01-13T14:43:39","date_gmt":"2023-01-13T14:43:39","guid":{"rendered":"https:\/\/www.mysexualfantasy.eu\/?post_type=product&#038;p=32721"},"modified":"2023-12-06T17:25:53","modified_gmt":"2023-12-06T17:25:53","slug":"obsessive-lollypopy-bikini-set-dos-piezas-s-m","status":"publish","type":"product","link":"https:\/\/www.mysexualfantasy.eu\/en\/product\/obsessive-lollypopy-bikini-set-dos-piezas-s-m\/","title":{"rendered":"OBSESSIVE &#8211; LOLLYPOPY BIKINI SET DOS PIEZAS S\/M"},"content":{"rendered":"<p>Que qu\u00e9 es lo que te espera tras comprar el set Lollypopy? Tu expectaci\u00f3n es enorme piensas que el negro y el rojo son los colores est\u00e1ndares que siempre debe haber en un armario? Cambiar\u00e1s de parecer en el momento que veas este fabuloso set color rosa imitaci\u00f3n al l\u00e1tex. \u00a1Te encantar\u00e1!<\/p>\n<p>Caracter\u00edsticas:\u00a0<\/p>\n<ul>\n<li>Set colecci\u00f3n Lollypopy\u00a0<\/li>\n<li>Tanga con Comfycut, con costuras especiales para un m\u00e1ximo confort\u00a0<\/li>\n<li>Tiranta ajustable en la espalda\u00a0<\/li>\n<li>Sexys tiras en la cadera\u00a0<\/li>\n<li>Dulce color rosa\u00a0<\/li>\n<li>Incluye sujetador y tanga\u00a0<\/li>\n<li>Material perdurable y resistente\u00a0<\/li>\n<li>Puede usarse como ropa de ba\u00f1o<\/li>\n<li>Composici\u00f3n: 90% poliuretano \/ 10% el\u00e1stano.\u00a0<\/li>\n<li>Talla S\/M<\/li>\n<\/ul>\n<p 1.5=\"\" color:=\"\" font-size:=\"\" line-height:=\"\" margin-top:=\"\" roboto=\"\" style=\"box-sizing: border-box;\">Obsessive significa inspiraci\u00f3n en la mujer!\u00a0 Elegancia, sensualidad, amor a la costura&#8230;.significa mucho para la mujer, pocos son los adjetivos que pueden calificar a Obsessive, donde una labor de a\u00f1os han conseguido unir la mejor relaci\u00f3n calidad-precio.<\/p>\n<p 1.5=\"\" color:=\"\" font-size:=\"\" line-height:=\"\" margin-top:=\"\" roboto=\"\" style=\"box-sizing: border-box;\">\u00a1L\u00edderes mundiales en lencer\u00eda, nadie lo hace mejor!<\/p>\n<p 1.5=\"\" color:=\"\" font-size:=\"\" line-height:=\"\" margin-top:=\"\" roboto=\"\" style=\"box-sizing: border-box;\">\u00a0<\/p>\n<p 1.5=\"\" color:=\"\" font-size:=\"\" line-height:=\"\" margin-top:=\"\" roboto=\"\" style=\"box-sizing: border-box; text-align: center;\"><img decoding=\"async\" src=\"https:\/\/store.dreamlove.es\/UserFiles\/images\/SIZES.png\" \/><\/p>\n<p>\u00a0<\/p>\n<p>\u00a0<\/p>\n<p>\u00a0<\/p>","protected":false},"excerpt":{"rendered":"<p>OBSESSIVE &#8211; LOLLYPOPY SWIMWEAR TWO PIECES SET S\/M<\/p>","protected":false},"featured_media":70612,"comment_status":"open","ping_status":"closed","template":"","meta":{"_monsterinsights_skip_tracking":false,"_monsterinsights_sitenote_active":false,"_monsterinsights_sitenote_note":"","_monsterinsights_sitenote_category":0,"_joinchat":[]},"product_brand":[],"product_cat":[1439,1196,1199,1166,148,1436],"product_tag":[],"class_list":{"0":"post-32721","1":"product","2":"type-product","3":"status-publish","4":"has-post-thumbnail","6":"product_cat-moda-lencerialenceria-mujertrajes-de-banobikinis","7":"product_cat-moda-lencerialenceria-mujer","8":"product_cat-moda-lencerialenceria-mujerlenceria-sexy","9":"product_cat-moda-lenceria","10":"product_cat-ofertas","11":"product_cat-moda-lencerialenceria-mujertrajes-de-bano","12":"yith_product_brand-obsessive-obsessive-last-chance","13":"yith_product_brand-obsessive","15":"first","16":"instock","17":"taxable","18":"shipping-taxable","19":"purchasable","20":"product-type-variable"},"aioseo_notices":[],"_links":{"self":[{"href":"https:\/\/www.mysexualfantasy.eu\/en\/wp-json\/wp\/v2\/product\/32721","targetHints":{"allow":["GET"]}}],"collection":[{"href":"https:\/\/www.mysexualfantasy.eu\/en\/wp-json\/wp\/v2\/product"}],"about":[{"href":"https:\/\/www.mysexualfantasy.eu\/en\/wp-json\/wp\/v2\/types\/product"}],"replies":[{"embeddable":true,"href":"https:\/\/www.mysexualfantasy.eu\/en\/wp-json\/wp\/v2\/comments?post=32721"}],"wp:featuredmedia":[{"embeddable":true,"href":"https:\/\/www.mysexualfantasy.eu\/en\/wp-json\/wp\/v2\/media\/70612"}],"wp:attachment":[{"href":"https:\/\/www.mysexualfantasy.eu\/en\/wp-json\/wp\/v2\/media?parent=32721"}],"wp:term":[{"taxonomy":"product_brand","embeddable":true,"href":"https:\/\/www.mysexualfantasy.eu\/en\/wp-json\/wp\/v2\/product_brand?post=32721"},{"taxonomy":"product_cat","embeddable":true,"href":"https:\/\/www.mysexualfantasy.eu\/en\/wp-json\/wp\/v2\/product_cat?post=32721"},{"taxonomy":"product_tag","embeddable":true,"href":"https:\/\/www.mysexualfantasy.eu\/en\/wp-json\/wp\/v2\/product_tag?post=32721"}],"curies":[{"name":"wp","href":"https:\/\/api.w.org\/{rel}","templated":true}]}}