{"id":32747,"date":"2023-01-13T13:55:11","date_gmt":"2023-01-13T13:55:11","guid":{"rendered":"https:\/\/www.mysexualfantasy.eu\/?post_type=product&#038;p=32747"},"modified":"2023-12-06T14:57:17","modified_gmt":"2023-12-06T14:57:17","slug":"ohmama-dildo-silicona-realistico-8-velocidades","status":"publish","type":"product","link":"https:\/\/www.mysexualfantasy.eu\/en\/product\/ohmama-dildo-silicona-realistico-8-velocidades\/","title":{"rendered":"OHMAMA &#8211; DILDO SILICONA REALISTICO 8 VELOCIDADES"},"content":{"rendered":"<p>\u00a1OH mama! Esto es exactamente lo que dir\u00e1s cuando tengas en tus manos y puedas difrutar de este fabuloso dildo de silicona real\u00edstico con vibraci\u00f3n<\/p>\n<ul>\n<li>Dildo real\u00edstico\u00a0<\/li>\n<li>R\u00edgido con cubierta de silicona<\/li>\n<li>Silicona premium<\/li>\n<li>Sensaci\u00f3n real\u00edstica.\u00a0<\/li>\n<li>Todo lujo de detalles\u00a0<\/li>\n<li>Presentacion en bolsa (no caja)\u00a0<\/li>\n<li>Pilas 2 x AAA\u00a0<\/li>\n<li>Color lila\u00a0<\/li>\n<li>Medidas:\n<ul>\n<li>Longitud total: 19 cm<\/li>\n<li>Longitud insertable: 15.5 cm<\/li>\n<li>Di\u00e1metro: 3 cm<\/li>\n<\/ul>\n<\/li>\n<\/ul>\n<p>LA MARCA<\/p>\n<p>La gama de productos OHMAMA es perfecta para regalar. Un producto al alcance de todos con una calidad perfecta. Una combinaci\u00f3n \u00fanica en esta l\u00ednea de juguetes especial edici\u00f3n Navidad.<\/p>","protected":false},"excerpt":{"rendered":"<p>OHMAMA &#8211; REALISTIC SILICONE DILDO 8 SPEEDS<\/p>","protected":false},"featured_media":63112,"comment_status":"open","ping_status":"closed","template":"","meta":{"_monsterinsights_skip_tracking":false,"_monsterinsights_sitenote_active":false,"_monsterinsights_sitenote_note":"","_monsterinsights_sitenote_category":0,"_joinchat":[]},"product_brand":[],"product_cat":[1182,1152,1188,1153],"product_tag":[],"class_list":{"0":"post-32747","1":"product","2":"type-product","3":"status-publish","4":"has-post-thumbnail","6":"product_cat-juguetes-bienestar-dildos","7":"product_cat-juguetes-bienestar","8":"product_cat-juguetes-bienestar-dildospenes-realisticos","9":"product_cat-juguetes-bienestar-vibradores","10":"yith_product_brand-ohmama","11":"yith_product_brand-ohmamaohmama-stimulating","13":"first","14":"instock","15":"taxable","16":"shipping-taxable","17":"purchasable","18":"product-type-simple"},"aioseo_notices":[],"_links":{"self":[{"href":"https:\/\/www.mysexualfantasy.eu\/en\/wp-json\/wp\/v2\/product\/32747","targetHints":{"allow":["GET"]}}],"collection":[{"href":"https:\/\/www.mysexualfantasy.eu\/en\/wp-json\/wp\/v2\/product"}],"about":[{"href":"https:\/\/www.mysexualfantasy.eu\/en\/wp-json\/wp\/v2\/types\/product"}],"replies":[{"embeddable":true,"href":"https:\/\/www.mysexualfantasy.eu\/en\/wp-json\/wp\/v2\/comments?post=32747"}],"wp:featuredmedia":[{"embeddable":true,"href":"https:\/\/www.mysexualfantasy.eu\/en\/wp-json\/wp\/v2\/media\/63112"}],"wp:attachment":[{"href":"https:\/\/www.mysexualfantasy.eu\/en\/wp-json\/wp\/v2\/media?parent=32747"}],"wp:term":[{"taxonomy":"product_brand","embeddable":true,"href":"https:\/\/www.mysexualfantasy.eu\/en\/wp-json\/wp\/v2\/product_brand?post=32747"},{"taxonomy":"product_cat","embeddable":true,"href":"https:\/\/www.mysexualfantasy.eu\/en\/wp-json\/wp\/v2\/product_cat?post=32747"},{"taxonomy":"product_tag","embeddable":true,"href":"https:\/\/www.mysexualfantasy.eu\/en\/wp-json\/wp\/v2\/product_tag?post=32747"}],"curies":[{"name":"wp","href":"https:\/\/api.w.org\/{rel}","templated":true}]}}