{"id":32756,"date":"2023-01-13T14:51:03","date_gmt":"2023-01-13T14:51:03","guid":{"rendered":"https:\/\/www.mysexualfantasy.eu\/?post_type=product&#038;p=32756"},"modified":"2023-12-06T15:21:35","modified_gmt":"2023-12-06T15:21:35","slug":"secretplay-dado-kamasutra-gay-25mm","status":"publish","type":"product","link":"https:\/\/www.mysexualfantasy.eu\/en\/product\/secretplay-dado-kamasutra-gay-25mm\/","title":{"rendered":"SECRETPLAY &#8211; DADO KAMASUTRA GAY 25 MM"},"content":{"rendered":"<p>DADOS DE LA PASI\u00d3N!<\/p>\n<p>Qu\u00e9 postura hacemos hoy? Disfrutad del azar de los dados, una gran soluci\u00f3n para las indecisiones sexuales.\u00a0<\/p>\n<ul>\n<li>Estos dados de 25 mm. te sorpreder\u00e1n por su sencillez, puedes llevarlos a cualquier parte y os dar\u00e1n muchas alegr\u00edas&#8230;<\/li>\n<\/ul>","protected":false},"excerpt":{"rendered":"<p>SECRETPLAY &#8211; DICE KAMASUTRA GAY 25 MM<\/p>","protected":false},"featured_media":71896,"comment_status":"open","ping_status":"closed","template":"","meta":{"_monsterinsights_skip_tracking":false,"_monsterinsights_sitenote_active":false,"_monsterinsights_sitenote_note":"","_monsterinsights_sitenote_category":0,"_joinchat":[]},"product_brand":[],"product_cat":[1237,616,1272,1271,1236],"product_tag":[],"class_list":{"0":"post-32756","1":"product","2":"type-product","3":"status-publish","4":"has-post-thumbnail","6":"product_cat-juegos-juego-de-dados","7":"product_cat-juegos","8":"product_cat-juegos-juegos-en-aleman","9":"product_cat-juegos-juegos-en-frances","10":"product_cat-juegos-juegos-en-ingles","11":"yith_product_brand-secretplay","12":"yith_product_brand-secretplaysecretplay-100-games","14":"first","15":"instock","16":"taxable","17":"shipping-taxable","18":"purchasable","19":"product-type-simple"},"aioseo_notices":[],"_links":{"self":[{"href":"https:\/\/www.mysexualfantasy.eu\/en\/wp-json\/wp\/v2\/product\/32756","targetHints":{"allow":["GET"]}}],"collection":[{"href":"https:\/\/www.mysexualfantasy.eu\/en\/wp-json\/wp\/v2\/product"}],"about":[{"href":"https:\/\/www.mysexualfantasy.eu\/en\/wp-json\/wp\/v2\/types\/product"}],"replies":[{"embeddable":true,"href":"https:\/\/www.mysexualfantasy.eu\/en\/wp-json\/wp\/v2\/comments?post=32756"}],"wp:featuredmedia":[{"embeddable":true,"href":"https:\/\/www.mysexualfantasy.eu\/en\/wp-json\/wp\/v2\/media\/71896"}],"wp:attachment":[{"href":"https:\/\/www.mysexualfantasy.eu\/en\/wp-json\/wp\/v2\/media?parent=32756"}],"wp:term":[{"taxonomy":"product_brand","embeddable":true,"href":"https:\/\/www.mysexualfantasy.eu\/en\/wp-json\/wp\/v2\/product_brand?post=32756"},{"taxonomy":"product_cat","embeddable":true,"href":"https:\/\/www.mysexualfantasy.eu\/en\/wp-json\/wp\/v2\/product_cat?post=32756"},{"taxonomy":"product_tag","embeddable":true,"href":"https:\/\/www.mysexualfantasy.eu\/en\/wp-json\/wp\/v2\/product_tag?post=32756"}],"curies":[{"name":"wp","href":"https:\/\/api.w.org\/{rel}","templated":true}]}}