{"id":32758,"date":"2023-01-13T14:50:21","date_gmt":"2023-01-13T14:50:21","guid":{"rendered":"https:\/\/www.mysexualfantasy.eu\/?post_type=product&#038;p=32758"},"modified":"2023-12-06T15:21:07","modified_gmt":"2023-12-06T15:21:07","slug":"secretplay-chronomasutra-juego-gay-kit-es-en-it-pt-fr","status":"publish","type":"product","link":"https:\/\/www.mysexualfantasy.eu\/en\/product\/secretplay-chronomasutra-juego-gay-kit-es-en-it-pt-fr\/","title":{"rendered":"SECRETPLAY &#8211; CHRONOMASUTRA JUEGO GAY KIT (ES\/EN\/IT\/PT\/FR)"},"content":{"rendered":"<p>Lanza el dado y realiza la postura se\u00f1alada, utiliza el reloj de arena para cronometrar, deber\u00e1s realizar la postura se\u00f1alada hasta que el tiempo se agote (1 minuto),tu pareja lanzar\u00e1 el dado para practicar la siguiente posici\u00f3n.<\/p>\n<ul>\n<li>El jugador que llegue antes al orgasmo pierde la partida<\/li>\n<\/ul>\n<p>Idiomas; Frances, Espa\u00f1ol, Italiano, Ingles y Portugues<\/p>","protected":false},"excerpt":{"rendered":"<p>SECRETPLAY &#8211; CHRONOMASUTRA PLAY GAY KIT (ES\/EN\/IT\/PT\/FR)<\/p>","protected":false},"featured_media":71801,"comment_status":"open","ping_status":"closed","template":"","meta":{"_monsterinsights_skip_tracking":false,"_monsterinsights_sitenote_active":false,"_monsterinsights_sitenote_note":"","_monsterinsights_sitenote_category":0,"_joinchat":[]},"product_brand":[],"product_cat":[1237,616,1234,1232,1233,1267,1271,1236,1274,1273],"product_tag":[],"class_list":{"0":"post-32758","1":"product","2":"type-product","3":"status-publish","4":"has-post-thumbnail","6":"product_cat-juegos-juego-de-dados","7":"product_cat-juegos","8":"product_cat-juegos-juegos-de-mesa","9":"product_cat-juegos-juegos-de-pareja","10":"product_cat-juegos-juegos-de-sociedad","11":"product_cat-juegos-juegos-en-espanol","12":"product_cat-juegos-juegos-en-frances","13":"product_cat-juegos-juegos-en-ingles","14":"product_cat-juegos-juegos-en-italiano","15":"product_cat-juegos-juegos-en-portugues","16":"yith_product_brand-secretplay","17":"yith_product_brand-secretplaysecretplay-100-games","19":"first","20":"instock","21":"taxable","22":"shipping-taxable","23":"purchasable","24":"product-type-simple"},"aioseo_notices":[],"_links":{"self":[{"href":"https:\/\/www.mysexualfantasy.eu\/en\/wp-json\/wp\/v2\/product\/32758","targetHints":{"allow":["GET"]}}],"collection":[{"href":"https:\/\/www.mysexualfantasy.eu\/en\/wp-json\/wp\/v2\/product"}],"about":[{"href":"https:\/\/www.mysexualfantasy.eu\/en\/wp-json\/wp\/v2\/types\/product"}],"replies":[{"embeddable":true,"href":"https:\/\/www.mysexualfantasy.eu\/en\/wp-json\/wp\/v2\/comments?post=32758"}],"wp:featuredmedia":[{"embeddable":true,"href":"https:\/\/www.mysexualfantasy.eu\/en\/wp-json\/wp\/v2\/media\/71801"}],"wp:attachment":[{"href":"https:\/\/www.mysexualfantasy.eu\/en\/wp-json\/wp\/v2\/media?parent=32758"}],"wp:term":[{"taxonomy":"product_brand","embeddable":true,"href":"https:\/\/www.mysexualfantasy.eu\/en\/wp-json\/wp\/v2\/product_brand?post=32758"},{"taxonomy":"product_cat","embeddable":true,"href":"https:\/\/www.mysexualfantasy.eu\/en\/wp-json\/wp\/v2\/product_cat?post=32758"},{"taxonomy":"product_tag","embeddable":true,"href":"https:\/\/www.mysexualfantasy.eu\/en\/wp-json\/wp\/v2\/product_tag?post=32758"}],"curies":[{"name":"wp","href":"https:\/\/api.w.org\/{rel}","templated":true}]}}