{"id":32761,"date":"2023-01-13T14:49:56","date_gmt":"2023-01-13T14:49:56","guid":{"rendered":"https:\/\/www.mysexualfantasy.eu\/?post_type=product&#038;p=32761"},"modified":"2023-12-06T15:20:49","modified_gmt":"2023-12-06T15:20:49","slug":"secretplay-chronomasutra-play-lesbian","status":"publish","type":"product","link":"https:\/\/www.mysexualfantasy.eu\/en\/product\/secretplay-chronomasutra-play-lesbian\/","title":{"rendered":"SECRETPLAY &#8211; CHRONOMASUTRA PLAY LESBIAN"},"content":{"rendered":"<p style=\"box-sizing: border-box; margin-top: 0px; margin-bottom: 15px; line-height: 21px; background-color: rgb(255, 255, 255);\"><font color=\"595959\" face=\"Raleway, sans-serif\"><span style=\"font-size: 14px;\">Tira el dado y realiza la postura Kamasutra indicada, usa el reloj de arena para cronometrarla. Debes hacer la posici\u00f3n indicada hasta que el tiempo se agote (1 minuto). Despu\u00e9s tu pareja lanzar\u00e1 el dado para practicar la siguiente posici\u00f3n. El jugador que llegue antes al orgasmo pierde el juego.<\/span><\/font><\/p>\n<p style=\"box-sizing: border-box; margin-top: 0px; margin-bottom: 15px; line-height: 21px; background-color: rgb(255, 255, 255);\"><font color=\"595959\" face=\"Raleway, sans-serif\"><span style=\"font-size: 14px;\">Contiene:<\/span><\/font><\/p>\n<ul>\n<li style=\"box-sizing: border-box; margin-top: 0px; margin-bottom: 15px; line-height: 21px; background-color: rgb(255, 255, 255);\"><font color=\"595959\" face=\"Raleway, sans-serif\"><span style=\"font-size: 14px;\">&#8211; Reloj de arena<\/span><\/font><\/li>\n<li style=\"box-sizing: border-box; margin-top: 0px; margin-bottom: 15px; line-height: 21px; background-color: rgb(255, 255, 255);\"><font color=\"595959\" face=\"Raleway, sans-serif\"><span style=\"font-size: 14px;\">&#8211; Dado Kamasutra (2.5 cm)<\/span><\/font><\/li>\n<\/ul>\n<p style=\"box-sizing: border-box; margin-top: 0px; margin-bottom: 15px; line-height: 21px; background-color: rgb(255, 255, 255);\"><font color=\"595959\" face=\"Raleway, sans-serif\"><span style=\"font-size: 14px;\">Este juego no necesita idiomas, solo jugar..<\/span><\/font><\/p>","protected":false},"excerpt":{"rendered":"<p>SECRETPLAY &#8211; CHRONOMASUTRA PLAY LESBIAN<\/p>","protected":false},"featured_media":71745,"comment_status":"open","ping_status":"closed","template":"","meta":{"_monsterinsights_skip_tracking":false,"_monsterinsights_sitenote_active":false,"_monsterinsights_sitenote_note":"","_monsterinsights_sitenote_category":0,"_joinchat":[]},"product_brand":[],"product_cat":[1237,616,1234,1232,1233,1236],"product_tag":[],"class_list":{"0":"post-32761","1":"product","2":"type-product","3":"status-publish","4":"has-post-thumbnail","6":"product_cat-juegos-juego-de-dados","7":"product_cat-juegos","8":"product_cat-juegos-juegos-de-mesa","9":"product_cat-juegos-juegos-de-pareja","10":"product_cat-juegos-juegos-de-sociedad","11":"product_cat-juegos-juegos-en-ingles","12":"yith_product_brand-secretplay","13":"yith_product_brand-secretplaysecretplay-100-games","15":"first","16":"instock","17":"taxable","18":"shipping-taxable","19":"purchasable","20":"product-type-simple"},"aioseo_notices":[],"_links":{"self":[{"href":"https:\/\/www.mysexualfantasy.eu\/en\/wp-json\/wp\/v2\/product\/32761","targetHints":{"allow":["GET"]}}],"collection":[{"href":"https:\/\/www.mysexualfantasy.eu\/en\/wp-json\/wp\/v2\/product"}],"about":[{"href":"https:\/\/www.mysexualfantasy.eu\/en\/wp-json\/wp\/v2\/types\/product"}],"replies":[{"embeddable":true,"href":"https:\/\/www.mysexualfantasy.eu\/en\/wp-json\/wp\/v2\/comments?post=32761"}],"wp:featuredmedia":[{"embeddable":true,"href":"https:\/\/www.mysexualfantasy.eu\/en\/wp-json\/wp\/v2\/media\/71745"}],"wp:attachment":[{"href":"https:\/\/www.mysexualfantasy.eu\/en\/wp-json\/wp\/v2\/media?parent=32761"}],"wp:term":[{"taxonomy":"product_brand","embeddable":true,"href":"https:\/\/www.mysexualfantasy.eu\/en\/wp-json\/wp\/v2\/product_brand?post=32761"},{"taxonomy":"product_cat","embeddable":true,"href":"https:\/\/www.mysexualfantasy.eu\/en\/wp-json\/wp\/v2\/product_cat?post=32761"},{"taxonomy":"product_tag","embeddable":true,"href":"https:\/\/www.mysexualfantasy.eu\/en\/wp-json\/wp\/v2\/product_tag?post=32761"}],"curies":[{"name":"wp","href":"https:\/\/api.w.org\/{rel}","templated":true}]}}