{"id":32768,"date":"2023-01-13T12:05:26","date_gmt":"2023-01-13T12:05:26","guid":{"rendered":"https:\/\/www.mysexualfantasy.eu\/?post_type=product&#038;p=32768"},"modified":"2023-12-06T16:05:14","modified_gmt":"2023-12-06T16:05:14","slug":"ohmama-vibrador-6-modos-y-6-velocidades-lila-20-5-cm","status":"publish","type":"product","link":"https:\/\/www.mysexualfantasy.eu\/en\/product\/ohmama-vibrador-6-modos-y-6-velocidades-lila-20-5-cm\/","title":{"rendered":"OHMAMA &#8211; VIBRADOR 6 MODOS Y 6 VELOCIDADES LILA 20.5 CM"},"content":{"rendered":"<p>\u00a1OH mama! Esto es exactamente lo que dir\u00e1s cuando tengas en tus manos y puedas difrutar del placer que te proporcionar\u00e1\u00a0este fabuloso vibrador y su increible dise\u00f1o estrat\u00e9gicamente curvado para una alta estimulaci\u00f3n en el punto G. Escoge entre sus seis velocidades y seis modos de vibraci\u00f3n y \u00a1a disfrutar!<\/p>\n<ul>\n<li>Vibrador curvado<\/li>\n<li>Materiales: Silicona, PVC\u00a0<\/li>\n<li>Flexible\u00a0<\/li>\n<li>Potentes vibraciones\u00a0<\/li>\n<li>Presentacion en bolsa (no caja)<\/li>\n<li>USB recargable\u00a0\u00a0<\/li>\n<li>6 velocidades\u00a0<\/li>\n<li>6 modos de vibraci\u00f3n\u00a0<\/li>\n<li>Medidas:\u00a0\n<ul>\n<li>Longitud : 20.5\u00a0cm<\/li>\n<li>Longitud Insertable: 12\u00a0cm<\/li>\n<li>Di\u00e1metro: 3.5 cm<\/li>\n<\/ul>\n<\/li>\n<li>Color Lila\u00a0<\/li>\n<\/ul>\n<p>LA MARCA<\/p>\n<p>La gama de productos OHMAMA es perfecta para regalar. Un producto al alcance de todos con una calidad perfecta. Una combinaci\u00f3n \u00fanica en esta l\u00ednea de juguetes especial edici\u00f3n Navidad.<\/p>","protected":false},"excerpt":{"rendered":"<p>OHMAMA &#8211; 6 MODES AND 6 SPEEDS VIBRATOR PURPLE 20.5 CM<\/p>","protected":false},"featured_media":45677,"comment_status":"open","ping_status":"closed","template":"","meta":{"_monsterinsights_skip_tracking":false,"_monsterinsights_sitenote_active":false,"_monsterinsights_sitenote_note":"","_monsterinsights_sitenote_category":0,"_joinchat":[]},"product_brand":[],"product_cat":[1152,1155,1165,1309,1153,1293],"product_tag":[],"class_list":{"0":"post-32768","1":"product","2":"type-product","3":"status-publish","4":"has-post-thumbnail","6":"product_cat-juguetes-bienestar","7":"product_cat-juguetes-bienestar-juguetes-para-mujeres","8":"product_cat-juguetes-bienestar-juguetes-para-mujeresmasturbadores-para-ellas","9":"product_cat-juguetes-bienestar-juguetes-para-mujerespunto-g","10":"product_cat-juguetes-bienestar-vibradores","11":"product_cat-juguetes-bienestar-vibradoresvibradores-punto-g","12":"yith_product_brand-ohmama","13":"yith_product_brand-ohmamaohmama-vibrators","15":"first","16":"instock","17":"taxable","18":"shipping-taxable","19":"purchasable","20":"product-type-simple"},"aioseo_notices":[],"_links":{"self":[{"href":"https:\/\/www.mysexualfantasy.eu\/en\/wp-json\/wp\/v2\/product\/32768","targetHints":{"allow":["GET"]}}],"collection":[{"href":"https:\/\/www.mysexualfantasy.eu\/en\/wp-json\/wp\/v2\/product"}],"about":[{"href":"https:\/\/www.mysexualfantasy.eu\/en\/wp-json\/wp\/v2\/types\/product"}],"replies":[{"embeddable":true,"href":"https:\/\/www.mysexualfantasy.eu\/en\/wp-json\/wp\/v2\/comments?post=32768"}],"wp:featuredmedia":[{"embeddable":true,"href":"https:\/\/www.mysexualfantasy.eu\/en\/wp-json\/wp\/v2\/media\/45677"}],"wp:attachment":[{"href":"https:\/\/www.mysexualfantasy.eu\/en\/wp-json\/wp\/v2\/media?parent=32768"}],"wp:term":[{"taxonomy":"product_brand","embeddable":true,"href":"https:\/\/www.mysexualfantasy.eu\/en\/wp-json\/wp\/v2\/product_brand?post=32768"},{"taxonomy":"product_cat","embeddable":true,"href":"https:\/\/www.mysexualfantasy.eu\/en\/wp-json\/wp\/v2\/product_cat?post=32768"},{"taxonomy":"product_tag","embeddable":true,"href":"https:\/\/www.mysexualfantasy.eu\/en\/wp-json\/wp\/v2\/product_tag?post=32768"}],"curies":[{"name":"wp","href":"https:\/\/api.w.org\/{rel}","templated":true}]}}