{"id":32774,"date":"2023-01-13T14:37:13","date_gmt":"2023-01-13T14:37:13","guid":{"rendered":"https:\/\/www.mysexualfantasy.eu\/?post_type=product&#038;p=32774"},"modified":"2023-12-06T16:05:16","modified_gmt":"2023-12-06T16:05:16","slug":"ohmama-pintalabios-con-lengua-vibradora","status":"publish","type":"product","link":"https:\/\/www.mysexualfantasy.eu\/en\/product\/ohmama-pintalabios-con-lengua-vibradora\/","title":{"rendered":"OHMAMA &#8211; PINTALABIOS CON LENGUA VIBRADORA"},"content":{"rendered":"<p>\u00a1OH mama! eso es un pintalabios? No es lo que parece ya que\u00a0esconde un fabuloso y placentero secreto, \u00a1una lengua vibradora! El pintalabios de Ohmama es compacto, discreto, recargable y muuuy placentero.\u00a0<\/p>\n<ul>\n<li>Pintalabios con lengua vibradora\u00a0<\/li>\n<li>Con vibraci\u00f3n\u00a0<\/li>\n<li>USB recargable\u00a0<\/li>\n<li>4 velocidades\u00a0<\/li>\n<li>8 modos de vibraci\u00f3n\u00a0<\/li>\n<li>Compacto y discreto para que puedas llevarlo a cualquier parte\u00a0<\/li>\n<li>Presentaci\u00f3n en bolsa (no caja)<\/li>\n<li>Muy compacto, tan solo 9.5 cm\u00a0<\/li>\n<\/ul>\n<p>LA MARCA<\/p>\n<p>La gama de productos OHMAMA es perfecta para regalar. Un producto al alcance de todos con una calidad perfecta. Una combinaci\u00f3n \u00fanica en esta l\u00ednea de juguetes especial edici\u00f3n Navidad.<\/p>\n<p>\u00a0<\/p>","protected":false},"excerpt":{"rendered":"<p>OHMAMA &#8211; LIPSTICK WITH VIBRATING TONGUE<\/p>","protected":false},"featured_media":69577,"comment_status":"open","ping_status":"closed","template":"","meta":{"_monsterinsights_skip_tracking":false,"_monsterinsights_sitenote_active":false,"_monsterinsights_sitenote_note":"","_monsterinsights_sitenote_category":0,"_joinchat":[]},"product_brand":[],"product_cat":[1156,1152,1155,1294,1163,1153],"product_tag":[],"class_list":{"0":"post-32774","1":"product","2":"type-product","3":"status-publish","4":"has-post-thumbnail","6":"product_cat-juguetes-bienestar-juguetes-para-mujeresestimuladores","7":"product_cat-juguetes-bienestar","8":"product_cat-juguetes-bienestar-juguetes-para-mujeres","9":"product_cat-juguetes-bienestar-vibradoresmini-vibradores","10":"product_cat-juguetes-bienestar-juguetes-para-mujeresestimuladorespara-clitoris","11":"product_cat-juguetes-bienestar-vibradores","12":"yith_product_brand-ohmama","13":"yith_product_brand-ohmamaohmama-stimulating","15":"first","16":"instock","17":"taxable","18":"shipping-taxable","19":"purchasable","20":"product-type-simple"},"aioseo_notices":[],"_links":{"self":[{"href":"https:\/\/www.mysexualfantasy.eu\/en\/wp-json\/wp\/v2\/product\/32774","targetHints":{"allow":["GET"]}}],"collection":[{"href":"https:\/\/www.mysexualfantasy.eu\/en\/wp-json\/wp\/v2\/product"}],"about":[{"href":"https:\/\/www.mysexualfantasy.eu\/en\/wp-json\/wp\/v2\/types\/product"}],"replies":[{"embeddable":true,"href":"https:\/\/www.mysexualfantasy.eu\/en\/wp-json\/wp\/v2\/comments?post=32774"}],"wp:featuredmedia":[{"embeddable":true,"href":"https:\/\/www.mysexualfantasy.eu\/en\/wp-json\/wp\/v2\/media\/69577"}],"wp:attachment":[{"href":"https:\/\/www.mysexualfantasy.eu\/en\/wp-json\/wp\/v2\/media?parent=32774"}],"wp:term":[{"taxonomy":"product_brand","embeddable":true,"href":"https:\/\/www.mysexualfantasy.eu\/en\/wp-json\/wp\/v2\/product_brand?post=32774"},{"taxonomy":"product_cat","embeddable":true,"href":"https:\/\/www.mysexualfantasy.eu\/en\/wp-json\/wp\/v2\/product_cat?post=32774"},{"taxonomy":"product_tag","embeddable":true,"href":"https:\/\/www.mysexualfantasy.eu\/en\/wp-json\/wp\/v2\/product_tag?post=32774"}],"curies":[{"name":"wp","href":"https:\/\/api.w.org\/{rel}","templated":true}]}}