{"id":32861,"date":"2023-01-13T12:33:08","date_gmt":"2023-01-13T12:33:08","guid":{"rendered":"https:\/\/www.mysexualfantasy.eu\/?post_type=product&#038;p=32861"},"modified":"2023-05-30T06:57:19","modified_gmt":"2023-05-30T06:57:19","slug":"obsessive-rossita-babydoll-s-m","status":"publish","type":"product","link":"https:\/\/www.mysexualfantasy.eu\/en\/product\/obsessive-rossita-babydoll-s-m\/","title":{"rendered":"OBSESSIVE &#8211; ROSSITA BABYDOLL"},"content":{"rendered":"<p>Un babydoll no tiene que ser aburrido. Es m\u00e1s &#8211; todos nosotros en Obsessive \u00a1creemos que no puede ser aburrido! Estamos introduciendo una prohibici\u00f3n absoluta de los babydolls aburridos, as\u00ed que tenemos especialmente para ti, un babydoll \u00fanico y hermoso. Hace hincapi\u00e9 maravillosamente en el cuerpo, cae suavemente sobre el derriere y estimula los sentidos s\u00faper r\u00e1pido! Tejido delicado y encajes sexys son un d\u00fao perfecto para esta noche, verdad?<\/p>\n<p>Caracter\u00edsticas:<\/p>\n<ul>\n<li>Teddy Rossita\u00a0<\/li>\n<li>Elegante\u00a0banda de terciopelollamativo, burdeos por debajo de los pechos\u00a0<\/li>\n<li>Lindos arcos en las correas<\/li>\n<li>Cuello halter  soluci\u00f3n conveniente para ponerlo y quit\u00e1ndolo igual de r\u00e1pido<\/li>\n<li>Tejido el\u00e1stico  se adapta a diferentes formas<\/li>\n<li>El set incluye babydoll y tanga<\/li>\n<li>Tejido agradable (90% poliamida, 10% elastano)<\/li>\n<li>Talla: S\/M<\/li>\n<\/ul>\n<p 1.5=\"\" color:=\"\" font-size:=\"\" line-height:=\"\" margin-top:=\"\" roboto=\"\" style=\"box-sizing: border-box;\">Obsessive significa inspiraci\u00f3n en la mujer!\u00a0 Elegancia, sensualidad, amor a la costura&#8230;.significa mucho para la mujer, pocos son los adjetivos que pueden calificar a Obsessive, donde una labor de a\u00f1os han conseguido unir la mejor relaci\u00f3n calidad-precio.<\/p>\n<p 1.5=\"\" color:=\"\" font-size:=\"\" line-height:=\"\" margin-top:=\"\" roboto=\"\" style=\"box-sizing: border-box;\">\u00a1L\u00edderes mundiales en lencer\u00eda, nadie lo hace mejor!<\/p>\n<p style=\"text-align: center;\"><img decoding=\"async\" src=\"https:\/\/store.dreamlove.es\/UserFiles\/images\/SIZES.png\" \/><\/p>","protected":false},"excerpt":{"rendered":"<p>OBSESSIVE &#8211; ROSSITA BABYDOLL S\/M<\/p>","protected":false},"featured_media":51383,"comment_status":"open","ping_status":"closed","template":"","meta":{"_monsterinsights_skip_tracking":false,"_monsterinsights_sitenote_active":false,"_monsterinsights_sitenote_note":"","_monsterinsights_sitenote_category":0,"_joinchat":[]},"product_brand":[],"product_cat":[1144,326,948,1139],"product_tag":[],"class_list":{"0":"post-32861","1":"product","2":"type-product","3":"status-publish","4":"has-post-thumbnail","6":"product_cat-lencerialenceria-mujerlenceria-sexybabydoll","7":"product_cat-lenceria","8":"product_cat-lencerialenceria-mujer","9":"product_cat-lencerialenceria-mujerlenceria-sexy","10":"yith_product_brand-obsessive","11":"yith_product_brand-obsessiveobsessive-babydoll","13":"first","14":"instock","15":"taxable","16":"shipping-taxable","17":"purchasable","18":"product-type-variable"},"aioseo_notices":[],"_links":{"self":[{"href":"https:\/\/www.mysexualfantasy.eu\/en\/wp-json\/wp\/v2\/product\/32861","targetHints":{"allow":["GET"]}}],"collection":[{"href":"https:\/\/www.mysexualfantasy.eu\/en\/wp-json\/wp\/v2\/product"}],"about":[{"href":"https:\/\/www.mysexualfantasy.eu\/en\/wp-json\/wp\/v2\/types\/product"}],"replies":[{"embeddable":true,"href":"https:\/\/www.mysexualfantasy.eu\/en\/wp-json\/wp\/v2\/comments?post=32861"}],"wp:featuredmedia":[{"embeddable":true,"href":"https:\/\/www.mysexualfantasy.eu\/en\/wp-json\/wp\/v2\/media\/51383"}],"wp:attachment":[{"href":"https:\/\/www.mysexualfantasy.eu\/en\/wp-json\/wp\/v2\/media?parent=32861"}],"wp:term":[{"taxonomy":"product_brand","embeddable":true,"href":"https:\/\/www.mysexualfantasy.eu\/en\/wp-json\/wp\/v2\/product_brand?post=32861"},{"taxonomy":"product_cat","embeddable":true,"href":"https:\/\/www.mysexualfantasy.eu\/en\/wp-json\/wp\/v2\/product_cat?post=32861"},{"taxonomy":"product_tag","embeddable":true,"href":"https:\/\/www.mysexualfantasy.eu\/en\/wp-json\/wp\/v2\/product_tag?post=32861"}],"curies":[{"name":"wp","href":"https:\/\/api.w.org\/{rel}","templated":true}]}}