{"id":32866,"date":"2023-01-13T12:21:28","date_gmt":"2023-01-13T12:21:28","guid":{"rendered":"https:\/\/www.mysexualfantasy.eu\/?post_type=product&#038;p=32866"},"modified":"2023-12-06T15:27:06","modified_gmt":"2023-12-06T15:27:06","slug":"obsessive-rossita-teddy-s-m","status":"publish","type":"product","link":"https:\/\/www.mysexualfantasy.eu\/en\/product\/obsessive-rossita-teddy-s-m\/","title":{"rendered":"OBSESSIVE &#8211; ROSSITA TEDDY S\/M"},"content":{"rendered":"<p>\u00a1Cari\u00f1o! \u00a1Pon el Teddy Rossita y tu deleite nunca terminar\u00e1! Si est\u00e1s buscando algo nuevo, diferente a otrs sets de lencer\u00eda, est\u00e1s en el lugar correcto\u00a0 Este teddy\u00a0crear\u00e1 una atm\u00f3sfera verdaderamente como si todos los d\u00edas fueran san valent\u00edn\u00a0\u00a0: habr\u00e1 besos,\u00a0flechas de cupido y corazones voladores. \u00a1No esperes, t\u00f3malo!<\/p>\n<p>Por qu\u00e9 vale la pena?<\/p>\n<ul>\n<li>Recortes en las caderas  enfatizando perfectamente la figura\u00a0<\/li>\n<li>Tanga c\u00f3modo\u00a0con funci\u00f3n ComfyCut  agradable de llevar, sin costuras innecesarias<\/li>\n<li>Un poco de encaje transl\u00facido &#8211; candidato perfecto para una noche encantadora<\/li>\n<li>Accesorios burdeos\u00a0<\/li>\n<li>Cuello halter  forma c\u00f3moda de cordones<\/li>\n<li>Cierre ajustable  capacidad de ajustarse a la figura<\/li>\n<li>Multistretch  material\u00a0flexible<\/li>\n<li>Tejidos cuidadosamente seleccionados (90% poliamida, 10% elastano)<\/li>\n<li>Talla: S\/M<\/li>\n<\/ul>\n<p 1.5=\"\" color:=\"\" font-size:=\"\" line-height:=\"\" margin-top:=\"\" roboto=\"\" style=\"box-sizing: border-box;\">Obsessive significa inspiraci\u00f3n en la mujer!\u00a0 Elegancia, sensualidad, amor a la costura&#8230;.significa mucho para la mujer, pocos son los adjetivos que pueden calificar a Obsessive, donde una labor de a\u00f1os han conseguido unir la mejor relaci\u00f3n calidad-precio.<\/p>\n<p 1.5=\"\" color:=\"\" font-size:=\"\" line-height:=\"\" margin-top:=\"\" roboto=\"\" style=\"box-sizing: border-box;\">\u00a1L\u00edderes mundiales en lencer\u00eda, nadie lo hace mejor!<\/p>\n<p 1.5=\"\" color:=\"\" font-size:=\"\" line-height:=\"\" margin-top:=\"\" roboto=\"\" style=\"box-sizing: border-box; text-align: center;\"><img decoding=\"async\" src=\"https:\/\/store.dreamlove.es\/UserFiles\/images\/SIZES.png\" style=\"text-align: center;\" \/><\/p>","protected":false},"excerpt":{"rendered":"<p>OBSESSIVE &#8211; ROSSITA TEDDY S\/M<\/p>","protected":false},"featured_media":49563,"comment_status":"open","ping_status":"closed","template":"","meta":{"_monsterinsights_skip_tracking":false,"_monsterinsights_sitenote_active":false,"_monsterinsights_sitenote_note":"","_monsterinsights_sitenote_category":0,"_joinchat":[]},"product_brand":[],"product_cat":[1287,1196,1199,1166],"product_tag":[],"class_list":{"0":"post-32866","1":"product","2":"type-product","3":"status-publish","4":"has-post-thumbnail","6":"product_cat-moda-lencerialenceria-mujerlenceria-sexybodys","7":"product_cat-moda-lencerialenceria-mujer","8":"product_cat-moda-lencerialenceria-mujerlenceria-sexy","9":"product_cat-moda-lenceria","10":"yith_product_brand-obsessive","11":"yith_product_brand-obsessiveobsessive-teddies","13":"first","14":"instock","15":"taxable","16":"shipping-taxable","17":"purchasable","18":"product-type-variable"},"aioseo_notices":[],"_links":{"self":[{"href":"https:\/\/www.mysexualfantasy.eu\/en\/wp-json\/wp\/v2\/product\/32866","targetHints":{"allow":["GET"]}}],"collection":[{"href":"https:\/\/www.mysexualfantasy.eu\/en\/wp-json\/wp\/v2\/product"}],"about":[{"href":"https:\/\/www.mysexualfantasy.eu\/en\/wp-json\/wp\/v2\/types\/product"}],"replies":[{"embeddable":true,"href":"https:\/\/www.mysexualfantasy.eu\/en\/wp-json\/wp\/v2\/comments?post=32866"}],"wp:featuredmedia":[{"embeddable":true,"href":"https:\/\/www.mysexualfantasy.eu\/en\/wp-json\/wp\/v2\/media\/49563"}],"wp:attachment":[{"href":"https:\/\/www.mysexualfantasy.eu\/en\/wp-json\/wp\/v2\/media?parent=32866"}],"wp:term":[{"taxonomy":"product_brand","embeddable":true,"href":"https:\/\/www.mysexualfantasy.eu\/en\/wp-json\/wp\/v2\/product_brand?post=32866"},{"taxonomy":"product_cat","embeddable":true,"href":"https:\/\/www.mysexualfantasy.eu\/en\/wp-json\/wp\/v2\/product_cat?post=32866"},{"taxonomy":"product_tag","embeddable":true,"href":"https:\/\/www.mysexualfantasy.eu\/en\/wp-json\/wp\/v2\/product_tag?post=32866"}],"curies":[{"name":"wp","href":"https:\/\/api.w.org\/{rel}","templated":true}]}}