{"id":32914,"date":"2023-01-13T11:42:31","date_gmt":"2023-01-13T11:42:31","guid":{"rendered":"https:\/\/www.mysexualfantasy.eu\/?post_type=product&#038;p=32914"},"modified":"2023-12-06T16:20:53","modified_gmt":"2023-12-06T16:20:53","slug":"intimichic-set-5-piezas-dilatador-silicona","status":"publish","type":"product","link":"https:\/\/www.mysexualfantasy.eu\/en\/product\/intimichic-set-5-piezas-dilatador-silicona\/","title":{"rendered":"INTIMICHIC &#8211; SET 5 PIEZAS DILATADOR SILICONA"},"content":{"rendered":"<p>100% Silicona medica compone a el dilatador Intimichic. El Silicone Dilator de la colecci\u00f3n Intimichic \u00a0es un conjunto \u00fanico de dilatadores vaginales que ayudan a restaurar y revivir la fuerza vaginal y comodidad.<\/p>\n<p>El elegante conjunto contiene 5 dilatadores, que var\u00edan en tama\u00f1o para la dilataci\u00f3n gradual. Son f\u00e1ciles de usar gracias al bucle dedo y son una manera perfecta de ejercicio para mujeres con problemas relativos ajuste \u00edntimo. El conjunto est\u00e1 hecho de silicona de alta calidad y viene en un empaque de buen gusto y contempor\u00e1neo.<\/p>\n<p>Medidas:<\/p>\n<ul>\n<li>7.5cm x 1.25cm (Dilatador 1)<\/li>\n<li>9cm x 2cm (Dilatador 2)<\/li>\n<li>10.75cm x 2cm (Dilatado 3)<\/li>\n<li>12.75cm x 2.5cm (Dilatador 4)<\/li>\n<li>14cm x 3.25cm (Dilatador 5)<\/li>\n<\/ul>\n<p>A continuaci\u00f3n te detallamos uno de los usos del dilatador Intimichic.<\/p>\n<p>Qu\u00e9 es la vaginitis atr\u00f3fica?<\/p>\n<p>La vaginitis atr\u00f3fica es un trastorno que consiste en el adelgazamiento de las paredes de la vagina y en una disminuci\u00f3n de su lubricaci\u00f3n. Lo que produce una mayor sequedad e inflamaci\u00f3n vaginal.<\/p>\n<p>Est\u00e1 causada, fundamentalmente, por una disminuci\u00f3n de los estr\u00f3genos, que son la principal hormona sexual femenina, siendo un problema muy frecuente en las mujeres con menopausia (50% de mujeres afectadas por la menopausia sufre de Atrofia Vaginal), influyendo tanto en su funcionalidad sexual como en su calidad de vida. Los s\u00edntomas se pueden estar sufriendo durante a\u00f1os, mientras no se tomen medidas oportunas.<\/p>\n<p>Los motivos son diversos y pueden tener su origen en peque\u00f1as secuelas de infecciones, en morfolog\u00eda at\u00edpica, malformaciones cong\u00e9nitas o, simplemente, en la aprehensi\u00f3n a la penetraci\u00f3n<\/p>\n<p>La atrofia vaginal es un problema m\u00e1s habitual de lo que se cree, afectando a las mujeres en todas sus edades, aunque con mayor incidencia en mujeres despu\u00e9s del parto o durante la lactancia. Sin embargo, es en las mujeres postmenop\u00e1usicas donde se detectan el mayor n\u00famero de casos, afectando a una de cada dos.<\/p>\n<p>S\u00edntomas<\/p>\n<ul>\n<li>Sequedad vaginal<\/li>\n<li>Dolor o malestar al mantener relaciones sexuales (dispareunia)<\/li>\n<li>Escozor o ardor al orinar<\/li>\n<li>Incontinencia urinaria<\/li>\n<li>Prolapso vaginal; adelgazamiento de las paredes vaginales<\/li>\n<li>Ardor vaginal<\/li>\n<li>Peque\u00f1os sangrados vaginales<\/li>\n<\/ul>\n<p>El vaginismo es una constricci\u00f3n vaginal del Suelo P\u00e9lvico que causa incomodidad, ardor, dolor, problemas de penetraci\u00f3n o completa incapacidad de tener coito.<\/p>\n<p>El vaginismo es una causa frecuente de dolor sexual continuo. Puede afectar a mujeres en todas las etapas de la vida; incluso a mujeres que han tenido sexo c\u00f3modamente durante a\u00f1os.<\/p>\n<p>Cuando un hombre intenta tener coito con una mujer, el grupo muscular del suelo p\u00e9lvico entra en espasmo y aprieta cerrando la entrada a la vagina, haciendo el coito imposible y doloroso. Este tipo de vaginismo hace que la penetraci\u00f3n sea imposible.<\/p>\n<p>En otros casos de vaginismo, la penetraci\u00f3n podr\u00eda ser posible, pero la mujer experimenta periodos de contracci\u00f3n involuntaria que causan ardor, incomodidad o dolor.<\/p>\n<p>S\u00edntomas<\/p>\n<ul>\n<li>Ardor o picaz\u00f3n con constricci\u00f3n durante el sexo<\/li>\n<li>Dificultad, o penetraci\u00f3n imposible, dolor al penetrar, inserci\u00f3n inc\u00f3moda del pene<\/li>\n<li>Continua incomodidad sexual o dolor despu\u00e9s del parto, infecciones urinarias, enfermedades de transmisi\u00f3n sexual, histerectom\u00eda, menopausia u otros problemas<\/li>\n<li>Dolor sexual continuo de causas desconocidas, sin raz\u00f3n aparente<\/li>\n<li>Dificultad para insertar un tamp\u00f3n, o tener un examen ginecol\u00f3gico\/p\u00e9lvico<\/li>\n<li>Espasmos en otros grupos musculares del cuerpo (piernas, zona lumbar, etc.) y\/o interrupci\u00f3n de la respiraci\u00f3n durante intentos de coito<\/li>\n<li>Evitaci\u00f3n del sexo debido a dolor y\/o fracaso<\/li>\n<\/ul>\n<p>Soluci\u00f3n<\/p>\n<p>INTIMICHIC silicon dilator permite ejercitarse y dilatar progresivamente el conducto vaginal. Permite al mismo tiempo a trav\u00e9s de peque\u00f1os ejercicios diarios perder el miedo a la penetraci\u00f3n. Est\u00e1 compuesto de tres elementos con una forma perfectamente ergon\u00f3mica y tama\u00f1os distintos para resolver paliativamente este trastorno con efectos nefastos sobre la sexualidad y la salud psicol\u00f3gica en general.<\/p>\n<p>INTIMICHIC DILATOR \u00a0debe de utilizarse acompa\u00f1ado de un lubricante a base de agua para facilitar los ejercicios y al mismo tiempo lubricar e hidratar las mucosas vaginales.<\/p>\n<p>C\u00f3mo se usa INTIMICHIC \u00a0DILATOR?<\/p>\n<p>Se trata de aplicar en primer lugar un poco de lubricante a base de agua a la entrada de la vagina (el volumen de una casta\u00f1a aproximadamente) e ir masajeando suavemente 2 o 3 minutos.<\/p>\n<p>A continuaci\u00f3n, coger el elemento de INTIMICHIC \u00a0DILATOR \u00a0m\u00e1s peque\u00f1o. Aplicar igualmente en la punta lubricante en las mismas proporciones.<\/p>\n<p>Seguidamente, empezar a presionar para introducir el mismo en la vagina de forma suave y progresiva. Si se nota sequedad es preciso a\u00f1adir lubricante.<\/p>\n<p>Se puede seguir ejercitando de 10 a 15 minutos haciendo peque\u00f1os movimientos de vaiv\u00e9n. Es importante tener muy presente que la contracci\u00f3n de los m\u00fasculos vaginales es adversa por lo que si se produce hay que interrumpir el ejercicio.<\/p>\n<p>El objetivo es el relajamiento de la zona vaginal as\u00ed como la b\u00fasqueda del placer que lo acompa\u00f1a por lo que la utilizaci\u00f3n de un lugar muy c\u00f3modo para realizar los ejercicios y el acompa\u00f1amiento de una m\u00fasica suave est\u00e1n indicados.<\/p>\n<p>Una sesi\u00f3n al d\u00eda de INTIMICHIC \u00a0DILATOR \u00a0es suficiente.<\/p>\n<p>Cuando los ejercicios con el elemento m\u00e1s peque\u00f1o permiten una introducci\u00f3n confortable y sin molestias, es preciso seguir los ejercicios con un elemento mayor.<\/p>\n<p>* En la caja fisicamente hay un error de impresion, pone piezas y son realmente 5.<\/p>","protected":false},"excerpt":{"rendered":"<p>INTIMICHIC &#8211;  SILICONE DILATOR 5 PIECES SET<\/p>","protected":false},"featured_media":41611,"comment_status":"open","ping_status":"closed","template":"","meta":{"_monsterinsights_skip_tracking":false,"_monsterinsights_sitenote_active":false,"_monsterinsights_sitenote_note":"","_monsterinsights_sitenote_category":0,"_joinchat":[]},"product_brand":[],"product_cat":[1377,1152],"product_tag":[],"class_list":{"0":"post-32914","1":"product","2":"type-product","3":"status-publish","4":"has-post-thumbnail","6":"product_cat-juguetes-bienestar-dilatador-vaginal-anal","7":"product_cat-juguetes-bienestar","8":"yith_product_brand-intimichic","10":"first","11":"instock","12":"taxable","13":"shipping-taxable","14":"purchasable","15":"product-type-simple"},"aioseo_notices":[],"_links":{"self":[{"href":"https:\/\/www.mysexualfantasy.eu\/en\/wp-json\/wp\/v2\/product\/32914","targetHints":{"allow":["GET"]}}],"collection":[{"href":"https:\/\/www.mysexualfantasy.eu\/en\/wp-json\/wp\/v2\/product"}],"about":[{"href":"https:\/\/www.mysexualfantasy.eu\/en\/wp-json\/wp\/v2\/types\/product"}],"replies":[{"embeddable":true,"href":"https:\/\/www.mysexualfantasy.eu\/en\/wp-json\/wp\/v2\/comments?post=32914"}],"wp:featuredmedia":[{"embeddable":true,"href":"https:\/\/www.mysexualfantasy.eu\/en\/wp-json\/wp\/v2\/media\/41611"}],"wp:attachment":[{"href":"https:\/\/www.mysexualfantasy.eu\/en\/wp-json\/wp\/v2\/media?parent=32914"}],"wp:term":[{"taxonomy":"product_brand","embeddable":true,"href":"https:\/\/www.mysexualfantasy.eu\/en\/wp-json\/wp\/v2\/product_brand?post=32914"},{"taxonomy":"product_cat","embeddable":true,"href":"https:\/\/www.mysexualfantasy.eu\/en\/wp-json\/wp\/v2\/product_cat?post=32914"},{"taxonomy":"product_tag","embeddable":true,"href":"https:\/\/www.mysexualfantasy.eu\/en\/wp-json\/wp\/v2\/product_tag?post=32914"}],"curies":[{"name":"wp","href":"https:\/\/api.w.org\/{rel}","templated":true}]}}