{"id":32937,"date":"2023-01-13T13:19:59","date_gmt":"2023-01-13T13:19:59","guid":{"rendered":"https:\/\/www.mysexualfantasy.eu\/?post_type=product&#038;p=32937"},"modified":"2023-12-06T16:22:37","modified_gmt":"2023-12-06T16:22:37","slug":"fetish-submissive-origen-esposas-cuero-vegano-con-forro-de-neopreno","status":"publish","type":"product","link":"https:\/\/www.mysexualfantasy.eu\/en\/product\/fetish-submissive-origen-esposas-cuero-vegano-con-forro-de-neopreno\/","title":{"rendered":"FETISH SUBMISSIVE ORIGEN &#8211; ESPOSAS CUERO VEGANO CON FORRO DE NEOPRENO"},"content":{"rendered":"<p>FETISH SUBMISIVE ORIGIN Presenta las primeras esposas de cuero vegano con metal libre de niquel!\u00a0 Encierra a tu amante con estas esposas sexys, efectivas y c\u00f3modas. Un accesorio cl\u00e1sico para tus juegos de esclavitud.<\/p>\n<p>Estas esposas tienen la est\u00e9tica elegante que buscas a la vez de una efectividad absoluta. Doble capa y terminado con una hebilla de metal, tu sumiso no podr\u00e1 escapar. El interior acolchado garantiza que se mantendr\u00e1n c\u00f3modos sin importar cu\u00e1nto tiren o cu\u00e1nto tiempo juegues.<\/p>\n<p>Son perfectas para jugadores de nivel avanzado y tambi\u00e9n para principiantes.<\/p>\n<p>\u00a1Aj\u00fastalas a las mu\u00f1ecas de tu amante y comienza el juego!<\/p>\n<ul>\n<li>Fabricado en material; Neopreno, Metal libre de niquel y Cuero vegano.<\/li>\n<\/ul>\n<p>\u00a1La colecci\u00f3n Fetish Submisive es la perfecta para el BDSM, calidad y resistencia aptas para cualquier juego!<\/p>\n<p>Usa estas esposas junto a otros accesorios de la colecci\u00f3n, FETISH SUBMISIVE.<\/p>\n<p>100% Ajustable.<\/p>\n<p style=\"text-align: center;\">\u00a0<\/p>","protected":false},"excerpt":{"rendered":"<p>FETISH SUBMISSIVE ORIGEN &#8211; VEGAN LEATHER HANDCUFFS WITH NEOPRENE LINING<\/p>","protected":false},"featured_media":58131,"comment_status":"open","ping_status":"closed","template":"","meta":{"_monsterinsights_skip_tracking":false,"_monsterinsights_sitenote_active":false,"_monsterinsights_sitenote_note":"","_monsterinsights_sitenote_category":0,"_joinchat":[]},"product_brand":[],"product_cat":[1175,1178,1395,1152,1247],"product_tag":[],"class_list":{"0":"post-32937","1":"product","2":"type-product","3":"status-publish","4":"has-post-thumbnail","6":"product_cat-bdsm-bondage","7":"product_cat-bdsm-bondage-bondage","8":"product_cat-bdsm-bondage-bondageesposas","9":"product_cat-juguetes-bienestar","10":"product_cat-juguetes-bienestar-mascaras-y-esposas","11":"yith_product_brand-fetish-submissive","12":"yith_product_brand-fetish-submissivefetish-submissive-origin","14":"first","15":"instock","16":"taxable","17":"shipping-taxable","18":"purchasable","19":"product-type-simple"},"aioseo_notices":[],"_links":{"self":[{"href":"https:\/\/www.mysexualfantasy.eu\/en\/wp-json\/wp\/v2\/product\/32937","targetHints":{"allow":["GET"]}}],"collection":[{"href":"https:\/\/www.mysexualfantasy.eu\/en\/wp-json\/wp\/v2\/product"}],"about":[{"href":"https:\/\/www.mysexualfantasy.eu\/en\/wp-json\/wp\/v2\/types\/product"}],"replies":[{"embeddable":true,"href":"https:\/\/www.mysexualfantasy.eu\/en\/wp-json\/wp\/v2\/comments?post=32937"}],"wp:featuredmedia":[{"embeddable":true,"href":"https:\/\/www.mysexualfantasy.eu\/en\/wp-json\/wp\/v2\/media\/58131"}],"wp:attachment":[{"href":"https:\/\/www.mysexualfantasy.eu\/en\/wp-json\/wp\/v2\/media?parent=32937"}],"wp:term":[{"taxonomy":"product_brand","embeddable":true,"href":"https:\/\/www.mysexualfantasy.eu\/en\/wp-json\/wp\/v2\/product_brand?post=32937"},{"taxonomy":"product_cat","embeddable":true,"href":"https:\/\/www.mysexualfantasy.eu\/en\/wp-json\/wp\/v2\/product_cat?post=32937"},{"taxonomy":"product_tag","embeddable":true,"href":"https:\/\/www.mysexualfantasy.eu\/en\/wp-json\/wp\/v2\/product_tag?post=32937"}],"curies":[{"name":"wp","href":"https:\/\/api.w.org\/{rel}","templated":true}]}}