{"id":32950,"date":"2023-01-13T12:39:57","date_gmt":"2023-01-13T12:39:57","guid":{"rendered":"https:\/\/www.mysexualfantasy.eu\/?post_type=product&#038;p=32950"},"modified":"2023-12-06T15:03:07","modified_gmt":"2023-12-06T15:03:07","slug":"vince-michaels-lubricante-pera-con-vainilla-caliente-50ml","status":"publish","type":"product","link":"https:\/\/www.mysexualfantasy.eu\/en\/product\/vince-michaels-lubricante-pera-con-vainilla-caliente-50ml\/","title":{"rendered":"VINCEN  MICHAEL&#8217;S &#8211; LUBRICANTE  PERA CON VAINILLA CALIENTE  50ML"},"content":{"rendered":"<p>Este lubricante profesional es un afrodis\u00edaco a base de hierbas que consiste en una fina mezcla de aceites vegetales cuidadosamente perfumados con una peque\u00f1a selecci\u00f3n de aceites esenciales puros.<\/p>\n<p>Aplicar el lubricante sobre las zonas er\u00f3genas y dar un peque\u00f1o masaje. Para una experiencia m\u00e1s c\u00f3moda, aplique el lubricante y rep\u00e1rtalo bien por toda la zona er\u00f3gena, sentir\u00e1 una fricci\u00f3n perfecta.<\/p>\n<p>Este lubricante es 100% vegano y una muy buena opci\u00f3n para profesionales del sexo.<\/p>\n<ul>\n<li>Envase 50ml<\/li>\n<li>Fragancia a\u00a0 Pera con Vainilla caliente.<\/li>\n<\/ul>","protected":false},"excerpt":{"rendered":"<p>PACKAGING DISPONIBLE EN: \/en\/es\/fr\/de\/it\/nl\/se\/<\/p>","protected":false},"featured_media":52540,"comment_status":"open","ping_status":"closed","template":"","meta":{"_monsterinsights_skip_tracking":false,"_monsterinsights_sitenote_active":false,"_monsterinsights_sitenote_note":"","_monsterinsights_sitenote_category":0,"_joinchat":[]},"product_brand":[],"product_cat":[1212,1203,1206],"product_tag":[],"class_list":{"0":"post-32950","1":"product","2":"type-product","3":"status-publish","4":"has-post-thumbnail","6":"product_cat-drogueria-lubricantescon-deliciosos-sabores","7":"product_cat-drogueria","8":"product_cat-drogueria-lubricantes","9":"yith_product_brand-vince-michael-s","11":"first","12":"instock","13":"taxable","14":"shipping-taxable","15":"purchasable","16":"product-type-simple"},"aioseo_notices":[],"_links":{"self":[{"href":"https:\/\/www.mysexualfantasy.eu\/en\/wp-json\/wp\/v2\/product\/32950","targetHints":{"allow":["GET"]}}],"collection":[{"href":"https:\/\/www.mysexualfantasy.eu\/en\/wp-json\/wp\/v2\/product"}],"about":[{"href":"https:\/\/www.mysexualfantasy.eu\/en\/wp-json\/wp\/v2\/types\/product"}],"replies":[{"embeddable":true,"href":"https:\/\/www.mysexualfantasy.eu\/en\/wp-json\/wp\/v2\/comments?post=32950"}],"wp:featuredmedia":[{"embeddable":true,"href":"https:\/\/www.mysexualfantasy.eu\/en\/wp-json\/wp\/v2\/media\/52540"}],"wp:attachment":[{"href":"https:\/\/www.mysexualfantasy.eu\/en\/wp-json\/wp\/v2\/media?parent=32950"}],"wp:term":[{"taxonomy":"product_brand","embeddable":true,"href":"https:\/\/www.mysexualfantasy.eu\/en\/wp-json\/wp\/v2\/product_brand?post=32950"},{"taxonomy":"product_cat","embeddable":true,"href":"https:\/\/www.mysexualfantasy.eu\/en\/wp-json\/wp\/v2\/product_cat?post=32950"},{"taxonomy":"product_tag","embeddable":true,"href":"https:\/\/www.mysexualfantasy.eu\/en\/wp-json\/wp\/v2\/product_tag?post=32950"}],"curies":[{"name":"wp","href":"https:\/\/api.w.org\/{rel}","templated":true}]}}