{"id":32952,"date":"2023-01-13T14:37:20","date_gmt":"2023-01-13T14:37:20","guid":{"rendered":"https:\/\/www.mysexualfantasy.eu\/?post_type=product&#038;p=32952"},"modified":"2023-12-06T16:05:31","modified_gmt":"2023-12-06T16:05:31","slug":"ohmama-dedal-estimulador-con-rabbit","status":"publish","type":"product","link":"https:\/\/www.mysexualfantasy.eu\/en\/product\/ohmama-dedal-estimulador-con-rabbit\/","title":{"rendered":"OHMAMA &#8211; DEDAL ESTIMULADOR CON RABBIT"},"content":{"rendered":"<p>\u00a1Oh mama! Cuando tu \u201cdedo\u201d necesita un poco de ayuda y apoyo, este elegante vibrador para el dedo, \u00a1est\u00e1 preparado para echarte una mano! Fabricado 100% de suave silicona y con una bala vibradora de potente velocidad. Este juguete llegar\u00e1 a una impresionante velocidad de 11.000 rpm, para asegure de que la satisfacci\u00f3n sea garant\u00eda.<\/p>\n<p>El ultra m\u00ednimo ruido, de menos de 60 dB y su dise\u00f1o ergon\u00f3mico, hace que este juguete sea muy discreto y agradable a la vista.<\/p>\n<p>Caracter\u00edsticas:<\/p>\n<ul>\n<li>Medidas: 9.8\u00a0x 5 cm<\/li>\n<li>Material: ABS, Silicona<\/li>\n<li>Resistente al agua \/ Sumergible, categor\u00eda IPX6<\/li>\n<li>Sin phalatos<\/li>\n<li>Pilas: incl. &#8211; 3x LR44<\/li>\n<li>Potente velocidad<\/li>\n<li>Sumergible, categor\u00eda IPX6<\/li>\n<li>Presentaci\u00f3n ; Hygienic Bag 180<\/li>\n<\/ul>\n<p>Silicona ecol\u00f3gica, hipoalerg\u00e9nica, que proporciona una sensaci\u00f3n de seda \u00fanica.<\/p>\n<p>LA MARCA<\/p>\n<p>La gama de productos OHMAMA es perfecta para regalar. Un producto al alcance de todos con una calidad perfecta. Una combinaci\u00f3n \u00fanica en esta l\u00ednea de juguetes especial edici\u00f3n Navidad.<\/p>","protected":false},"excerpt":{"rendered":"<p>OHMAMA &#8211; FINGER RABBIT VIBRATOR<\/p>","protected":false},"featured_media":69594,"comment_status":"open","ping_status":"closed","template":"","meta":{"_monsterinsights_skip_tracking":false,"_monsterinsights_sitenote_active":false,"_monsterinsights_sitenote_note":"","_monsterinsights_sitenote_category":0,"_joinchat":[]},"product_brand":[],"product_cat":[1156,1152,1155,1294,1163,1153,1312],"product_tag":[],"class_list":{"0":"post-32952","1":"product","2":"type-product","3":"status-publish","4":"has-post-thumbnail","6":"product_cat-juguetes-bienestar-juguetes-para-mujeresestimuladores","7":"product_cat-juguetes-bienestar","8":"product_cat-juguetes-bienestar-juguetes-para-mujeres","9":"product_cat-juguetes-bienestar-vibradoresmini-vibradores","10":"product_cat-juguetes-bienestar-juguetes-para-mujeresestimuladorespara-clitoris","11":"product_cat-juguetes-bienestar-vibradores","12":"product_cat-juguetes-bienestar-vibradoresvibradores-dedo","13":"yith_product_brand-ohmama","14":"yith_product_brand-ohmamaohmama-stimulating","16":"first","17":"instock","18":"taxable","19":"shipping-taxable","20":"purchasable","21":"product-type-simple"},"aioseo_notices":[],"_links":{"self":[{"href":"https:\/\/www.mysexualfantasy.eu\/en\/wp-json\/wp\/v2\/product\/32952","targetHints":{"allow":["GET"]}}],"collection":[{"href":"https:\/\/www.mysexualfantasy.eu\/en\/wp-json\/wp\/v2\/product"}],"about":[{"href":"https:\/\/www.mysexualfantasy.eu\/en\/wp-json\/wp\/v2\/types\/product"}],"replies":[{"embeddable":true,"href":"https:\/\/www.mysexualfantasy.eu\/en\/wp-json\/wp\/v2\/comments?post=32952"}],"wp:featuredmedia":[{"embeddable":true,"href":"https:\/\/www.mysexualfantasy.eu\/en\/wp-json\/wp\/v2\/media\/69594"}],"wp:attachment":[{"href":"https:\/\/www.mysexualfantasy.eu\/en\/wp-json\/wp\/v2\/media?parent=32952"}],"wp:term":[{"taxonomy":"product_brand","embeddable":true,"href":"https:\/\/www.mysexualfantasy.eu\/en\/wp-json\/wp\/v2\/product_brand?post=32952"},{"taxonomy":"product_cat","embeddable":true,"href":"https:\/\/www.mysexualfantasy.eu\/en\/wp-json\/wp\/v2\/product_cat?post=32952"},{"taxonomy":"product_tag","embeddable":true,"href":"https:\/\/www.mysexualfantasy.eu\/en\/wp-json\/wp\/v2\/product_tag?post=32952"}],"curies":[{"name":"wp","href":"https:\/\/api.w.org\/{rel}","templated":true}]}}