{"id":32960,"date":"2023-01-13T13:40:22","date_gmt":"2023-01-13T13:40:22","guid":{"rendered":"https:\/\/www.mysexualfantasy.eu\/?post_type=product&#038;p=32960"},"modified":"2023-12-06T16:05:34","modified_gmt":"2023-12-06T16:05:34","slug":"ohmama-bolas-anales-silicona-30-cm","status":"publish","type":"product","link":"https:\/\/www.mysexualfantasy.eu\/en\/product\/ohmama-bolas-anales-silicona-30-cm\/","title":{"rendered":"OHMAMA &#8211; BOLAS ANALES SILICONA 30 CM"},"content":{"rendered":"<p>\u00a1OH mama! Eso es exactamente lo que dir\u00e1s usando esta\u00a0fabulosa cadena anal de suave silicona m\u00e9dica de 30 cm. Introducelos aplicando una buena cantidad de lubricante (Ohmama recomienda su uso con los lubricantes Waterfeel para una lubricaci\u00f3n duradera y\u00a0de calidad) y \u00a1disfruta de todo lo que puede darte!<\/p>\n<p><strong><u>Caracter\u00edsticas:\u00a0<\/u><\/strong><\/p>\n<ul>\n<li>Cadena anal\u00a0<\/li>\n<li>Suave silicona m\u00e9dica\u00a0<\/li>\n<li>Sin ftlalatos\u00a0<\/li>\n<li>N\u00f3dulos y asa con doble orificio. F\u00e1cil extracci\u00f3n\u00a0<\/li>\n<li>Medidas:\u00a0\n<ul>\n<li>Longitud total: 33.5\u00a0cm\u00a0<\/li>\n<li>Longitud insertable: 30 cm\u00a0<\/li>\n<li>Max di\u00e1metro insertable: 2.4 cm\u00a0<\/li>\n<\/ul>\n<\/li>\n<li>Flexible<\/li>\n<\/ul>\n<p><strong>LA MARCA<\/strong><\/p>\n<p>La gama de productos OHMAMA es perfecta para regalar. Un producto al alcance de todos con una calidad perfecta. Una combinaci\u00f3n \u00fanica en esta l\u00ednea de juguetes especial edici\u00f3n Navidad.<\/p>\n<p>\u00a0<\/p>","protected":false},"excerpt":{"rendered":"<p>OHMAMA &#8211; SILICONE ANAL BEADS 30 CM<\/p>","protected":false},"featured_media":60290,"comment_status":"open","ping_status":"closed","template":"","meta":{"_monsterinsights_skip_tracking":false,"_monsterinsights_sitenote_active":false,"_monsterinsights_sitenote_note":"","_monsterinsights_sitenote_category":0,"_joinchat":[]},"product_brand":[],"product_cat":[1162,1306,1152,1155,1309],"product_tag":[],"class_list":{"0":"post-32960","1":"product","2":"type-product","3":"status-publish","4":"has-post-thumbnail","6":"product_cat-juguetes-bienestar-anal","7":"product_cat-juguetes-bienestar-analdildos-anales","8":"product_cat-juguetes-bienestar","9":"product_cat-juguetes-bienestar-juguetes-para-mujeres","10":"product_cat-juguetes-bienestar-juguetes-para-mujerespunto-g","11":"yith_product_brand-ohmama","12":"yith_product_brand-ohmamaohmama-anal","14":"first","15":"instock","16":"taxable","17":"shipping-taxable","18":"purchasable","19":"product-type-simple"},"aioseo_notices":[],"_links":{"self":[{"href":"https:\/\/www.mysexualfantasy.eu\/en\/wp-json\/wp\/v2\/product\/32960","targetHints":{"allow":["GET"]}}],"collection":[{"href":"https:\/\/www.mysexualfantasy.eu\/en\/wp-json\/wp\/v2\/product"}],"about":[{"href":"https:\/\/www.mysexualfantasy.eu\/en\/wp-json\/wp\/v2\/types\/product"}],"replies":[{"embeddable":true,"href":"https:\/\/www.mysexualfantasy.eu\/en\/wp-json\/wp\/v2\/comments?post=32960"}],"wp:featuredmedia":[{"embeddable":true,"href":"https:\/\/www.mysexualfantasy.eu\/en\/wp-json\/wp\/v2\/media\/60290"}],"wp:attachment":[{"href":"https:\/\/www.mysexualfantasy.eu\/en\/wp-json\/wp\/v2\/media?parent=32960"}],"wp:term":[{"taxonomy":"product_brand","embeddable":true,"href":"https:\/\/www.mysexualfantasy.eu\/en\/wp-json\/wp\/v2\/product_brand?post=32960"},{"taxonomy":"product_cat","embeddable":true,"href":"https:\/\/www.mysexualfantasy.eu\/en\/wp-json\/wp\/v2\/product_cat?post=32960"},{"taxonomy":"product_tag","embeddable":true,"href":"https:\/\/www.mysexualfantasy.eu\/en\/wp-json\/wp\/v2\/product_tag?post=32960"}],"curies":[{"name":"wp","href":"https:\/\/api.w.org\/{rel}","templated":true}]}}