{"id":32989,"date":"2023-01-13T13:40:38","date_gmt":"2023-01-13T13:40:38","guid":{"rendered":"https:\/\/www.mysexualfantasy.eu\/?post_type=product&#038;p=32989"},"modified":"2023-12-06T16:05:35","modified_gmt":"2023-12-06T16:05:35","slug":"ohmama-plug-anal-silicona-curvado-punto-p-12-cm","status":"publish","type":"product","link":"https:\/\/www.mysexualfantasy.eu\/en\/product\/ohmama-plug-anal-silicona-curvado-punto-p-12-cm\/","title":{"rendered":"OHMAMA &#8211; PLUG ANAL SILICONA CURVADO PUNTO P 12 CM"},"content":{"rendered":"<p>\u00a1OH mama! Eso es exactamente lo que dir\u00e1s en el momento que compruebes lo que conseguir\u00e1s con este fabuloso plug anal de silicona. Su silicona m\u00e9dica hipoalerg\u00e9nica es super suave y su dise\u00f1o y ergonom\u00eda permiten una f\u00e1cil inserci\u00f3n gracias a su punta c\u00f3nica y su tope permitir\u00e1n que no se desplace m\u00e1s de lo deseado y puedas extraerlo con seguridad. Aplica una cantidad generosa de lubricante (Ohmama recomienda su uso con los lubricantes Waterfeel para una lubricaci\u00f3n duradera y\u00a0de calidad) y \u00a1disfruta de todo lo que puede darte!<\/p>\n<p><u><strong>Caracter\u00edsticas:\u00a0<\/strong><\/u><\/p>\n<ul>\n<li>Plug anal silicona\u00a0<\/li>\n<li>Silicona m\u00e9dica hipoalerg\u00e9nica\u00a0<\/li>\n<li>Sin ftalatos<\/li>\n<li>Ergon\u00f3mico\u00a0<\/li>\n<li>Medidas plug:\u00a0\n<ul>\n<li>Longitud total: 12 cm\u00a0<\/li>\n<li>Longitud insertable: 11.2 cm\u00a0<\/li>\n<li>Di\u00e1metro: 3.2\u00a0cm\u00a0<\/li>\n<\/ul>\n<\/li>\n<li>Presentaci\u00f3n en bolsa (no caja)<\/li>\n<li>Con ventosa\u00a0<\/li>\n<\/ul>\n<p>\u00a0<\/p>\n<p><strong>LA MARCA<\/strong><\/p>\n<p>La gama de productos OHMAMA es perfecta para regalar. Un producto al alcance de todos con una calidad perfecta. Una combinaci\u00f3n \u00fanica en esta l\u00ednea de juguetes especial edici\u00f3n Navidad.<\/p>","protected":false},"excerpt":{"rendered":"<p>OHMAMA &#8211; CURVED SILICONE BUTT PLUG P-SPOT 12 CM<\/p>","protected":false},"featured_media":60336,"comment_status":"open","ping_status":"closed","template":"","meta":{"_monsterinsights_skip_tracking":false,"_monsterinsights_sitenote_active":false,"_monsterinsights_sitenote_note":"","_monsterinsights_sitenote_category":0,"_joinchat":[]},"product_brand":[],"product_cat":[1162,1306,1152,1155,1189,1309],"product_tag":[],"class_list":{"0":"post-32989","1":"product","2":"type-product","3":"status-publish","4":"has-post-thumbnail","6":"product_cat-juguetes-bienestar-anal","7":"product_cat-juguetes-bienestar-analdildos-anales","8":"product_cat-juguetes-bienestar","9":"product_cat-juguetes-bienestar-juguetes-para-mujeres","10":"product_cat-juguetes-bienestar-analplugs-anales","11":"product_cat-juguetes-bienestar-juguetes-para-mujerespunto-g","12":"yith_product_brand-ohmama","13":"yith_product_brand-ohmamaohmama-anal","15":"first","16":"instock","17":"taxable","18":"shipping-taxable","19":"purchasable","20":"product-type-simple"},"aioseo_notices":[],"_links":{"self":[{"href":"https:\/\/www.mysexualfantasy.eu\/en\/wp-json\/wp\/v2\/product\/32989","targetHints":{"allow":["GET"]}}],"collection":[{"href":"https:\/\/www.mysexualfantasy.eu\/en\/wp-json\/wp\/v2\/product"}],"about":[{"href":"https:\/\/www.mysexualfantasy.eu\/en\/wp-json\/wp\/v2\/types\/product"}],"replies":[{"embeddable":true,"href":"https:\/\/www.mysexualfantasy.eu\/en\/wp-json\/wp\/v2\/comments?post=32989"}],"wp:featuredmedia":[{"embeddable":true,"href":"https:\/\/www.mysexualfantasy.eu\/en\/wp-json\/wp\/v2\/media\/60336"}],"wp:attachment":[{"href":"https:\/\/www.mysexualfantasy.eu\/en\/wp-json\/wp\/v2\/media?parent=32989"}],"wp:term":[{"taxonomy":"product_brand","embeddable":true,"href":"https:\/\/www.mysexualfantasy.eu\/en\/wp-json\/wp\/v2\/product_brand?post=32989"},{"taxonomy":"product_cat","embeddable":true,"href":"https:\/\/www.mysexualfantasy.eu\/en\/wp-json\/wp\/v2\/product_cat?post=32989"},{"taxonomy":"product_tag","embeddable":true,"href":"https:\/\/www.mysexualfantasy.eu\/en\/wp-json\/wp\/v2\/product_tag?post=32989"}],"curies":[{"name":"wp","href":"https:\/\/api.w.org\/{rel}","templated":true}]}}