{"id":33000,"date":"2023-01-13T11:37:10","date_gmt":"2023-01-13T11:37:10","guid":{"rendered":"https:\/\/www.mysexualfantasy.eu\/?post_type=product&#038;p=33000"},"modified":"2023-12-06T15:22:50","modified_gmt":"2023-12-06T15:22:50","slug":"cyber-silicock-arnes-silicona-liquida-saul","status":"publish","type":"product","link":"https:\/\/www.mysexualfantasy.eu\/en\/product\/cyber-silicock-arnes-silicona-liquida-saul\/","title":{"rendered":"CYBER SILICOCK ARN\u00c9S SILICONA LIQUIDA SAUL"},"content":{"rendered":"<p>Experimenta la emoci\u00f3n de tener el control con este delicioso arn\u00e9s para principiantes o avanzados. Fabricado con material muy confortable, este cl\u00e1sico arn\u00e9s es ideal para aquellos que se inician en los juegos de arn\u00e9s .<\/p>\n<p>Ha sido especialmente dise\u00f1ado para los dildos CYBERSILICOCK \u00a9 y la confortabilidad en base al dise\u00f1o y tama\u00f1o.<\/p>\n<p>El c\u00f3modo arn\u00e9s de vinilo se ajusta a casi todas las tallas.<\/p>\n<p>El arn\u00e9s universal CYBERSILICOCK \u00a9. \u00a0\u00a0incluye 3 anillos para sujetar su consolador. Puedes usarlo con la mayor\u00eda de dildos de la colecci\u00f3n CYBERSILICOCK \u00a9<\/p>\n<p>Los di\u00e1metros de los anillos de silicona son: Peque\u00f1o 3,2 cm; Mediano 4,2 cm; Grande 5,2 cm.<\/p>\n<p>La forma natural y la composici\u00f3n del material cybersilicock hacen que este dildo real\u00edstico parezca particularmente real. Su forma recta, que termina en un glande definido con precisi\u00f3n, y la aut\u00e9ntica base de los test\u00edculos lo miman de manera embriagadora y sensual. Si prefiere que la mimen por v\u00eda vaginal o anal depende totalmente de usted. Ambos son f\u00e1cilmente posibles con Saul. La ventosa ancha es estable en superficies lisas y, por lo tanto, el consolador tambi\u00e9n es adecuado para aventuras desenfrenadas en la ducha y el ba\u00f1o, solos o juntos.<\/p>\n<ul>\n<li>Longitud total;\u00a0 21 cm<\/li>\n<li>Longitud insertable; 15.5 cm<\/li>\n<li>Ancho;\u00a0 4.2 cm<\/li>\n<\/ul>\n<p>Cuando compras este producto obtiene; ARNES + DILDO CYBERSILICOCK + 3 ANILLAS SILICONA.<\/p>\n<p>MATERIAL Y CUIDADO<\/p>\n<p>El consolador est\u00e1 hecho de silicona medica liquida. La silicona medica liquida es agradable para la piel almacena r\u00e1pidamente el calor corporal y hace que su experiencia sea particularmente sensual. Sin embargo, es importante que te asegures de usar un lubricante a base de agua junto con cada juguete de silicona, de lo contrario, el juguete podr\u00eda da\u00f1arse o deformarse. Al limpiar el juguete, obtendr\u00e1 el mejor resultado con un limpiador de juguetes antibacteriano.LA MARCA CYBERSILICOK<\/p>\n<p>Como sugiere el nombre, los juguetes de CYBERSILICOCK est\u00e1n hechos de silicona. Los dildos naturales con un dise\u00f1o real\u00edstico son muy adecuados para principiantes o personas avanzadas en los juegos sexuales. Originalmente cybersilicock naci\u00f3 como una marca tecnol\u00f3gica de vibradores control remoto con funciones incre\u00edbles. Sin Embargo, muchos clientes solicitaban dildos sin vibraci\u00f3n con el mismo material que cybersilicock. Ahora es toda una realidad y los dildos cybersilicock han llegado para seguir sorprendiendo.<\/p>","protected":false},"excerpt":{"rendered":"<p>CYBER SILICOCK STRAP-ON SAUL  LIQUID SILICONE WITH 3 RINGS FREE<\/p>","protected":false},"featured_media":36557,"comment_status":"open","ping_status":"closed","template":"","meta":{"_monsterinsights_skip_tracking":false,"_monsterinsights_sitenote_active":false,"_monsterinsights_sitenote_note":"","_monsterinsights_sitenote_category":0,"_joinchat":[]},"product_brand":[],"product_cat":[1173,1174,1152],"product_tag":[],"class_list":{"0":"post-33000","1":"product","2":"type-product","3":"status-publish","4":"has-post-thumbnail","6":"product_cat-juguetes-bienestar-arneses","7":"product_cat-juguetes-bienestar-arnesesarneses-sin-vibracion","8":"product_cat-juguetes-bienestar","9":"yith_product_brand-cyber-silicock","11":"first","12":"instock","13":"taxable","14":"shipping-taxable","15":"purchasable","16":"product-type-simple"},"aioseo_notices":[],"_links":{"self":[{"href":"https:\/\/www.mysexualfantasy.eu\/en\/wp-json\/wp\/v2\/product\/33000","targetHints":{"allow":["GET"]}}],"collection":[{"href":"https:\/\/www.mysexualfantasy.eu\/en\/wp-json\/wp\/v2\/product"}],"about":[{"href":"https:\/\/www.mysexualfantasy.eu\/en\/wp-json\/wp\/v2\/types\/product"}],"replies":[{"embeddable":true,"href":"https:\/\/www.mysexualfantasy.eu\/en\/wp-json\/wp\/v2\/comments?post=33000"}],"wp:featuredmedia":[{"embeddable":true,"href":"https:\/\/www.mysexualfantasy.eu\/en\/wp-json\/wp\/v2\/media\/36557"}],"wp:attachment":[{"href":"https:\/\/www.mysexualfantasy.eu\/en\/wp-json\/wp\/v2\/media?parent=33000"}],"wp:term":[{"taxonomy":"product_brand","embeddable":true,"href":"https:\/\/www.mysexualfantasy.eu\/en\/wp-json\/wp\/v2\/product_brand?post=33000"},{"taxonomy":"product_cat","embeddable":true,"href":"https:\/\/www.mysexualfantasy.eu\/en\/wp-json\/wp\/v2\/product_cat?post=33000"},{"taxonomy":"product_tag","embeddable":true,"href":"https:\/\/www.mysexualfantasy.eu\/en\/wp-json\/wp\/v2\/product_tag?post=33000"}],"curies":[{"name":"wp","href":"https:\/\/api.w.org\/{rel}","templated":true}]}}