{"id":33007,"date":"2023-01-13T11:38:04","date_gmt":"2023-01-13T11:38:04","guid":{"rendered":"https:\/\/www.mysexualfantasy.eu\/?post_type=product&#038;p=33007"},"modified":"2023-12-06T14:57:21","modified_gmt":"2023-12-06T14:57:21","slug":"cyber-silicock-arnes-silicona-liquida-ben-control-remoto","status":"publish","type":"product","link":"https:\/\/www.mysexualfantasy.eu\/en\/product\/cyber-silicock-arnes-silicona-liquida-ben-control-remoto\/","title":{"rendered":"CYBER SILICOCK ARN\u00c9S SILICONA LIQUIDA BEN CONTROL REMOTO"},"content":{"rendered":"<p>Experimenta la emoci\u00f3n de tener el control con este delicioso arn\u00e9s para principiantes o avanzados. Fabricado con material muy confortable, este cl\u00e1sico arn\u00e9s es ideal para aquellos que se inician en los juegos de arn\u00e9s .<\/p>\n<p>Ha sido especialmente dise\u00f1ado para los dildos CYBERSILICOCK \u00a9 y la confortabilidad en base al dise\u00f1o y tama\u00f1o.<\/p>\n<p>El c\u00f3modo arn\u00e9s de vinilo se ajusta a casi todas las tallas.<\/p>\n<p>El arn\u00e9s universal CYBERSILICOCK \u00a9. \u00a0\u00a0incluye 3 anillos para sujetar su consolador. Puedes usarlo con la mayor\u00eda de dildos de la colecci\u00f3n CYBERSILICOCK \u00a9<\/p>\n<p>Los di\u00e1metros de los anillos de silicona son: Peque\u00f1o 3,2 cm; Mediano 4,2 cm; Grande 5,2 cm.<\/p>\n<p>La revoluci\u00f3n en Cyber piel ha llegado\u2026 CYBER SILICONE SKIN<\/p>\n<p>Nunca un acabado en silicona fue tan realista, flexible, t\u00e9rmico, y con las incansables funciones que siempre so\u00f1aste.<\/p>\n<p>Master Ben el mejor toy ultra realista fabricado hasta hoy, y si te parece poco, lib\u00e9rate de las manos gracias a su mando a distancia, y potentes motores multi frecuencia.<\/p>\n<p>Dispone de 7 diferentes patrones de Vibraci\u00f3n a la vez que su sistema Up  Down te penetrara incansable, su ventosa deja rienda suelta a infinidad de posiciones.<\/p>\n<p>Sus detalles como sus venas, cabeza y test\u00edculos en CYBER SILICONE SKIN, har\u00e1n que tus orgasmos sean como siempre so\u00f1aste, REALES\u2026<\/p>\n<ul>\n<li>Silicona tacto Piel libre de ftlatos<\/li>\n<li>Control remoto<\/li>\n<li>Recargable con USB incluido<\/li>\n<li>Forma real para experiencia real<\/li>\n<li>Base con succi\u00f3n fuerte y segura, col\u00f3calo sobre una base lisa y disfruta de una acci\u00f3n completa.<\/li>\n<li>Medidas:\n<ul>\n<li>Longitud total: 23.88 cm<\/li>\n<li>Longitud insertable: 16.5\u00a0cm<\/li>\n<li>Di\u00e1metro insertable: 4.3 cm<\/li>\n<li>Longitud insertable: 17 cm<\/li>\n<li>Di\u00e1metro insertable: 4 cm<\/li>\n<\/ul>\n<\/li>\n<\/ul>\n<p>Cuando compras este producto obtiene; ARNES + DILDO CYBERSILICOCK + 3 ANILLAS SILICONA.<\/p>\n<p>MATERIAL Y CUIDADO<\/p>\n<p>El consolador est\u00e1 hecho de silicona medica liquida. La silicona medica liquida es agradable para la piel almacena r\u00e1pidamente el calor corporal y hace que su experiencia sea particularmente sensual. Sin embargo, es importante que te asegures de usar un lubricante a base de agua junto con cada juguete de silicona, de lo contrario, el juguete podr\u00eda da\u00f1arse o deformarse. Al limpiar el juguete, obtendr\u00e1 el mejor resultado con un limpiador de juguetes antibacteriano.<\/p>","protected":false},"excerpt":{"rendered":"<p>CYBER SILICOCK STRAP-ON MASTER BEN LIQUID SILICONE REMOTE CONTROL<\/p>","protected":false},"featured_media":39990,"comment_status":"open","ping_status":"closed","template":"","meta":{"_monsterinsights_skip_tracking":false,"_monsterinsights_sitenote_active":false,"_monsterinsights_sitenote_note":"","_monsterinsights_sitenote_category":0,"_joinchat":[]},"product_brand":[],"product_cat":[1173,1152,1153,1154],"product_tag":[],"class_list":{"0":"post-33007","1":"product","2":"type-product","3":"status-publish","4":"has-post-thumbnail","6":"product_cat-juguetes-bienestar-arneses","7":"product_cat-juguetes-bienestar","8":"product_cat-juguetes-bienestar-vibradores","9":"product_cat-juguetes-bienestar-vibradoresvibradores-control-remoto","10":"yith_product_brand-cyber-silicock","12":"first","13":"instock","14":"taxable","15":"shipping-taxable","16":"purchasable","17":"product-type-simple"},"aioseo_notices":[],"_links":{"self":[{"href":"https:\/\/www.mysexualfantasy.eu\/en\/wp-json\/wp\/v2\/product\/33007","targetHints":{"allow":["GET"]}}],"collection":[{"href":"https:\/\/www.mysexualfantasy.eu\/en\/wp-json\/wp\/v2\/product"}],"about":[{"href":"https:\/\/www.mysexualfantasy.eu\/en\/wp-json\/wp\/v2\/types\/product"}],"replies":[{"embeddable":true,"href":"https:\/\/www.mysexualfantasy.eu\/en\/wp-json\/wp\/v2\/comments?post=33007"}],"wp:featuredmedia":[{"embeddable":true,"href":"https:\/\/www.mysexualfantasy.eu\/en\/wp-json\/wp\/v2\/media\/39990"}],"wp:attachment":[{"href":"https:\/\/www.mysexualfantasy.eu\/en\/wp-json\/wp\/v2\/media?parent=33007"}],"wp:term":[{"taxonomy":"product_brand","embeddable":true,"href":"https:\/\/www.mysexualfantasy.eu\/en\/wp-json\/wp\/v2\/product_brand?post=33007"},{"taxonomy":"product_cat","embeddable":true,"href":"https:\/\/www.mysexualfantasy.eu\/en\/wp-json\/wp\/v2\/product_cat?post=33007"},{"taxonomy":"product_tag","embeddable":true,"href":"https:\/\/www.mysexualfantasy.eu\/en\/wp-json\/wp\/v2\/product_tag?post=33007"}],"curies":[{"name":"wp","href":"https:\/\/api.w.org\/{rel}","templated":true}]}}