{"id":33040,"date":"2023-01-13T12:51:13","date_gmt":"2023-01-13T12:51:13","guid":{"rendered":"https:\/\/www.mysexualfantasy.eu\/?post_type=product&#038;p=33040"},"modified":"2023-12-06T16:19:58","modified_gmt":"2023-12-06T16:19:58","slug":"coquette-chic-desire-pulse-gel-sativa-vibracion-extrema-premium-6ml","status":"publish","type":"product","link":"https:\/\/www.mysexualfantasy.eu\/en\/product\/coquette-chic-desire-pulse-gel-sativa-vibracion-extrema-premium-6ml\/","title":{"rendered":"COQUETTE CHIC DESIRE &#8211; PULSE GEL SATIVA VIBRACI\u00d3N EXTREMA PREMIUM 6ML"},"content":{"rendered":"<p>Te presentamos las nuevos productos COQUETTE CHIC DESIRE\u00a0SENSE PULSE GEL, con efecto vibraci\u00f3n. Se aplica sobre la piel como cualquier otro gel para masaje er\u00f3tico o lubricante convencional. Pero los efectos de este l\u00edquido de placer son muy distintos a los de cualquier otro producto de esta misma categor\u00eda.<\/p>\n<p>El vibrador l\u00edquido m\u00e1s completo ya est\u00e1 disponible. Disfruta de olas de sensaciones con sus funciones de calentamiento, pulsaci\u00f3n y vibraci\u00f3n que duran hasta 30 minutos. Es unisex y puede usarse durante la penetraci\u00f3n, para la masturbaci\u00f3n, para unos besos apasionados y para un sexo oral con sabor a cannabis sativa. Instrucciones: Solo tendr\u00e1s que utilizar 3 aerosoles en el cl\u00edtoris o 1 aerosol alrededor del pene.<\/p>\n<p>Al contacto con la piel con este l\u00edquido estimulador sentir\u00e1s sus ondas de vibraci\u00f3n recorriendo tu desnudez y despertando a tu piel para hacer m\u00e1s sensible al placer er\u00f3tico.<\/p>\n<ul>\n<li>Envase con sistema \u201cAirless\u201d,\u00a0<\/li>\n<li>Apto para veganos<\/li>\n<li>100% natural.<\/li>\n<li>6 ml<\/li>\n<li>Unisex<\/li>\n<li>Duraci\u00f3n hasta 30 minutos.<\/li>\n<\/ul>","protected":false},"excerpt":{"rendered":"<p>COQUETTE CHIC DESIRE &#8211; PULSE GEL SATIVA EXTREME VIBRATION PREMIUM 6ML<\/p>","protected":false},"featured_media":53834,"comment_status":"open","ping_status":"closed","template":"","meta":{"_monsterinsights_skip_tracking":false,"_monsterinsights_sitenote_active":false,"_monsterinsights_sitenote_note":"","_monsterinsights_sitenote_category":0,"_joinchat":[]},"product_brand":[],"product_cat":[1203,1209,1225,1360],"product_tag":[],"class_list":{"0":"post-33040","1":"product","2":"type-product","3":"status-publish","4":"has-post-thumbnail","6":"product_cat-drogueria","7":"product_cat-drogueria-estimulantes-para-ellas","8":"product_cat-drogueria-estimulantes-para-ellasintensificador-orgasmos","9":"product_cat-drogueria-estimulantes-para-ellasvibrador-liquido","10":"yith_product_brand-coquette-chic-desire","11":"yith_product_brand-coquette-chic-desirecoquette-cosmetics","13":"first","14":"instock","15":"taxable","16":"shipping-taxable","17":"purchasable","18":"product-type-simple"},"aioseo_notices":[],"_links":{"self":[{"href":"https:\/\/www.mysexualfantasy.eu\/en\/wp-json\/wp\/v2\/product\/33040","targetHints":{"allow":["GET"]}}],"collection":[{"href":"https:\/\/www.mysexualfantasy.eu\/en\/wp-json\/wp\/v2\/product"}],"about":[{"href":"https:\/\/www.mysexualfantasy.eu\/en\/wp-json\/wp\/v2\/types\/product"}],"replies":[{"embeddable":true,"href":"https:\/\/www.mysexualfantasy.eu\/en\/wp-json\/wp\/v2\/comments?post=33040"}],"wp:featuredmedia":[{"embeddable":true,"href":"https:\/\/www.mysexualfantasy.eu\/en\/wp-json\/wp\/v2\/media\/53834"}],"wp:attachment":[{"href":"https:\/\/www.mysexualfantasy.eu\/en\/wp-json\/wp\/v2\/media?parent=33040"}],"wp:term":[{"taxonomy":"product_brand","embeddable":true,"href":"https:\/\/www.mysexualfantasy.eu\/en\/wp-json\/wp\/v2\/product_brand?post=33040"},{"taxonomy":"product_cat","embeddable":true,"href":"https:\/\/www.mysexualfantasy.eu\/en\/wp-json\/wp\/v2\/product_cat?post=33040"},{"taxonomy":"product_tag","embeddable":true,"href":"https:\/\/www.mysexualfantasy.eu\/en\/wp-json\/wp\/v2\/product_tag?post=33040"}],"curies":[{"name":"wp","href":"https:\/\/api.w.org\/{rel}","templated":true}]}}