{"id":33057,"date":"2023-01-13T13:40:48","date_gmt":"2023-01-13T13:40:48","guid":{"rendered":"https:\/\/www.mysexualfantasy.eu\/?post_type=product&#038;p=33057"},"modified":"2023-12-06T15:41:19","modified_gmt":"2023-12-06T15:41:19","slug":"tenga-crysta-masturbador-masculino-block","status":"publish","type":"product","link":"https:\/\/www.mysexualfantasy.eu\/en\/product\/tenga-crysta-masturbador-masculino-block\/","title":{"rendered":"TENGA CRYSTA MASTURBADOR MASCULINO BLOCK"},"content":{"rendered":"<p>Formas flotantes suspendidas por belleza y placer. Con una nueva innovaci\u00f3n en los m\u00e9todos de fabricaci\u00f3n, las piezas flotantes recubiertas de elast\u00f3mero blando crean una experiencia completamente nueva en el cristal. Personalice las sensaciones ajustando la fuerza y la ubicaci\u00f3n de su agarre. \u00a1Descubre un placer apasionante que es diferente cada vez! Bloque: abarca bloques flotantes para disfrutar del impacto.<\/p>\n<p>Block\u00a0<\/p>\n<ul>\n<li>\u00a1Hojas flotantes que garantizan oleadas de placer!<\/li>\n<li>Tama\u00f1o del producto57\u00d757\u00d790mm \/ (An.)\u00d7(L.)\u00d7(Al.)<\/li>\n<li>Peso del producto220gI<\/li>\n<li>Reutilizable<\/li>\n<li>Lubricante incluido<\/li>\n<\/ul>","protected":false},"excerpt":{"rendered":"<p>TENGA CRYSTA STROKER BLOCK<\/p>","protected":false},"featured_media":60370,"comment_status":"open","ping_status":"closed","template":"","meta":{"_monsterinsights_skip_tracking":false,"_monsterinsights_sitenote_active":false,"_monsterinsights_sitenote_note":"","_monsterinsights_sitenote_category":0,"_joinchat":[]},"product_brand":[],"product_cat":[1152,1160,1167],"product_tag":[],"class_list":{"0":"post-33057","1":"product","2":"type-product","3":"status-publish","4":"has-post-thumbnail","6":"product_cat-juguetes-bienestar","7":"product_cat-juguetes-bienestar-juguetes-para-hombres","8":"product_cat-juguetes-bienestar-juguetes-para-hombresmasturbadores-para-ellos","9":"yith_product_brand-tenga","11":"first","12":"instock","13":"taxable","14":"shipping-taxable","15":"purchasable","16":"product-type-simple"},"aioseo_notices":[],"_links":{"self":[{"href":"https:\/\/www.mysexualfantasy.eu\/en\/wp-json\/wp\/v2\/product\/33057","targetHints":{"allow":["GET"]}}],"collection":[{"href":"https:\/\/www.mysexualfantasy.eu\/en\/wp-json\/wp\/v2\/product"}],"about":[{"href":"https:\/\/www.mysexualfantasy.eu\/en\/wp-json\/wp\/v2\/types\/product"}],"replies":[{"embeddable":true,"href":"https:\/\/www.mysexualfantasy.eu\/en\/wp-json\/wp\/v2\/comments?post=33057"}],"wp:featuredmedia":[{"embeddable":true,"href":"https:\/\/www.mysexualfantasy.eu\/en\/wp-json\/wp\/v2\/media\/60370"}],"wp:attachment":[{"href":"https:\/\/www.mysexualfantasy.eu\/en\/wp-json\/wp\/v2\/media?parent=33057"}],"wp:term":[{"taxonomy":"product_brand","embeddable":true,"href":"https:\/\/www.mysexualfantasy.eu\/en\/wp-json\/wp\/v2\/product_brand?post=33057"},{"taxonomy":"product_cat","embeddable":true,"href":"https:\/\/www.mysexualfantasy.eu\/en\/wp-json\/wp\/v2\/product_cat?post=33057"},{"taxonomy":"product_tag","embeddable":true,"href":"https:\/\/www.mysexualfantasy.eu\/en\/wp-json\/wp\/v2\/product_tag?post=33057"}],"curies":[{"name":"wp","href":"https:\/\/api.w.org\/{rel}","templated":true}]}}