{"id":33143,"date":"2023-01-13T13:55:44","date_gmt":"2023-01-13T13:55:44","guid":{"rendered":"https:\/\/www.mysexualfantasy.eu\/?post_type=product&#038;p=33143"},"modified":"2023-12-06T15:22:58","modified_gmt":"2023-12-06T15:22:58","slug":"xray-arnes-dildo-realista-transparente-20cm-x-4-5cm","status":"publish","type":"product","link":"https:\/\/www.mysexualfantasy.eu\/en\/product\/xray-arnes-dildo-realista-transparente-20cm-x-4-5cm\/","title":{"rendered":"XRAY ARN\u00c9S + DILDO REALISTA TRANSPARENTE 20CM X 4.5CM"},"content":{"rendered":"<p><strong>PACK DILDO + ARN\u00c9S\u00a0<\/strong><\/p>\n<p>\u00a1Claramente el mejor Pene!<\/p>\n<p>X Ray Clear es una aut\u00e9ntica experiencia de placer con una formula especialmente desarrollada que optimiza la sensaci\u00f3n suave y sedosa con la firmeza de un dildo real\u00edstico completamente transparente.<\/p>\n<p>X Ray est\u00e1 fabricado con material Jelly de ultima calidad versi\u00f3n 2020, completamente inodoro, suave al tacto y muy f\u00e1cil de limpiar.<\/p>\n<p>\u00a1La claridad luminosa y la forma realista cumplir\u00e1n todas tus fantas\u00edas!<\/p>\n<p>Con su eje flexible, venas detalladas y cabeza definida, X Ray Clear atraer\u00e1 sus sentidos visual y f\u00edsicamente.<\/p>\n<p>La potente base de ventosa se adhiere a casi cualquier superficie plana y hace que cada arn\u00e9s de consolador sea compatible.<\/p>\n<ul>\n<li>Ver im\u00e1genes del producto para saber el tama\u00f1o real<\/li>\n<li>Longitud total; 20\u00a0cm x 4.5\u00a0cm de di\u00e1metro.<\/li>\n<li>Completamente Sumergible.<\/li>\n<li>Material Jelly hipoalerg\u00e9nico testado<\/li>\n<li>Libre de Phalatos.<\/li>\n<li>Facil mantenimiento.<\/li>\n<\/ul>\n<p>Material y cuidado:\u00a0<\/p>\n<p>El Material Jelly de Xray \u00a0que no da\u00f1a la piel, no es poroso y, por lo tanto, es muy higi\u00e9nico. La textura suave y flexible asegura que el material Jelly sea agradable y f\u00e1cil de deslizar. Absorbe y almacena r\u00e1pidamente el calor de su cuerpo. Para el uso de lubricantes, recomendamos un lubricante a base de agua Waterfeel. Esto es suave con el material y garantiza que mantenga la textura durante mucho tiempo.\u00a0 Despu\u00e9s de utilizarlo l\u00edmpialo con el waterfeel toy cleaner o jab\u00f3n ph neutro y agua tibia para una perfecta limpieza.<\/p>\n<p>INFORMACI\u00d3N SOBRE EL ARN\u00c9S:\u00a0<\/p>\n<p>Vive la experiencia de poder tener el poder y\u00a0control con este arn\u00e9s adaptado tanto para principiantes como para los usuarios m\u00e1s avanzados. Su material es suave pero a la vez resistente y ha sido dise\u00f1ado especialmente para todos los dildos de la gama X RAY\u00a0<\/p>\n<ul>\n<li>Arn\u00e9s compatible con todos los dildos X RAY\u00a0<\/li>\n<li>Incluye 3 anillos de silicona que har\u00e1n que la adaptaci\u00f3n sea perfecta haciendo que ambos se\u00e1is uno\u00a0<\/li>\n<li>Material bodysafe.\u00a0<\/li>\n<li>Correas de nylon para un ajuste perfecto.\u00a0<\/li>\n<li>C\u00f3modo de llevar\u00a0<\/li>\n<li>Detalles met\u00e1licos, dise\u00f1o luxury.\u00a0<\/li>\n<\/ul>\n<p><strong>LA MARCA XRAY<\/strong><\/p>\n<p>Sensaci\u00f3n firme y realista definen a la marca XRAY, un producto de m\u00e1xima calidad a un precio asequible que garantizan una perfecta combinaci\u00f3n de precio y Placer.<\/p>","protected":false},"excerpt":{"rendered":"<p>XRAY HARNESS + CLEAR COCK WITH BALLS 20CM X 4.5CM<\/p>","protected":false},"featured_media":63211,"comment_status":"open","ping_status":"closed","template":"","meta":{"_monsterinsights_skip_tracking":false,"_monsterinsights_sitenote_active":false,"_monsterinsights_sitenote_note":"","_monsterinsights_sitenote_category":0,"_joinchat":[]},"product_brand":[],"product_cat":[1173,1174,1182,1152,1188],"product_tag":[],"class_list":{"0":"post-33143","1":"product","2":"type-product","3":"status-publish","4":"has-post-thumbnail","6":"product_cat-juguetes-bienestar-arneses","7":"product_cat-juguetes-bienestar-arnesesarneses-sin-vibracion","8":"product_cat-juguetes-bienestar-dildos","9":"product_cat-juguetes-bienestar","10":"product_cat-juguetes-bienestar-dildospenes-realisticos","11":"yith_product_brand-x-ray","13":"first","14":"instock","15":"taxable","16":"shipping-taxable","17":"purchasable","18":"product-type-simple"},"aioseo_notices":[],"_links":{"self":[{"href":"https:\/\/www.mysexualfantasy.eu\/en\/wp-json\/wp\/v2\/product\/33143","targetHints":{"allow":["GET"]}}],"collection":[{"href":"https:\/\/www.mysexualfantasy.eu\/en\/wp-json\/wp\/v2\/product"}],"about":[{"href":"https:\/\/www.mysexualfantasy.eu\/en\/wp-json\/wp\/v2\/types\/product"}],"replies":[{"embeddable":true,"href":"https:\/\/www.mysexualfantasy.eu\/en\/wp-json\/wp\/v2\/comments?post=33143"}],"wp:featuredmedia":[{"embeddable":true,"href":"https:\/\/www.mysexualfantasy.eu\/en\/wp-json\/wp\/v2\/media\/63211"}],"wp:attachment":[{"href":"https:\/\/www.mysexualfantasy.eu\/en\/wp-json\/wp\/v2\/media?parent=33143"}],"wp:term":[{"taxonomy":"product_brand","embeddable":true,"href":"https:\/\/www.mysexualfantasy.eu\/en\/wp-json\/wp\/v2\/product_brand?post=33143"},{"taxonomy":"product_cat","embeddable":true,"href":"https:\/\/www.mysexualfantasy.eu\/en\/wp-json\/wp\/v2\/product_cat?post=33143"},{"taxonomy":"product_tag","embeddable":true,"href":"https:\/\/www.mysexualfantasy.eu\/en\/wp-json\/wp\/v2\/product_tag?post=33143"}],"curies":[{"name":"wp","href":"https:\/\/api.w.org\/{rel}","templated":true}]}}