{"id":33161,"date":"2023-01-13T13:56:08","date_gmt":"2023-01-13T13:56:08","guid":{"rendered":"https:\/\/www.mysexualfantasy.eu\/?post_type=product&#038;p=33161"},"modified":"2023-12-06T15:23:40","modified_gmt":"2023-12-06T15:23:40","slug":"rockarmy-arnes-hawk-rotador-y-vibrador-22-cm","status":"publish","type":"product","link":"https:\/\/www.mysexualfantasy.eu\/en\/product\/rockarmy-arnes-hawk-rotador-y-vibrador-22-cm\/","title":{"rendered":"ROCKARMY &#8211; ARNES + HAWK ROTADOR Y VIBRADOR 22 CM"},"content":{"rendered":"<p><strong>ARN\u00c9S + DILDO HAWK\u00a0<\/strong><\/p>\n<p>El Liquid silicone Hawk\u00a0 es un dildo de silicona\u00a0 placentero y realista de la colecci\u00f3n Rock Army, dise\u00f1ado para alcanzar todos tus puntos \u00edntimos.<\/p>\n<p>Este pene real\u00edstico premium es de un color de tono natural y tiene una silueta con una base de ventosa: ofreci\u00e9ndole una experiencia realista y emocionante.<\/p>\n<p>El dise\u00f1o presenta detalles cuidadosamente dise\u00f1ados para mejorar su atractivo natural, mientras que su material de doble densidad ofrece el doble de diversi\u00f3n \u00edntima.<\/p>\n<p>Su exterior suave al tacto y su n\u00facleo s\u00f3lido forman una combinaci\u00f3n irresistible que te dejar\u00e1 boquiabierto con su sensaci\u00f3n sensacional.<\/p>\n<p>Grandiosas son tambi\u00e9n sus cualidades. Con su tacto sedoso y su placentera superficie de 100% silicona, Spitfire estimula en todas las situaciones; en la cama, en la ba\u00f1era o utiliz\u00e1ndolo con un arn\u00e9s. Adem\u00e1s Hawk\u00a0 se puede usar sin manos colocando su pie de forma ergon\u00f3mica sobre una superficie llana. Se quedar\u00e1 as\u00ed tanto tiempo se requiera y se retirar\u00e1 con total facilidad.<\/p>\n<p>Hecho de silicona liquida \u00a0y empaquetado de una manera cuidadosamente revisada, el liquid silicone de \u00a0rock army \u00a0es imprescindible para todos los amantes de la diversi\u00f3n realista.<\/p>\n<p>El material Liquid Silicone 100% Silicona hipoalerg\u00e9nico de Rockarmy destaca por su sedosa superficie mate con una extraordinaria adaptaci\u00f3n al cuerpo. Acabado premium impermeable (IPX7) .<\/p>\n<p>Los juguetes er\u00f3ticos se limpian con facilidad y se conservan higi\u00e9nicos durante mucho tiempo. El flexible material se desliza de maravilla y adopta r\u00e1pidamente la temperatura del cuerpo. El dildo Rockarmy se limpia r\u00e1pida y f\u00e1cilmente con un poco de jab\u00f3n y agua templada. Para una higiene minuciosa, roc\u00edalo despu\u00e9s con limpiador desinfectante para juguetes sexuales, preferentemente con waterfeel toycleaner, espec\u00edficamente concebido para ello.<\/p>\n<ul>\n<li>Dildo<\/li>\n<li>Para uso vaginal y anal<\/li>\n<li>La base ancha del juguete estimula las zonas er\u00f3genas externas y garantiza un uso anal 100% seguro<\/li>\n<li>Tiene una superficie lisa y agradable y un dise\u00f1o muy realista<\/li>\n<li>El cuerpo \u00a0es estable y muy flexible a la vez<\/li>\n<li>La base con efecto ventosa permite sujetarlo a superficies y paredes lisas<\/li>\n<li>Puede usarse con arn\u00e9s<\/li>\n<li>Material \u00a0hipoalerg\u00e9nico e inodoro<\/li>\n<li>Impermeable<\/li>\n<li>F\u00e1cil de limpiar con el WATERFEEL TOYCLEANER o bien con agua y jab\u00f3n suave<\/li>\n<li><span style=\"font-size: 13px;\">22.0 cm x 20.0 cm (insertable) x 4.6 cm<\/span><\/li>\n<li>10 Modos de vibraci\u00f3n<\/li>\n<li>Rotaci\u00f3n m\u00faltiple<\/li>\n<li>Recargable por USB<\/li>\n<\/ul>\n<p>SOBRE EL ARN\u00c9S:\u00a0<\/p>\n<p>Aqu\u00ed llega el complemento perfecto para tu gama de dildos favoritos: El arnes de RockArmy.\u00a0<\/p>\n<p>Toca jugar y da igual que tu pareja sea hombre o mujer porque por fin podr\u00e1s adaptar tu dildo favorito y coloc\u00e1rtelo con este\u00a0resistente arn\u00e9s de cuero PU c\u00f3modamente gracias a sus cuatro correas de nylon y su cierre trasero.\u00a0<\/p>\n<p>El jugar duro no ser\u00e1 problema ya que el dildo quedar\u00e1 sujeto y adaptado sin problemas, adem\u00e1s incorpora 3 anillas de silicona de diferentes tama\u00f1os.\u00a0<\/p>\n<ul>\n<li>Material bodysafe\u00a0<\/li>\n<li>Correas de nylon. Resistencia y m\u00e1xima comodidad<\/li>\n<li>Cuero PU<\/li>\n<li>Detalles met\u00e1licos\u00a0<\/li>\n<li>Anillos flexibles incluidos<\/li>\n<\/ul>\n<p>Es hora de proporcionar un exquisito placer \u00a1con el arn\u00e9s de Rock Army!\u00a0<\/p>\n<p style=\"text-align: center;\">\u00a0<\/p>","protected":false},"excerpt":{"rendered":"<p>ROCKARMY &#8211; HARNESS + ROTATION AND VIBRATION HAWK REALISTIC 22 CM<\/p>","protected":false},"featured_media":63286,"comment_status":"open","ping_status":"closed","template":"","meta":{"_monsterinsights_skip_tracking":false,"_monsterinsights_sitenote_active":false,"_monsterinsights_sitenote_note":"","_monsterinsights_sitenote_category":0,"_joinchat":[]},"product_brand":[],"product_cat":[1173,1279,1152],"product_tag":[],"class_list":{"0":"post-33161","1":"product","2":"type-product","3":"status-publish","4":"has-post-thumbnail","6":"product_cat-juguetes-bienestar-arneses","7":"product_cat-juguetes-bienestar-arnesesarneses-con-vibracion","8":"product_cat-juguetes-bienestar","9":"yith_product_brand-rock-army","11":"first","12":"instock","13":"taxable","14":"shipping-taxable","15":"purchasable","16":"product-type-simple"},"aioseo_notices":[],"_links":{"self":[{"href":"https:\/\/www.mysexualfantasy.eu\/en\/wp-json\/wp\/v2\/product\/33161","targetHints":{"allow":["GET"]}}],"collection":[{"href":"https:\/\/www.mysexualfantasy.eu\/en\/wp-json\/wp\/v2\/product"}],"about":[{"href":"https:\/\/www.mysexualfantasy.eu\/en\/wp-json\/wp\/v2\/types\/product"}],"replies":[{"embeddable":true,"href":"https:\/\/www.mysexualfantasy.eu\/en\/wp-json\/wp\/v2\/comments?post=33161"}],"wp:featuredmedia":[{"embeddable":true,"href":"https:\/\/www.mysexualfantasy.eu\/en\/wp-json\/wp\/v2\/media\/63286"}],"wp:attachment":[{"href":"https:\/\/www.mysexualfantasy.eu\/en\/wp-json\/wp\/v2\/media?parent=33161"}],"wp:term":[{"taxonomy":"product_brand","embeddable":true,"href":"https:\/\/www.mysexualfantasy.eu\/en\/wp-json\/wp\/v2\/product_brand?post=33161"},{"taxonomy":"product_cat","embeddable":true,"href":"https:\/\/www.mysexualfantasy.eu\/en\/wp-json\/wp\/v2\/product_cat?post=33161"},{"taxonomy":"product_tag","embeddable":true,"href":"https:\/\/www.mysexualfantasy.eu\/en\/wp-json\/wp\/v2\/product_tag?post=33161"}],"curies":[{"name":"wp","href":"https:\/\/api.w.org\/{rel}","templated":true}]}}