{"id":33164,"date":"2023-01-13T14:51:04","date_gmt":"2023-01-13T14:51:04","guid":{"rendered":"https:\/\/www.mysexualfantasy.eu\/?post_type=product&#038;p=33164"},"modified":"2023-12-06T15:21:36","modified_gmt":"2023-12-06T15:21:36","slug":"fetish-submissive-dados-posturas-y-lugar","status":"publish","type":"product","link":"https:\/\/www.mysexualfantasy.eu\/en\/product\/fetish-submissive-dados-posturas-y-lugar\/","title":{"rendered":"FETISH SUBMISSIVE &#8211; DADOS POSTURAS Y LUGAR"},"content":{"rendered":"<p>Y si a\u00f1ades un poco de azar a tus juegos bondage?<\/p>\n<p>Los dados de Fetish Submissive permitir\u00e1n que puedas seguir llevando a cabo tus juegos m\u00e1s oscuros pero dejando que sea la suerte qui\u00e9n decida la postura y el sitio.<\/p>\n<p>Deja que sea tu sumiso\u00a0o sumisa\u00a0quien lance los dados, el negro indicar\u00e1 el lugar donde recibir\u00e1 su placentero merecido, el blanco la postura en la que lo recibir\u00e1. Tambi\u00e9n podr\u00e1s lanzarlos la persona dominante, al fin y al cabo es qui\u00e9n manda y los dados le ayudar\u00e1n a decidir donde ha de ejecutar su sensual castigo<\/p>\n<ul>\n<li>Dados Fetish Submissive\u00a0<\/li>\n<li>El dado blanco indica las posturas\u00a0<\/li>\n<li>El dado negro indica el lugar:\u00a0\n<ul>\n<li>Mesa\u00a0<\/li>\n<li>Silla<\/li>\n<li>WC\u00a0<\/li>\n<li>Ba\u00f1era<\/li>\n<li>Sof\u00e1<\/li>\n<li>Cama\u00a0<\/li>\n<\/ul>\n<\/li>\n<li>Las posturas y lugares indicados por estos\u00a0dados permiten que adem\u00e1s puedan ser usados tanto en el \u00e1mbito del mundo Fetish como fuera de \u00e9l\u00a0<\/li>\n<li>Con bolsita sat\u00edn con el logo de la marca para que puedas llevarlos donde quieras\u00a0<\/li>\n<\/ul>\n<p>Caracteristicas tecnicas;<\/p>\n<ul>\n<li>2 cm longitud<\/li>\n<li>2 cm ancho<\/li>\n<li>Resina<\/li>\n<li>Fabricado en Europa<\/li>\n<li>Material seguro para el Cuerpo<\/li>\n<li>Sin Phalatos.<\/li>\n<\/ul>","protected":false},"excerpt":{"rendered":"<p>FETISH SUBMISSIVE &#8211; EROTIC POSITION AND PLACE EROTIC DICE<\/p>","protected":false},"featured_media":71898,"comment_status":"open","ping_status":"closed","template":"","meta":{"_monsterinsights_skip_tracking":false,"_monsterinsights_sitenote_active":false,"_monsterinsights_sitenote_note":"","_monsterinsights_sitenote_category":0,"_joinchat":[]},"product_brand":[],"product_cat":[1175,1237,616,1272,1267,1271,1236,1274,1273,1266],"product_tag":[],"class_list":{"0":"post-33164","1":"product","2":"type-product","3":"status-publish","4":"has-post-thumbnail","6":"product_cat-bdsm-bondage","7":"product_cat-juegos-juego-de-dados","8":"product_cat-juegos","9":"product_cat-juegos-juegos-en-aleman","10":"product_cat-juegos-juegos-en-espanol","11":"product_cat-juegos-juegos-en-frances","12":"product_cat-juegos-juegos-en-ingles","13":"product_cat-juegos-juegos-en-italiano","14":"product_cat-juegos-juegos-en-portugues","15":"product_cat-juegos-juegos-preliminares","16":"yith_product_brand-fetish-submissive","18":"first","19":"instock","20":"taxable","21":"shipping-taxable","22":"purchasable","23":"product-type-simple"},"aioseo_notices":[],"_links":{"self":[{"href":"https:\/\/www.mysexualfantasy.eu\/en\/wp-json\/wp\/v2\/product\/33164","targetHints":{"allow":["GET"]}}],"collection":[{"href":"https:\/\/www.mysexualfantasy.eu\/en\/wp-json\/wp\/v2\/product"}],"about":[{"href":"https:\/\/www.mysexualfantasy.eu\/en\/wp-json\/wp\/v2\/types\/product"}],"replies":[{"embeddable":true,"href":"https:\/\/www.mysexualfantasy.eu\/en\/wp-json\/wp\/v2\/comments?post=33164"}],"wp:featuredmedia":[{"embeddable":true,"href":"https:\/\/www.mysexualfantasy.eu\/en\/wp-json\/wp\/v2\/media\/71898"}],"wp:attachment":[{"href":"https:\/\/www.mysexualfantasy.eu\/en\/wp-json\/wp\/v2\/media?parent=33164"}],"wp:term":[{"taxonomy":"product_brand","embeddable":true,"href":"https:\/\/www.mysexualfantasy.eu\/en\/wp-json\/wp\/v2\/product_brand?post=33164"},{"taxonomy":"product_cat","embeddable":true,"href":"https:\/\/www.mysexualfantasy.eu\/en\/wp-json\/wp\/v2\/product_cat?post=33164"},{"taxonomy":"product_tag","embeddable":true,"href":"https:\/\/www.mysexualfantasy.eu\/en\/wp-json\/wp\/v2\/product_tag?post=33164"}],"curies":[{"name":"wp","href":"https:\/\/api.w.org\/{rel}","templated":true}]}}