{"id":33311,"date":"2023-01-13T14:37:35","date_gmt":"2023-01-13T14:37:35","guid":{"rendered":"https:\/\/www.mysexualfantasy.eu\/?post_type=product&#038;p=33311"},"modified":"2023-12-06T16:05:54","modified_gmt":"2023-12-06T16:05:54","slug":"intense-lippsy-pintalabios-vibrador","status":"publish","type":"product","link":"https:\/\/www.mysexualfantasy.eu\/en\/product\/intense-lippsy-pintalabios-vibrador\/","title":{"rendered":"INTENSE LIPPSY PINTALABIOS VIBRADOR"},"content":{"rendered":"<p>Llega el placer port\u00e1til de Intense con Lippsy , un vibrador mini con forma de pintalabios de lujo.<\/p>\n<p>Para que el autocuidado sea tan placentero y simple como las otras peque\u00f1as cosas de la vida diaria.<\/p>\n<p>Lippsy \u00a0Black es un vibrador mini compacto f\u00e1cil de meter en un bolsillo o bolso.<\/p>\n<p>F\u00e1cil de sostener, con una punta de silicona suave que resulta deliciosa al contacto con la piel,\u00a0 es resistente al agua categor\u00eda IPX4 \u00a0para que ning\u00fan escenario te limite.<\/p>\n<p>Podr\u00e1s llevarte a Lippsy \u00a0Black donde quieras.<\/p>\n<p>Caracter\u00edsticas principales:<\/p>\n<ul>\n<li>Vibrador para parejas que estimula el cl\u00edtoris<\/li>\n<li>10 intensos patrones de vibraci\u00f3n<\/li>\n<li>Juguete elaborado con silicona m\u00e9dica hipoalerg\u00e9nica, libre de ftalatos y l\u00e1tex<\/li>\n<li>Completamente seguro para el cuerpo<\/li>\n<li>Funciona con 4 pilas AG13<\/li>\n<li>Autonom\u00eda: hasta 50 minutos<\/li>\n<li>Silencioso<\/li>\n<li>Sumergible bajo agua categor\u00eda IPX4<\/li>\n<li>Medidas: 100 x 23.5mm<\/li>\n<li>Compatible con cualquier lubricante de agua<\/li>\n<li>F\u00e1cil de usar y de limpiar<\/li>\n<\/ul>","protected":false},"excerpt":{"rendered":"<p>INTENSE LIPPSY LIPSTICK VIBRATOR<\/p>","protected":false},"featured_media":69634,"comment_status":"open","ping_status":"closed","template":"","meta":{"_monsterinsights_skip_tracking":false,"_monsterinsights_sitenote_active":false,"_monsterinsights_sitenote_note":"","_monsterinsights_sitenote_category":0,"_joinchat":[]},"product_brand":[],"product_cat":[1156,1152,1155,1163,1153],"product_tag":[],"class_list":{"0":"post-33311","1":"product","2":"type-product","3":"status-publish","4":"has-post-thumbnail","6":"product_cat-juguetes-bienestar-juguetes-para-mujeresestimuladores","7":"product_cat-juguetes-bienestar","8":"product_cat-juguetes-bienestar-juguetes-para-mujeres","9":"product_cat-juguetes-bienestar-juguetes-para-mujeresestimuladorespara-clitoris","10":"product_cat-juguetes-bienestar-vibradores","11":"yith_product_brand-intense","12":"yith_product_brand-intenseintense-toysintense-fun","13":"yith_product_brand-intenseintense-toys","15":"first","16":"instock","17":"taxable","18":"shipping-taxable","19":"purchasable","20":"product-type-simple"},"aioseo_notices":[],"_links":{"self":[{"href":"https:\/\/www.mysexualfantasy.eu\/en\/wp-json\/wp\/v2\/product\/33311","targetHints":{"allow":["GET"]}}],"collection":[{"href":"https:\/\/www.mysexualfantasy.eu\/en\/wp-json\/wp\/v2\/product"}],"about":[{"href":"https:\/\/www.mysexualfantasy.eu\/en\/wp-json\/wp\/v2\/types\/product"}],"replies":[{"embeddable":true,"href":"https:\/\/www.mysexualfantasy.eu\/en\/wp-json\/wp\/v2\/comments?post=33311"}],"wp:featuredmedia":[{"embeddable":true,"href":"https:\/\/www.mysexualfantasy.eu\/en\/wp-json\/wp\/v2\/media\/69634"}],"wp:attachment":[{"href":"https:\/\/www.mysexualfantasy.eu\/en\/wp-json\/wp\/v2\/media?parent=33311"}],"wp:term":[{"taxonomy":"product_brand","embeddable":true,"href":"https:\/\/www.mysexualfantasy.eu\/en\/wp-json\/wp\/v2\/product_brand?post=33311"},{"taxonomy":"product_cat","embeddable":true,"href":"https:\/\/www.mysexualfantasy.eu\/en\/wp-json\/wp\/v2\/product_cat?post=33311"},{"taxonomy":"product_tag","embeddable":true,"href":"https:\/\/www.mysexualfantasy.eu\/en\/wp-json\/wp\/v2\/product_tag?post=33311"}],"curies":[{"name":"wp","href":"https:\/\/api.w.org\/{rel}","templated":true}]}}