{"id":33314,"date":"2023-01-13T11:37:20","date_gmt":"2023-01-13T11:37:20","guid":{"rendered":"https:\/\/www.mysexualfantasy.eu\/?post_type=product&#038;p=33314"},"modified":"2023-12-06T14:50:39","modified_gmt":"2023-12-06T14:50:39","slug":"cock-miller-arnes-ajustable-con-anillos","status":"publish","type":"product","link":"https:\/\/www.mysexualfantasy.eu\/en\/product\/cock-miller-arnes-ajustable-con-anillos\/","title":{"rendered":"COCK MILLER ARNES AJUSTABLE CON ANILLOS"},"content":{"rendered":"<p>\u00a1La guinda a un delicioso pastel! Eso es el arn\u00e9s de Cock Miller\u00a0<\/p>\n<p>Por fin tienes el complemento perfecto para tu dildo favorito compatible con todos los dildos de Cock Miller porque este arn\u00e9s de cuero PU es increiblemente c\u00f3modo y podr\u00e1s adaptarlo a casi todos los tama\u00f1os gracias a sus correas de nylon ajustables.<\/p>\n<ul>\n<li>Arn\u00e9s Cock Milller\u00a0<\/li>\n<li>M\u00e1xima comodidad<\/li>\n<li>Correas ajustables de nylon\u00a0<\/li>\n<li>Arn\u00e9s de cuero PU\u00a0<\/li>\n<li>Detalles met\u00e1licos. Increible dise\u00f1o\u00a0<\/li>\n<li>3 Anillos tallas S, M y L de goma flexibles incluidos\u00a0<\/li>\n<li>1 anillo met\u00e1lico incluido\u00a0<\/li>\n<li>Compatible con todos los dildos Cock Miller\u00a0<\/li>\n<\/ul>\n<p><strong>LA MARCA COCK MILLER<\/strong><\/p>\n<p>Sensaci\u00f3n firme, realismo y placentero definen a la marca COCKMILLER, un producto de m\u00e1xima calidad a un precio asequible que garantizan una perfecta combinaci\u00f3n de precio y Placer.<\/p>","protected":false},"excerpt":{"rendered":"<p>COCK MILLER ADJUSTABLE HARNESS  RINGS<\/p>","protected":false},"featured_media":36607,"comment_status":"open","ping_status":"closed","template":"","meta":{"_monsterinsights_skip_tracking":false,"_monsterinsights_sitenote_active":false,"_monsterinsights_sitenote_note":"","_monsterinsights_sitenote_category":0,"_joinchat":[]},"product_brand":[],"product_cat":[1173,1152],"product_tag":[],"class_list":{"0":"post-33314","1":"product","2":"type-product","3":"status-publish","4":"has-post-thumbnail","6":"product_cat-juguetes-bienestar-arneses","7":"product_cat-juguetes-bienestar","8":"yith_product_brand-cock-miller","10":"first","11":"instock","12":"taxable","13":"shipping-taxable","14":"purchasable","15":"product-type-simple"},"aioseo_notices":[],"_links":{"self":[{"href":"https:\/\/www.mysexualfantasy.eu\/en\/wp-json\/wp\/v2\/product\/33314","targetHints":{"allow":["GET"]}}],"collection":[{"href":"https:\/\/www.mysexualfantasy.eu\/en\/wp-json\/wp\/v2\/product"}],"about":[{"href":"https:\/\/www.mysexualfantasy.eu\/en\/wp-json\/wp\/v2\/types\/product"}],"replies":[{"embeddable":true,"href":"https:\/\/www.mysexualfantasy.eu\/en\/wp-json\/wp\/v2\/comments?post=33314"}],"wp:featuredmedia":[{"embeddable":true,"href":"https:\/\/www.mysexualfantasy.eu\/en\/wp-json\/wp\/v2\/media\/36607"}],"wp:attachment":[{"href":"https:\/\/www.mysexualfantasy.eu\/en\/wp-json\/wp\/v2\/media?parent=33314"}],"wp:term":[{"taxonomy":"product_brand","embeddable":true,"href":"https:\/\/www.mysexualfantasy.eu\/en\/wp-json\/wp\/v2\/product_brand?post=33314"},{"taxonomy":"product_cat","embeddable":true,"href":"https:\/\/www.mysexualfantasy.eu\/en\/wp-json\/wp\/v2\/product_cat?post=33314"},{"taxonomy":"product_tag","embeddable":true,"href":"https:\/\/www.mysexualfantasy.eu\/en\/wp-json\/wp\/v2\/product_tag?post=33314"}],"curies":[{"name":"wp","href":"https:\/\/api.w.org\/{rel}","templated":true}]}}