{"id":33320,"date":"2023-01-13T13:56:14","date_gmt":"2023-01-13T13:56:14","guid":{"rendered":"https:\/\/www.mysexualfantasy.eu\/?post_type=product&#038;p=33320"},"modified":"2023-12-06T15:23:13","modified_gmt":"2023-12-06T15:23:13","slug":"cock-miller-arnes-silicona-density-cocksil-articulable-18-cm","status":"publish","type":"product","link":"https:\/\/www.mysexualfantasy.eu\/en\/product\/cock-miller-arnes-silicona-density-cocksil-articulable-18-cm\/","title":{"rendered":"COCK MILLER ARNES + SILICONA DENSITY COCKSIL ARTICULABLE 18 CM"},"content":{"rendered":"<p><strong>PACK ARNES + DILDO<\/strong><\/p>\n<p>COCKMILLER ofrece una gama de dildos con una piel de silicona s\u00faper suave de alta calidad con doble densidad y relleno de silicona densa cocksil \u2122 \u00ae que adem\u00e1s incluye un cuerpo resistente que lo hace articulado, para una textura y tacto extremadamente real\u00edstico y una experiencia de placer incomparable.<\/p>\n<p>La revolucionaria f\u00f3rmula patentada del material cocksil usado para rellenar nuestros productos, permite una mejore flexibilidad y densidad del dildo. D\u00e1ndole una elasticidad y manejabilidad magn\u00edfica articulable<\/p>\n<p>COCKMILLER ofrece la mejor calidad de silicona del mercado. Nuestra silicona Platinum no contiene ftalatos ni l\u00e1tex, es hipo alerg\u00e9nica y no porosa lo que la hace mucha m\u00e1s duradera y f\u00e1cil de limpiar.<\/p>\n<ul>\n<li>Dual Density<\/li>\n<li>Articulable<\/li>\n<li>Memory silicone &#8211; cocksil<\/li>\n<li>Silicona platino<\/li>\n<li>Libre de ftalatos y l\u00e1tex<\/li>\n<li>Fuerte ventosa<\/li>\n<li>Hipoalergenico<\/li>\n<li>Apto con arn\u00e9s<\/li>\n<li>Medidas; 18 x 3.3 cm<\/li>\n<\/ul>\n<p>MATERIAL Y CUIDADO<\/p>\n<p>El Material COCKSIL ( Silicona dual density y silicona densa ) \u00a0\u00a0que no da\u00f1a la piel, no es poroso y, por lo tanto, es muy higi\u00e9nico. La textura suave y flexible asegura que el material \u00a0de silicona \u00a0sea agradable y f\u00e1cil de deslizar. Absorbe y almacena r\u00e1pidamente el calor de su cuerpo. Para el uso de lubricantes, recomendamos un lubricante a base de agua Waterfeel. Esto es suave con el material y garantiza que mantenga la textura durante mucho tiempo.\u00a0 Despu\u00e9s de utilizarlo l\u00edmpialo con el waterfeel toy cleaner o jab\u00f3n ph neutro y agua tibia para una perfecta limpieza.<\/p>\n<p>SOBRE EL ARN\u00c9S:\u00a0<\/p>\n<p>\u00a1La guinda a un delicioso pastel! Eso es el arn\u00e9s de Cock Miller\u00a0<\/p>\n<p>Por fin tienes el complemento perfecto para tu dildo favorito compatible con todos los dildos de Cock Miller porque este arn\u00e9s de cuero PU es increiblemente c\u00f3modo y podr\u00e1s adaptarlo a casi todos los tama\u00f1os gracias a sus correas de nylon ajustables.<\/p>\n<ul>\n<li>Arn\u00e9s Cock Milller\u00a0<\/li>\n<li>M\u00e1xima comodidad<\/li>\n<li>Correas ajustables de nylon\u00a0<\/li>\n<li>Arn\u00e9s de cuero PU\u00a0<\/li>\n<li>Detalles met\u00e1licos. Increible dise\u00f1o\u00a0<\/li>\n<li>3 Anillos tallas S, M y L de goma flexibles incluidos\u00a0<\/li>\n<li>1 anillo met\u00e1lico incluido\u00a0<\/li>\n<li>Compatible con todos los dildos Cock Miller\u00a0<\/li>\n<\/ul>\n<p><strong>LA MARCA COCKMILLER<\/strong><\/p>\n<p>Sensaci\u00f3n firme, realismo y placentero definen a la marca COCKMILLER, un producto de m\u00e1xima calidad a un precio asequible que garantizan una perfecta combinaci\u00f3n de precio y Placer.<\/p>","protected":false},"excerpt":{"rendered":"<p>COCK MILLER HARNESS + SILICONE DENSITY ARTICULABLE COCKSIL 18 CM<\/p>","protected":false},"featured_media":63306,"comment_status":"open","ping_status":"closed","template":"","meta":{"_monsterinsights_skip_tracking":false,"_monsterinsights_sitenote_active":false,"_monsterinsights_sitenote_note":"","_monsterinsights_sitenote_category":0,"_joinchat":[]},"product_brand":[],"product_cat":[1173,1174,1182,1152,1188],"product_tag":[],"class_list":{"0":"post-33320","1":"product","2":"type-product","3":"status-publish","4":"has-post-thumbnail","6":"product_cat-juguetes-bienestar-arneses","7":"product_cat-juguetes-bienestar-arnesesarneses-sin-vibracion","8":"product_cat-juguetes-bienestar-dildos","9":"product_cat-juguetes-bienestar","10":"product_cat-juguetes-bienestar-dildospenes-realisticos","11":"yith_product_brand-cock-miller","13":"first","14":"instock","15":"taxable","16":"shipping-taxable","17":"purchasable","18":"product-type-simple"},"aioseo_notices":[],"_links":{"self":[{"href":"https:\/\/www.mysexualfantasy.eu\/en\/wp-json\/wp\/v2\/product\/33320","targetHints":{"allow":["GET"]}}],"collection":[{"href":"https:\/\/www.mysexualfantasy.eu\/en\/wp-json\/wp\/v2\/product"}],"about":[{"href":"https:\/\/www.mysexualfantasy.eu\/en\/wp-json\/wp\/v2\/types\/product"}],"replies":[{"embeddable":true,"href":"https:\/\/www.mysexualfantasy.eu\/en\/wp-json\/wp\/v2\/comments?post=33320"}],"wp:featuredmedia":[{"embeddable":true,"href":"https:\/\/www.mysexualfantasy.eu\/en\/wp-json\/wp\/v2\/media\/63306"}],"wp:attachment":[{"href":"https:\/\/www.mysexualfantasy.eu\/en\/wp-json\/wp\/v2\/media?parent=33320"}],"wp:term":[{"taxonomy":"product_brand","embeddable":true,"href":"https:\/\/www.mysexualfantasy.eu\/en\/wp-json\/wp\/v2\/product_brand?post=33320"},{"taxonomy":"product_cat","embeddable":true,"href":"https:\/\/www.mysexualfantasy.eu\/en\/wp-json\/wp\/v2\/product_cat?post=33320"},{"taxonomy":"product_tag","embeddable":true,"href":"https:\/\/www.mysexualfantasy.eu\/en\/wp-json\/wp\/v2\/product_tag?post=33320"}],"curies":[{"name":"wp","href":"https:\/\/api.w.org\/{rel}","templated":true}]}}