{"id":33332,"date":"2023-01-13T13:08:08","date_gmt":"2023-01-13T13:08:08","guid":{"rendered":"https:\/\/www.mysexualfantasy.eu\/?post_type=product&#038;p=33332"},"modified":"2023-12-06T15:55:20","modified_gmt":"2023-12-06T15:55:20","slug":"addicted-toys-masajeador-anal-con-vibracion-negro-2","status":"publish","type":"product","link":"https:\/\/www.mysexualfantasy.eu\/en\/product\/addicted-toys-masajeador-anal-con-vibracion-negro-2\/","title":{"rendered":"ADDICTED TOYS  MASAJEADOR ANAL CON VIBRACI\u00d3N NEGRO MODELO 2"},"content":{"rendered":"<p>Dentro de toda la extensa gama de productos ADDICTED TOYS queremos ofrecerte la posibilidad de explorar el juego sexual con formas excitantes y sensuales experiencias.<\/p>\n<p>Este masajeador de pr\u00f3stata premium utiliza tecnolog\u00eda innovadora y materiales de alta calidad para brindarte el placer anal que has deseado.<\/p>\n<p>Experimenta una vibraci\u00f3n poderosa anal y contra tu perineo. Posiblemente a\u00fan mejor, una cuenta en la cabeza del masajeador est\u00e1 posicionada para el placer espec\u00edfico de la pr\u00f3stata.<\/p>\n<p>Fabricado con silicona de grado m\u00e9dico supersuave, agradable para la piel, suave al tacto y extremadamente higi\u00e9nica<\/p>\n<ul>\n<li>Ideal para principiantes y para probar experiencias anales<\/li>\n<li>Medidas del Plug; 8 X 15cm ( Mirad imagen para detallar medidas )<\/li>\n<li>Motor Potente<\/li>\n<li>Vibraci\u00f3n intensa<\/li>\n<li>Flexible<\/li>\n<li>Material Seguro<\/li>\n<li>Resistente al agua<\/li>\n<li>Funciona con 1 pila AAA \u00a0no incluida.<\/li>\n<\/ul>\n<p>Qu\u00e9 debo tener en cuenta al utilizar juguetes anales?<\/p>\n<p>Para conseguir una experiencia \u00f3ptima y poder disfrutar de manera placentera y sin sentir dolor, Addicted toys recomienda el uso de los lubricantes de la marca Black Hole<\/p>\n<p>Con el fin de que puedas disfrutar del juguete anal el mayor tiempo posible, te aconsejamos que lo limpies y desinfectes con un limpiador de juguetes antes y despu\u00e9s de cada uso. La composici\u00f3n de Desinfectante Spray de Waterfeel se adapta a la silicona suave y es cuidadosa con el material para que la superficie permanezca lisa y flexible.<\/p>","protected":false},"excerpt":{"rendered":"<p>ADDICTED TOYS ANAL MASSAGER WITH VIBRATION BLACK<\/p>","protected":false},"featured_media":55873,"comment_status":"open","ping_status":"closed","template":"","meta":{"_monsterinsights_skip_tracking":false,"_monsterinsights_sitenote_active":false,"_monsterinsights_sitenote_note":"","_monsterinsights_sitenote_category":0,"_joinchat":[]},"product_brand":[],"product_cat":[1162,1308,1152,1189,1305],"product_tag":[],"class_list":{"0":"post-33332","1":"product","2":"type-product","3":"status-publish","4":"has-post-thumbnail","6":"product_cat-juguetes-bienestar-anal","7":"product_cat-juguetes-bienestar-analespecial-prostaticos","8":"product_cat-juguetes-bienestar","9":"product_cat-juguetes-bienestar-analplugs-anales","10":"product_cat-juguetes-bienestar-analvibradores-anales","11":"yith_product_brand-addicted-toys","13":"first","14":"instock","15":"taxable","16":"shipping-taxable","17":"purchasable","18":"product-type-simple"},"aioseo_notices":[],"_links":{"self":[{"href":"https:\/\/www.mysexualfantasy.eu\/en\/wp-json\/wp\/v2\/product\/33332","targetHints":{"allow":["GET"]}}],"collection":[{"href":"https:\/\/www.mysexualfantasy.eu\/en\/wp-json\/wp\/v2\/product"}],"about":[{"href":"https:\/\/www.mysexualfantasy.eu\/en\/wp-json\/wp\/v2\/types\/product"}],"replies":[{"embeddable":true,"href":"https:\/\/www.mysexualfantasy.eu\/en\/wp-json\/wp\/v2\/comments?post=33332"}],"wp:featuredmedia":[{"embeddable":true,"href":"https:\/\/www.mysexualfantasy.eu\/en\/wp-json\/wp\/v2\/media\/55873"}],"wp:attachment":[{"href":"https:\/\/www.mysexualfantasy.eu\/en\/wp-json\/wp\/v2\/media?parent=33332"}],"wp:term":[{"taxonomy":"product_brand","embeddable":true,"href":"https:\/\/www.mysexualfantasy.eu\/en\/wp-json\/wp\/v2\/product_brand?post=33332"},{"taxonomy":"product_cat","embeddable":true,"href":"https:\/\/www.mysexualfantasy.eu\/en\/wp-json\/wp\/v2\/product_cat?post=33332"},{"taxonomy":"product_tag","embeddable":true,"href":"https:\/\/www.mysexualfantasy.eu\/en\/wp-json\/wp\/v2\/product_tag?post=33332"}],"curies":[{"name":"wp","href":"https:\/\/api.w.org\/{rel}","templated":true}]}}