{"id":33335,"date":"2023-01-13T13:08:13","date_gmt":"2023-01-13T13:08:13","guid":{"rendered":"https:\/\/www.mysexualfantasy.eu\/?post_type=product&#038;p=33335"},"modified":"2023-12-06T15:41:23","modified_gmt":"2023-12-06T15:41:23","slug":"addicted-toys-estimulador-anal-prostata-realistic-silicona-p-spot-vibe","status":"publish","type":"product","link":"https:\/\/www.mysexualfantasy.eu\/en\/product\/addicted-toys-estimulador-anal-prostata-realistic-silicona-p-spot-vibe\/","title":{"rendered":"ADDICTED TOYS ESTIMULADOR ANAL PROSTATA REALISTIC SILICONA P-SPOT VIBE"},"content":{"rendered":"<p>Dentro de toda la extensa gama de productos ADDICTED TOYS queremos ofrecerte la posibilidad de explorar el juego sexual con formas excitantes y sensuales experiencias.<\/p>\n<p>Si nunca has probado el juego anal, el Anal massager de ADDICTED TOYS \u00a0es justo lo que necesitas para explorar el maravilloso mundo de la estimulaci\u00f3n anal.<\/p>\n<p>El Anal massager de ADDICTED TOYS \u00a0cuenta con un perfecto eje bulboso curvado para alcanzar el punto-P, mientras que las poderosas vibraciones estimulan tu \u00e1rea m\u00e1s sensible. \u00a1Las protuberancias en la base proporcionan una presi\u00f3n externa en el perineo que te har\u00e1n disfrutar de orgasmos m\u00e1s intensos!<\/p>\n<p>Para encender y apagar el vibrador, solamente debes pulsar el bot\u00f3n ubicado en su base.<\/p>\n<p>Alcanzar el orgasmo mediante la estimulaci\u00f3n anal es incre\u00edblemente excitante gracias a la alta concentraci\u00f3n de terminaciones nerviosas y nuestra colecci\u00f3n de juguetes anales \u00a0que incluye juguetes que estimulan a cada uno de esos nervios. As\u00ed que perm\u00edtete entrar en un nuevo mundo del placer anal..las posibilidades son infinitas!<\/p>\n<p>Fabricado con silicona de grado m\u00e9dico supersuave, agradable para la piel, suave al tacto y extremadamente higi\u00e9nica<\/p>\n<ul>\n<li>Ideal para principiantes y para probar experiencias anales<\/li>\n<li>Medidas del Plug; 15 X 9 cm ( Mirad imagen para detallar medidas )<\/li>\n<li>Motor Potente<\/li>\n<li>Vibraci\u00f3n intensa<\/li>\n<li>Flexible<\/li>\n<li>Material Seguro<\/li>\n<li>Resistente al agua<\/li>\n<li>Funciona con 1 pila AAA \u00a0no incluida.<\/li>\n<\/ul>\n<p>Qu\u00e9 debo tener en cuenta al utilizar juguetes anales?<\/p>\n<p>Para conseguir una experiencia \u00f3ptima y poder disfrutar de manera placentera y sin sentir dolor, Addicted toys recomienda el uso de los lubricantes de la marca Black Hole<\/p>\n<p>Con el fin de que puedas disfrutar del juguete anal el mayor tiempo posible, te aconsejamos que lo limpies y desinfectes con un limpiador de juguetes antes y despu\u00e9s de cada uso. La composici\u00f3n de Desinfectante Spray de Waterfeel se adapta a la silicona suave y es cuidadosa con el material para que la superficie permanezca lisa y flexible.<\/p>","protected":false},"excerpt":{"rendered":"<p>ADDICTED TOYS SILICONE STIMULATING BEADED REALISTIC P-SPOT VIBE<\/p>","protected":false},"featured_media":55888,"comment_status":"open","ping_status":"closed","template":"","meta":{"_monsterinsights_skip_tracking":false,"_monsterinsights_sitenote_active":false,"_monsterinsights_sitenote_note":"","_monsterinsights_sitenote_category":0,"_joinchat":[]},"product_brand":[],"product_cat":[1162,1152,1160,1167,1189],"product_tag":[],"class_list":{"0":"post-33335","1":"product","2":"type-product","3":"status-publish","4":"has-post-thumbnail","6":"product_cat-juguetes-bienestar-anal","7":"product_cat-juguetes-bienestar","8":"product_cat-juguetes-bienestar-juguetes-para-hombres","9":"product_cat-juguetes-bienestar-juguetes-para-hombresmasturbadores-para-ellos","10":"product_cat-juguetes-bienestar-analplugs-anales","11":"yith_product_brand-addicted-toys","13":"first","14":"instock","15":"taxable","16":"shipping-taxable","17":"purchasable","18":"product-type-simple"},"aioseo_notices":[],"_links":{"self":[{"href":"https:\/\/www.mysexualfantasy.eu\/en\/wp-json\/wp\/v2\/product\/33335","targetHints":{"allow":["GET"]}}],"collection":[{"href":"https:\/\/www.mysexualfantasy.eu\/en\/wp-json\/wp\/v2\/product"}],"about":[{"href":"https:\/\/www.mysexualfantasy.eu\/en\/wp-json\/wp\/v2\/types\/product"}],"replies":[{"embeddable":true,"href":"https:\/\/www.mysexualfantasy.eu\/en\/wp-json\/wp\/v2\/comments?post=33335"}],"wp:featuredmedia":[{"embeddable":true,"href":"https:\/\/www.mysexualfantasy.eu\/en\/wp-json\/wp\/v2\/media\/55888"}],"wp:attachment":[{"href":"https:\/\/www.mysexualfantasy.eu\/en\/wp-json\/wp\/v2\/media?parent=33335"}],"wp:term":[{"taxonomy":"product_brand","embeddable":true,"href":"https:\/\/www.mysexualfantasy.eu\/en\/wp-json\/wp\/v2\/product_brand?post=33335"},{"taxonomy":"product_cat","embeddable":true,"href":"https:\/\/www.mysexualfantasy.eu\/en\/wp-json\/wp\/v2\/product_cat?post=33335"},{"taxonomy":"product_tag","embeddable":true,"href":"https:\/\/www.mysexualfantasy.eu\/en\/wp-json\/wp\/v2\/product_tag?post=33335"}],"curies":[{"name":"wp","href":"https:\/\/api.w.org\/{rel}","templated":true}]}}