{"id":33348,"date":"2023-01-13T14:32:21","date_gmt":"2023-01-13T14:32:21","guid":{"rendered":"https:\/\/www.mysexualfantasy.eu\/?post_type=product&#038;p=33348"},"modified":"2023-12-06T17:25:54","modified_gmt":"2023-12-06T17:25:54","slug":"obsessive-diyosa-peinoir-s-m","status":"publish","type":"product","link":"https:\/\/www.mysexualfantasy.eu\/en\/product\/obsessive-diyosa-peinoir-s-m\/","title":{"rendered":"OBSESSIVE &#8211; DIYOSA PEINOIR XXL"},"content":{"rendered":"<p>Tejido maravillosamente liso y&#8230; \u00a1Atenci\u00f3n, atenci\u00f3n! Bordes con cordones que se abren con valent\u00eda revelando la lencer\u00eda indiferente debajo de tu peignoir. Un look sexy, comodidad, cintura divinamente enfatizada y delicadeza &#8211; usted conseguir\u00e1 un mont\u00f3n de grandes sensaciones!<\/p>\n<p>Caracter\u00edsticas:<\/p>\n<ul>\n<li>Peignoir Diyosa<\/li>\n<li>Peignoir inusual  decorado con lazo en la espalda<\/li>\n<li>Combinaci\u00f3n de encaje con\u00a0sutiles patrones y elegante material negro<\/li>\n<li>Terminaci\u00f3n\u00a0ancha y satinada  Did2Fit  sensual y c\u00f3modo<\/li>\n<li>Borde especial con bordes de encaje: escote bien enfatizado<\/li>\n<li>Muy agradable\u00a0al tacto, tejido el\u00e1stico Multistretch<\/li>\n<li>Composici\u00f3n: 90% poliamida, 10% elastano<\/li>\n<li>Tama\u00f1o: S\/M<\/li>\n<\/ul>\n<p>\u00a1Obsessive significa inspiraci\u00f3n en la mujer!\u00a0 Elegancia, sensualidad, amor a la costura&#8230;.significa mucho para la mujer, pocos son los adjetivos que pueden calificar a Obsessive, donde una labor de a\u00f1os han conseguido unir relacion Calidad \/ Precio,<\/p>\n<p>L\u00edderes mundial<\/p>\n<p style=\"text-align: center;\"><img decoding=\"async\" src=\"https:\/\/store.dreamlove.es\/UserFiles\/images\/SIZES.png\" \/><\/p>","protected":false},"excerpt":{"rendered":"<p>OBSESSIVE &#8211; DIYOSA PEINOIR S\/M<\/p>","protected":false},"featured_media":68819,"comment_status":"open","ping_status":"closed","template":"","meta":{"_monsterinsights_skip_tracking":false,"_monsterinsights_sitenote_active":false,"_monsterinsights_sitenote_note":"","_monsterinsights_sitenote_category":0,"_joinchat":[]},"product_brand":[],"product_cat":[326,948,1139,1150],"product_tag":[],"class_list":{"0":"post-33348","1":"product","2":"type-product","3":"status-publish","4":"has-post-thumbnail","6":"product_cat-lenceria","7":"product_cat-lencerialenceria-mujer","8":"product_cat-lencerialenceria-mujerlenceria-sexy","9":"product_cat-lencerialenceria-mujerlenceria-sexypeignoir-batas","10":"yith_product_brand-obsessive","11":"yith_product_brand-obsessiveobsessive-babydoll","13":"first","14":"instock","15":"taxable","16":"shipping-taxable","17":"purchasable","18":"product-type-variable"},"aioseo_notices":[],"_links":{"self":[{"href":"https:\/\/www.mysexualfantasy.eu\/en\/wp-json\/wp\/v2\/product\/33348","targetHints":{"allow":["GET"]}}],"collection":[{"href":"https:\/\/www.mysexualfantasy.eu\/en\/wp-json\/wp\/v2\/product"}],"about":[{"href":"https:\/\/www.mysexualfantasy.eu\/en\/wp-json\/wp\/v2\/types\/product"}],"replies":[{"embeddable":true,"href":"https:\/\/www.mysexualfantasy.eu\/en\/wp-json\/wp\/v2\/comments?post=33348"}],"wp:featuredmedia":[{"embeddable":true,"href":"https:\/\/www.mysexualfantasy.eu\/en\/wp-json\/wp\/v2\/media\/68819"}],"wp:attachment":[{"href":"https:\/\/www.mysexualfantasy.eu\/en\/wp-json\/wp\/v2\/media?parent=33348"}],"wp:term":[{"taxonomy":"product_brand","embeddable":true,"href":"https:\/\/www.mysexualfantasy.eu\/en\/wp-json\/wp\/v2\/product_brand?post=33348"},{"taxonomy":"product_cat","embeddable":true,"href":"https:\/\/www.mysexualfantasy.eu\/en\/wp-json\/wp\/v2\/product_cat?post=33348"},{"taxonomy":"product_tag","embeddable":true,"href":"https:\/\/www.mysexualfantasy.eu\/en\/wp-json\/wp\/v2\/product_tag?post=33348"}],"curies":[{"name":"wp","href":"https:\/\/api.w.org\/{rel}","templated":true}]}}