{"id":33390,"date":"2023-01-13T14:32:23","date_gmt":"2023-01-13T14:32:23","guid":{"rendered":"https:\/\/www.mysexualfantasy.eu\/?post_type=product&#038;p=33390"},"modified":"2023-12-06T17:25:55","modified_gmt":"2023-12-06T17:25:55","slug":"obsessive-lucita-peignoir-s-m","status":"publish","type":"product","link":"https:\/\/www.mysexualfantasy.eu\/en\/product\/obsessive-lucita-peignoir-s-m\/","title":{"rendered":"OBSESSIVE &#8211; LUCITA PEIGNOIR S\/M"},"content":{"rendered":"<p>\u00a1Te ver\u00e1s sexy, caliente y muy traviesa! La misi\u00f3n de nuestro nuevo peignoir es hacerte sentir hermosa y hacerque tu pareja se enamore perdidamente de ti. \u00a1Tu sensualidad femenina se enfatizar\u00e1 a\u00fan m\u00e1s! Ansiosa\u00a0por un\u00a0desayuno en forma de deleite?<\/p>\n<p>Caracter\u00edsticas:<\/p>\n<ul>\n<li>Peignoir Lucita\u00a0<\/li>\n<li>Gargantilla de encaje  estilo picante y femenino<\/li>\n<li>Cintur\u00f3n de encaje con cinta elegante  la cintura est\u00e1 muy bien enfatizada<\/li>\n<li>Longitud perfecta y universal<\/li>\n<li>Adorno tentador y de encaje en hombros y mangas<\/li>\n<li>El conjunto incluye peignoir, cintur\u00f3n y gargantilla<\/li>\n<li>Tanga no incluido<\/li>\n<li>Tejido agradable con excelente elasticidad<\/li>\n<li>Composici\u00f3n: 90% poliamida, 10% elastano<\/li>\n<li>Tama\u00f1o: S\/M<\/li>\n<\/ul>\n<p>\u00a1Obsessive significa inspiraci\u00f3n en la mujer!\u00a0 Elegancia, sensualidad, amor a la costura&#8230;.significa mucho para la mujer, pocos son los adjetivos que pueden calificar a Obsessive, donde una labor de a\u00f1os han conseguido unir relacion Calidad \/ Precio,<\/p>\n<p>L\u00edderes mundial<\/p>\n<p style=\"text-align: center;\"><img decoding=\"async\" src=\"https:\/\/store.dreamlove.es\/UserFiles\/images\/SIZES.png\" \/><\/p>","protected":false},"excerpt":{"rendered":"<p>OBSESSIVE &#8211; LUCITA PEIGNOIR S\/M<\/p>","protected":false},"featured_media":68828,"comment_status":"open","ping_status":"closed","template":"","meta":{"_monsterinsights_skip_tracking":false,"_monsterinsights_sitenote_active":false,"_monsterinsights_sitenote_note":"","_monsterinsights_sitenote_category":0,"_joinchat":[]},"product_brand":[],"product_cat":[1289,1196,1199,1166,148],"product_tag":[],"class_list":{"0":"post-33390","1":"product","2":"type-product","3":"status-publish","4":"has-post-thumbnail","6":"product_cat-moda-lencerialenceria-mujerlenceria-sexybatas-sexys","7":"product_cat-moda-lencerialenceria-mujer","8":"product_cat-moda-lencerialenceria-mujerlenceria-sexy","9":"product_cat-moda-lenceria","10":"product_cat-ofertas","11":"yith_product_brand-obsessive","12":"yith_product_brand-obsessiveobsessive-babydoll","14":"first","15":"instock","16":"taxable","17":"shipping-taxable","18":"purchasable","19":"product-type-variable"},"aioseo_notices":[],"_links":{"self":[{"href":"https:\/\/www.mysexualfantasy.eu\/en\/wp-json\/wp\/v2\/product\/33390","targetHints":{"allow":["GET"]}}],"collection":[{"href":"https:\/\/www.mysexualfantasy.eu\/en\/wp-json\/wp\/v2\/product"}],"about":[{"href":"https:\/\/www.mysexualfantasy.eu\/en\/wp-json\/wp\/v2\/types\/product"}],"replies":[{"embeddable":true,"href":"https:\/\/www.mysexualfantasy.eu\/en\/wp-json\/wp\/v2\/comments?post=33390"}],"wp:featuredmedia":[{"embeddable":true,"href":"https:\/\/www.mysexualfantasy.eu\/en\/wp-json\/wp\/v2\/media\/68828"}],"wp:attachment":[{"href":"https:\/\/www.mysexualfantasy.eu\/en\/wp-json\/wp\/v2\/media?parent=33390"}],"wp:term":[{"taxonomy":"product_brand","embeddable":true,"href":"https:\/\/www.mysexualfantasy.eu\/en\/wp-json\/wp\/v2\/product_brand?post=33390"},{"taxonomy":"product_cat","embeddable":true,"href":"https:\/\/www.mysexualfantasy.eu\/en\/wp-json\/wp\/v2\/product_cat?post=33390"},{"taxonomy":"product_tag","embeddable":true,"href":"https:\/\/www.mysexualfantasy.eu\/en\/wp-json\/wp\/v2\/product_tag?post=33390"}],"curies":[{"name":"wp","href":"https:\/\/api.w.org\/{rel}","templated":true}]}}