{"id":33434,"date":"2023-01-13T14:48:48","date_gmt":"2023-01-13T14:48:48","guid":{"rendered":"https:\/\/www.mysexualfantasy.eu\/?post_type=product&#038;p=33434"},"modified":"2023-12-06T15:19:51","modified_gmt":"2023-12-06T15:19:51","slug":"coupletition-abcsex-juego-para-parejas-es","status":"publish","type":"product","link":"https:\/\/www.mysexualfantasy.eu\/en\/product\/coupletition-abcsex-juego-para-parejas-es\/","title":{"rendered":"COUPLETITION &#8211; ABCSEX JUEGO PARA PAREJAS"},"content":{"rendered":"<p>Un juego donde te divertir\u00e1s en pareja y a\u00f1adir\u00e1s sexo, pasi\u00f3n y orgasmos a tu vida diaria, rompiendo tu rutina a base de placer en pareja.<\/p>\n<p>Como todos los juegos de Coupletition, nace con el objetivo de sexualizar nuestra vida en pareja y fortalecer los lazos de nuestra relaci\u00f3n. Pero, que lo hace diferente de los dem\u00e1s juegos?<\/p>\n<ul>\n<li><strong>Aprender\u00e9is curiosidades y conceptos sobre sexualidad que desconoc\u00edais.<\/strong><\/li>\n<li><strong>Probar\u00e9is nuevas posturas, pr\u00e1cticas y actividades sexuales.<\/strong><\/li>\n<li><strong>Os enfrentareis a situaciones totalmente at\u00edpicas, jugando a retos que van desde lo m\u00e1s rom\u00e1ntico a lo m\u00e1s atrevido.<\/strong><\/li>\n<li><strong>Y formar\u00e9is el mejor de los equipos, intentando superar el objetivo del juego que se os propone.<\/strong><\/li>\n<\/ul>\n<p>Conseguir\u00e9is llevaros el premio final o, por el contrario, tendr\u00e9is que realizar el castigo propuesto?<\/p>\n<p>Coupletition ABCSEX es una experiencia que pretende divertir y a\u00f1adir pasi\u00f3n a las relaciones de pareja, a la vez que ayuda a normalizar todas las relaciones sexuales y a disfrutar del placer en pareja sin tab\u00faes. La duraci\u00f3n aproximada del juego es de 20-60 d\u00edas, dividido en m\u00e1s de 25 retos de media hora aproximada de duraci\u00f3n.<\/p>\n<ul>\n<li><strong>C\u00f3mo jugar<\/strong><\/li>\n<\/ul>\n<p>ABCSEX se organiza como un peque\u00f1o abecedario. Contiene una p\u00e1gina por cada letra del alfabeto, y en cada una de ellas encontrar\u00e9is: un t\u00e9rmino sexual, su definici\u00f3n y una prueba a realizar.<\/p>\n<p>Antes de empezar a jugar, deber\u00e9is seleccionar el nivel de dificultad. Dependiendo del nivel seleccionado dispondr\u00e9is de m\u00e1s o menos tiempo para completar el reto, y tambi\u00e9n dispondr\u00e9is de una mayor o menor cantidad de \u201ccomodines\u201d. Los comodines os servir\u00e1n para saltar alguna prueba en concreto que no quer\u00e1is realizar.<\/p>\n<ul>\n<li><strong>El objetivo de ABCSEX reside en completar todas las pruebas que se os proponen, dentro del tiempo l\u00edmite marcado por vuestro nivel de dificultad.<\/strong><\/li>\n<\/ul>\n<p style=\"text-align: center;\"><strong><img decoding=\"async\" alt=\"\" src=\"https:\/\/interno.dreamlove.es\/UserFiles\/images\/img_99923_dff230c059490b5981c3a4ac578cd474_1.png\" style=\"width: 800px; height: 430px;\" \/><\/strong><\/p>\n<p>Los t\u00e9rminos que encontrar\u00e9is p\u00e1gina tras p\u00e1gina pueden hacer referencia a un amplio abanico de conceptos: desde ideas o propuestas sexuales para hacer en pareja, pr\u00e1cticas sexuales poco corrientes o que socialmente se consideran \u201ctab\u00fa\u201d, informaci\u00f3n curiosa e interesante sobre sexualidad o incluso expresiones coloquiales sobre sexo que quiz\u00e1s desconoc\u00edas.<\/p>\n<p>Adem\u00e1s del t\u00e9rmino y su definici\u00f3n, en cada p\u00e1gina encontrar\u00e9is una prueba a realizar. Estas pruebas o actividades son el objetivo para completar del juego, y deber\u00e9is realizarlas todas (exceptuando las que quer\u00e1is saltar con los comodines que teng\u00e1is disponibles). Cada p\u00e1gina es una nueva sorpresa y oportunidad para divertirse, aprender cosas nuevas y gozar en pareja.<\/p>\n<p>Al igual que con Coupletition SEX GAME, el objetivo de ABCSEX es que dediquemos una peque\u00f1a parte de nuestra rutina diaria a sentarnos en pareja, divertirnos y disfrutar del sexo. Sexualizar nuestra rutina tiene una cantidad de beneficios incre\u00edble tanto para nuestra salud como para la de nuestra relaci\u00f3n en pareja, y Coupletition pretende hacer de esto una tarea mucho m\u00e1s f\u00e1cil y divertida.<\/p>\n<p>ABCSEX es un juego sexual con el que podr\u00e1s divertirte, aprender y descubrir en pareja. Est\u00e1 pensado para fortalecer vuestro v\u00ednculo emocional a la vez que redescubr\u00eds y reinventais vuestras relaciones sexuales.\u00a0<\/p>\n<p>A lo largo de esta experiencia encontrar\u00e9is mas de 25 pr\u00e1cticas y propuestas sexuales que tendr\u00e9is que completar en un tiempo determinado para as\u00ed lograr superar el resto que se os propone.\u00a0<\/p>\n<p>Lo conseguireis?<\/p>\n<ul>\n<li><strong>Juego para parejas\u00a0<\/strong><\/li>\n<li><strong>G\u00e9nero: hombre &#8211; mujer \/ hombre &#8211; hombre \/ mujer &#8211; mujer\u00a0<\/strong><\/li>\n<li><strong>Dise\u00f1ado para dos jugadores\u00a0<\/strong><\/li>\n<li><strong>20 &#8211; 60 d\u00edas de diversi\u00f3n\u00a0<\/strong><\/li>\n<li><strong>3 dificultades de juego\u00a0<\/strong><\/li>\n<li><strong>Idioma: Espa\u00f1ol<\/strong><\/li>\n<\/ul>\n<p>\u00a0<\/p>","protected":false},"excerpt":{"rendered":"<p>PACKAGING DISPONIBLE EN: \/es\/<\/p>","protected":false},"featured_media":71617,"comment_status":"open","ping_status":"closed","template":"","meta":{"_monsterinsights_skip_tracking":false,"_monsterinsights_sitenote_active":false,"_monsterinsights_sitenote_note":"","_monsterinsights_sitenote_category":0,"_joinchat":[]},"product_brand":[],"product_cat":[616,1232,1267],"product_tag":[],"class_list":{"0":"post-33434","1":"product","2":"type-product","3":"status-publish","4":"has-post-thumbnail","6":"product_cat-juegos","7":"product_cat-juegos-juegos-de-pareja","8":"product_cat-juegos-juegos-en-espanol","9":"yith_product_brand-coupletition","11":"first","12":"instock","13":"taxable","14":"shipping-taxable","15":"purchasable","16":"product-type-simple"},"aioseo_notices":[],"_links":{"self":[{"href":"https:\/\/www.mysexualfantasy.eu\/en\/wp-json\/wp\/v2\/product\/33434","targetHints":{"allow":["GET"]}}],"collection":[{"href":"https:\/\/www.mysexualfantasy.eu\/en\/wp-json\/wp\/v2\/product"}],"about":[{"href":"https:\/\/www.mysexualfantasy.eu\/en\/wp-json\/wp\/v2\/types\/product"}],"replies":[{"embeddable":true,"href":"https:\/\/www.mysexualfantasy.eu\/en\/wp-json\/wp\/v2\/comments?post=33434"}],"wp:featuredmedia":[{"embeddable":true,"href":"https:\/\/www.mysexualfantasy.eu\/en\/wp-json\/wp\/v2\/media\/71617"}],"wp:attachment":[{"href":"https:\/\/www.mysexualfantasy.eu\/en\/wp-json\/wp\/v2\/media?parent=33434"}],"wp:term":[{"taxonomy":"product_brand","embeddable":true,"href":"https:\/\/www.mysexualfantasy.eu\/en\/wp-json\/wp\/v2\/product_brand?post=33434"},{"taxonomy":"product_cat","embeddable":true,"href":"https:\/\/www.mysexualfantasy.eu\/en\/wp-json\/wp\/v2\/product_cat?post=33434"},{"taxonomy":"product_tag","embeddable":true,"href":"https:\/\/www.mysexualfantasy.eu\/en\/wp-json\/wp\/v2\/product_tag?post=33434"}],"curies":[{"name":"wp","href":"https:\/\/api.w.org\/{rel}","templated":true}]}}