{"id":33500,"date":"2023-01-13T14:15:03","date_gmt":"2023-01-13T14:15:03","guid":{"rendered":"https:\/\/www.mysexualfantasy.eu\/?post_type=product&#038;p=33500"},"modified":"2023-12-06T17:25:55","modified_gmt":"2023-12-06T17:25:55","slug":"bye-bra-sujetador-adhesivo-entrelazado-negro-size-a","status":"publish","type":"product","link":"https:\/\/www.mysexualfantasy.eu\/en\/product\/bye-bra-sujetador-adhesivo-entrelazado-negro-size-a\/","title":{"rendered":"BYE BRA SUJETADOR ADHESIVO ENTRELAZADO NEGRO SIZE A"},"content":{"rendered":"<p>El sujetador round lace-it proporciona un escote mejorado y un soporte sin tirantas\u00a0\u00f3ptimo. Sin costuras e invisibles debajo de la ropa. Las copas adhesivas son f\u00e1ciles de aplicar y el cierre de la corbata delantera permite ajustar el posicionamiento. Cuanto m\u00e1s apretado es el cierre, m\u00e1s efecto de escote. El sujetador round lace-it es su soluci\u00f3n ideal para cualquier atuendo sin tirantes y sin espalda. El sujetador round lace-it se puede usar hasta 25 veces<\/p>\n<p>Instrucciones:<\/p>\n<p>Despeja tu piel de cualquier aceite y crema. Una vez hecho esto, seque la piel con una toalla. Afloje el cierre frontal del sujetador de encaje redondo y retire la pel\u00edcula protectora. Despu\u00e9s, coloca las tazas en tus pechos. Presione suavemente las tazas adhesivas sobre la piel para suavizar y garantizar un soporte \u00f3ptimo. Tire hacia abajo en ambos cordones juntos mientras desliza el cierre delantero hacia arriba.<\/p>\n<ul>\n<li>Reutilizable<\/li>\n<li>Adhesivo<\/li>\n<li>Espalda descubierta\u00a0<\/li>\n<li>Sin tirantes<\/li>\n<\/ul>","protected":false},"excerpt":{"rendered":"<p>BYE BRA ROUND LACE-IT BRA &#8211; BLACK<\/p>","protected":false},"featured_media":66264,"comment_status":"open","ping_status":"closed","template":"","meta":{"_monsterinsights_skip_tracking":false,"_monsterinsights_sitenote_active":false,"_monsterinsights_sitenote_note":"","_monsterinsights_sitenote_category":0,"_joinchat":[]},"product_brand":[],"product_cat":[1196,1199,1166,1286],"product_tag":[],"class_list":{"0":"post-33500","1":"product","2":"type-product","3":"status-publish","4":"has-post-thumbnail","6":"product_cat-moda-lencerialenceria-mujer","7":"product_cat-moda-lencerialenceria-mujerlenceria-sexy","8":"product_cat-moda-lenceria","9":"product_cat-moda-lencerialenceria-mujerlenceria-sexysujetadores","10":"yith_product_brand-bye-bra","11":"yith_product_brand-bye-brabye-bra-bras","13":"first","14":"instock","15":"taxable","16":"shipping-taxable","17":"purchasable","18":"product-type-variable"},"aioseo_notices":[],"_links":{"self":[{"href":"https:\/\/www.mysexualfantasy.eu\/en\/wp-json\/wp\/v2\/product\/33500","targetHints":{"allow":["GET"]}}],"collection":[{"href":"https:\/\/www.mysexualfantasy.eu\/en\/wp-json\/wp\/v2\/product"}],"about":[{"href":"https:\/\/www.mysexualfantasy.eu\/en\/wp-json\/wp\/v2\/types\/product"}],"replies":[{"embeddable":true,"href":"https:\/\/www.mysexualfantasy.eu\/en\/wp-json\/wp\/v2\/comments?post=33500"}],"wp:featuredmedia":[{"embeddable":true,"href":"https:\/\/www.mysexualfantasy.eu\/en\/wp-json\/wp\/v2\/media\/66264"}],"wp:attachment":[{"href":"https:\/\/www.mysexualfantasy.eu\/en\/wp-json\/wp\/v2\/media?parent=33500"}],"wp:term":[{"taxonomy":"product_brand","embeddable":true,"href":"https:\/\/www.mysexualfantasy.eu\/en\/wp-json\/wp\/v2\/product_brand?post=33500"},{"taxonomy":"product_cat","embeddable":true,"href":"https:\/\/www.mysexualfantasy.eu\/en\/wp-json\/wp\/v2\/product_cat?post=33500"},{"taxonomy":"product_tag","embeddable":true,"href":"https:\/\/www.mysexualfantasy.eu\/en\/wp-json\/wp\/v2\/product_tag?post=33500"}],"curies":[{"name":"wp","href":"https:\/\/api.w.org\/{rel}","templated":true}]}}