{"id":33572,"date":"2023-01-13T12:24:40","date_gmt":"2023-01-13T12:24:40","guid":{"rendered":"https:\/\/www.mysexualfantasy.eu\/?post_type=product&#038;p=33572"},"modified":"2023-12-06T17:27:03","modified_gmt":"2023-12-06T17:27:03","slug":"bye-bra-invisible-single-dress-negro-s","status":"publish","type":"product","link":"https:\/\/www.mysexualfantasy.eu\/en\/product\/bye-bra-invisible-single-dress-negro-s\/","title":{"rendered":"BYE BRA INVISIBLE SINGLE DRESS NEGRO S"},"content":{"rendered":"<p>Este vestido queda perfectamente ajustado a\u00a0la longitud del muslo, no usar bajo ropa ajustada. Da un control ligero y perfecto con una sensaci\u00f3n suave de la mano. El vestido singlet invisible est\u00e1 hecho de microfibra, es muy ligero y el\u00e1stico. Incorpora dos correas ajustables para un\u00a0ajuste perfecto y m\u00e1xima comodidad\u00a0<\/p>\n<ul>\n<li>Invisible<\/li>\n<li>Muy ligero\u00a0<\/li>\n<li>Suave<\/li>\n<li>Ajuste perfecto\u00a0<\/li>\n<li>Presentado en bolsa de pl\u00e1stico pl\u00e1stico transparente\u00a0y percha<\/li>\n<li>Composici\u00f3n: 80% poliamida \/ 20% elastano<\/li>\n<\/ul>","protected":false},"excerpt":{"rendered":"<p>BYE BRA INVISIBLE SINGLE DRESS &#8211; BLACK S<\/p>","protected":false},"featured_media":50542,"comment_status":"open","ping_status":"closed","template":"","meta":{"_monsterinsights_skip_tracking":false,"_monsterinsights_sitenote_active":false,"_monsterinsights_sitenote_note":"","_monsterinsights_sitenote_category":0,"_joinchat":[]},"product_brand":[],"product_cat":[1196,1197,1199,1166,1451],"product_tag":[],"class_list":{"0":"post-33572","1":"product","2":"type-product","3":"status-publish","4":"has-post-thumbnail","6":"product_cat-moda-lencerialenceria-mujer","7":"product_cat-moda-lencerialenceria-mujerlenceria-picante","8":"product_cat-moda-lencerialenceria-mujerlenceria-sexy","9":"product_cat-moda-lenceria","10":"product_cat-moda-lencerialenceria-mujerlenceria-picantevestidos-sexys","11":"yith_product_brand-bye-bra","12":"yith_product_brand-bye-brabye-bra-shapewear","14":"first","15":"instock","16":"taxable","17":"shipping-taxable","18":"purchasable","19":"product-type-variable"},"aioseo_notices":[],"_links":{"self":[{"href":"https:\/\/www.mysexualfantasy.eu\/en\/wp-json\/wp\/v2\/product\/33572","targetHints":{"allow":["GET"]}}],"collection":[{"href":"https:\/\/www.mysexualfantasy.eu\/en\/wp-json\/wp\/v2\/product"}],"about":[{"href":"https:\/\/www.mysexualfantasy.eu\/en\/wp-json\/wp\/v2\/types\/product"}],"replies":[{"embeddable":true,"href":"https:\/\/www.mysexualfantasy.eu\/en\/wp-json\/wp\/v2\/comments?post=33572"}],"wp:featuredmedia":[{"embeddable":true,"href":"https:\/\/www.mysexualfantasy.eu\/en\/wp-json\/wp\/v2\/media\/50542"}],"wp:attachment":[{"href":"https:\/\/www.mysexualfantasy.eu\/en\/wp-json\/wp\/v2\/media?parent=33572"}],"wp:term":[{"taxonomy":"product_brand","embeddable":true,"href":"https:\/\/www.mysexualfantasy.eu\/en\/wp-json\/wp\/v2\/product_brand?post=33572"},{"taxonomy":"product_cat","embeddable":true,"href":"https:\/\/www.mysexualfantasy.eu\/en\/wp-json\/wp\/v2\/product_cat?post=33572"},{"taxonomy":"product_tag","embeddable":true,"href":"https:\/\/www.mysexualfantasy.eu\/en\/wp-json\/wp\/v2\/product_tag?post=33572"}],"curies":[{"name":"wp","href":"https:\/\/api.w.org\/{rel}","templated":true}]}}