{"id":33623,"date":"2023-01-13T14:52:28","date_gmt":"2023-01-13T14:52:28","guid":{"rendered":"https:\/\/www.mysexualfantasy.eu\/?post_type=product&#038;p=33623"},"modified":"2023-12-06T16:05:57","modified_gmt":"2023-12-06T16:05:57","slug":"satisfyer-high-fashion-luxury-estimulacion-ondas-y-vibracion","status":"publish","type":"product","link":"https:\/\/www.mysexualfantasy.eu\/en\/product\/satisfyer-high-fashion-luxury-estimulacion-ondas-y-vibracion\/","title":{"rendered":"SATISFYER HIGH FASHION LUXURY ESTIMULACION ONDAS Y VIBRACION"},"content":{"rendered":"<p><strong>Satisfyer High Fashion: Extravagante y elegante<\/strong><\/p>\n<p>Estimulaci\u00f3n por ondas de presi\u00f3n y dise\u00f1o de lujo? \u00a1Satisfyer High Fashion puede lograr las dos cosas! El vibrador de ondas de presi\u00f3n de alta calidad hecho de aluminio pulido a mano seduce con su aspecto elegante y minimalista y acaricia el cl\u00edtoris con una combinaci\u00f3n sensual de ondas de presi\u00f3n pulsantes y una potente vibraci\u00f3n. El cabezal de aplicaci\u00f3n redondo hecho de silicona l\u00edquida extra suave envuelve perfectamente tu perla de placer y te seduce con una sensaci\u00f3n de suavidad cari\u00f1osa. Al mismo tiempo, el cuerpo ergon\u00f3mico de High Fashion se adapta perfectamente a la mano.<\/p>\n<p><strong>El Satisfyer High Fashion cuenta con estas ventajas adicionales<\/strong><\/p>\n<p>El Satisfyer High Fashion perteneciente a la colecci\u00f3n de lujo se puede controlar f\u00e1cilmente a trav\u00e9s del panel de control intuitivo, de modo es posible regular y combinar las 11 intensidades de onda de presi\u00f3n y los 10 programas de vibraci\u00f3n de forma independiente. Gracias a las numerosas combinaciones posibles, siempre encontrar\u00e1s el programa id\u00f3neo para tus necesidades. El vibrador de ondas de presi\u00f3n tambi\u00e9n te puede acompa\u00f1ar bajo la ducha o en la ba\u00f1era al tener un acabado impermeable (IPX7). En caso de que el High Fashion se quede sin aliento, sus bater\u00edas integradas se pueden recargar mediante el cable de carga USB incluido.<\/p>\n<p>El Luxury High Fashion es la reina del cuidado sexual de la alta costura: con un dise\u00f1o de aluminio cepillado de corte \u00fanico, esta feroz arma de placer elevar\u00e1 su experiencia org\u00e1smica y llevar\u00e1 su cuerpo a la cima de su potencial.<\/p>\n<ul>\n<li>Fabricado con cuero genuino y metales preciosos<\/li>\n<li>Estimulaci\u00f3n simult\u00e1nea del cl\u00edtoris mediante ondas de presi\u00f3n y vibraciones<\/li>\n<li>11 intensidades de onda de presi\u00f3n y 10 programas de vibraci\u00f3n ofrecen variedad para lograr el m\u00e1ximo placer<\/li>\n<li>Garant\u00eda de 15 a\u00f1os<\/li>\n<li>Estimulaci\u00f3n del cl\u00edtoris por ondas de presi\u00f3n y vibraci\u00f3n<\/li>\n<li>2 motores de control separado<\/li>\n<li>Modo de susurro<\/li>\n<li>Estanco IPX7 Bajo el agua<\/li>\n<li>F\u00e1cil de limpiar<\/li>\n<li>Bater\u00eda de iones de litio<\/li>\n<li>Cable de carga magn\u00e9tico por USB<\/li>\n<\/ul>","protected":false},"excerpt":{"rendered":"<p>SATISFYER HIGH FASHION LUXURY AIR PULSE STIMULATOR + VIBRATION<\/p>","protected":false},"featured_media":72106,"comment_status":"open","ping_status":"closed","template":"","meta":{"_monsterinsights_skip_tracking":false,"_monsterinsights_sitenote_active":false,"_monsterinsights_sitenote_note":"","_monsterinsights_sitenote_category":0,"_joinchat":[]},"product_brand":[],"product_cat":[1156,1152,1155,1163,1314,1153,1278],"product_tag":[],"class_list":{"0":"post-33623","1":"product","2":"type-product","3":"status-publish","4":"has-post-thumbnail","6":"product_cat-juguetes-bienestar-juguetes-para-mujeresestimuladores","7":"product_cat-juguetes-bienestar","8":"product_cat-juguetes-bienestar-juguetes-para-mujeres","9":"product_cat-juguetes-bienestar-juguetes-para-mujeresestimuladorespara-clitoris","10":"product_cat-juguetes-bienestar-juguetes-para-mujeressuccionadores","11":"product_cat-juguetes-bienestar-vibradores","12":"product_cat-juguetes-bienestar-vibradoresvibradores-succionadores-ondas-presion","13":"yith_product_brand-satisfyer","14":"yith_product_brand-satisfyer-satisfyer-luxury","16":"first","17":"instock","18":"taxable","19":"shipping-taxable","20":"purchasable","21":"product-type-simple"},"aioseo_notices":[],"_links":{"self":[{"href":"https:\/\/www.mysexualfantasy.eu\/en\/wp-json\/wp\/v2\/product\/33623","targetHints":{"allow":["GET"]}}],"collection":[{"href":"https:\/\/www.mysexualfantasy.eu\/en\/wp-json\/wp\/v2\/product"}],"about":[{"href":"https:\/\/www.mysexualfantasy.eu\/en\/wp-json\/wp\/v2\/types\/product"}],"replies":[{"embeddable":true,"href":"https:\/\/www.mysexualfantasy.eu\/en\/wp-json\/wp\/v2\/comments?post=33623"}],"wp:featuredmedia":[{"embeddable":true,"href":"https:\/\/www.mysexualfantasy.eu\/en\/wp-json\/wp\/v2\/media\/72106"}],"wp:attachment":[{"href":"https:\/\/www.mysexualfantasy.eu\/en\/wp-json\/wp\/v2\/media?parent=33623"}],"wp:term":[{"taxonomy":"product_brand","embeddable":true,"href":"https:\/\/www.mysexualfantasy.eu\/en\/wp-json\/wp\/v2\/product_brand?post=33623"},{"taxonomy":"product_cat","embeddable":true,"href":"https:\/\/www.mysexualfantasy.eu\/en\/wp-json\/wp\/v2\/product_cat?post=33623"},{"taxonomy":"product_tag","embeddable":true,"href":"https:\/\/www.mysexualfantasy.eu\/en\/wp-json\/wp\/v2\/product_tag?post=33623"}],"curies":[{"name":"wp","href":"https:\/\/api.w.org\/{rel}","templated":true}]}}