{"id":33665,"date":"2023-01-13T14:37:46","date_gmt":"2023-01-13T14:37:46","guid":{"rendered":"https:\/\/www.mysexualfantasy.eu\/?post_type=product&#038;p=33665"},"modified":"2023-12-06T16:06:02","modified_gmt":"2023-12-06T16:06:02","slug":"satisfyer-candy-cane-vibrador-dedo-negro","status":"publish","type":"product","link":"https:\/\/www.mysexualfantasy.eu\/en\/product\/satisfyer-candy-cane-vibrador-dedo-negro\/","title":{"rendered":"SATISFYER CANDY CANE VIBRADOR DEDO NEGRO"},"content":{"rendered":"<p>Nuestras vibraciones m\u00e1s recientes permiten que tus dedos sean la gu\u00eda &#8230; el bast\u00f3n flexible es nuestra innovaci\u00f3n m\u00e1s reciente en alegr\u00eda sin g\u00e9nero. Dise\u00f1ado para llevarlo f\u00e1cilmente en la mano, es perfecto para acariciar el cl\u00edtoris, el pene o cualquier zona er\u00f3gena que puedas imaginar.<\/p>\n<p>El Candy Cane es un vibrador peque\u00f1o, largo hasta un dedo, con un motor potente, listo para complacer con dulces sensaciones.<\/p>\n<ul>\n<li>Este vibrador es perfecto para principiantes que desean una experiencia m\u00e1s pr\u00e1ctica. Este delicioso toque de dedo est\u00e1 disponible en negro y naranja.<\/li>\n<\/ul>\n<p>Candy Cane est\u00e1 hecho con silicona amigable para el cuerpo y detalles de pl\u00e1stico pulido. Y, por supuesto, tiene clasificaci\u00f3n IPX7 a prueba de agua, lo que los hace ampliamente equipados para manejar incluso las fantas\u00edas m\u00e1s h\u00famedas y salvajes.<\/p>","protected":false},"excerpt":{"rendered":"<p>SATISFYER CANDY CANE FINGER VIBRATOR BLACK<\/p>","protected":false},"featured_media":69662,"comment_status":"open","ping_status":"closed","template":"","meta":{"_monsterinsights_skip_tracking":false,"_monsterinsights_sitenote_active":false,"_monsterinsights_sitenote_note":"","_monsterinsights_sitenote_category":0,"_joinchat":[]},"product_brand":[],"product_cat":[189,119,245,853,258],"product_tag":[],"class_list":{"0":"post-33665","1":"product","2":"type-product","3":"status-publish","4":"has-post-thumbnail","6":"product_cat-juguetes-sexuales-xxxestimuladores","7":"product_cat-juguetes-sexuales-xxx","8":"product_cat-juguetes-sexuales-xxxmasturbadores-para-ellas","9":"product_cat-juguetes-sexuales-xxxestimuladorespara-clitoris","10":"product_cat-juguetes-sexuales-xxxvibradores","11":"yith_product_brand-satisfyer","12":"yith_product_brand-satisfyer-satisfyer-vibrator","14":"first","15":"instock","16":"taxable","17":"shipping-taxable","18":"purchasable","19":"product-type-simple"},"aioseo_notices":[],"_links":{"self":[{"href":"https:\/\/www.mysexualfantasy.eu\/en\/wp-json\/wp\/v2\/product\/33665","targetHints":{"allow":["GET"]}}],"collection":[{"href":"https:\/\/www.mysexualfantasy.eu\/en\/wp-json\/wp\/v2\/product"}],"about":[{"href":"https:\/\/www.mysexualfantasy.eu\/en\/wp-json\/wp\/v2\/types\/product"}],"replies":[{"embeddable":true,"href":"https:\/\/www.mysexualfantasy.eu\/en\/wp-json\/wp\/v2\/comments?post=33665"}],"wp:featuredmedia":[{"embeddable":true,"href":"https:\/\/www.mysexualfantasy.eu\/en\/wp-json\/wp\/v2\/media\/69662"}],"wp:attachment":[{"href":"https:\/\/www.mysexualfantasy.eu\/en\/wp-json\/wp\/v2\/media?parent=33665"}],"wp:term":[{"taxonomy":"product_brand","embeddable":true,"href":"https:\/\/www.mysexualfantasy.eu\/en\/wp-json\/wp\/v2\/product_brand?post=33665"},{"taxonomy":"product_cat","embeddable":true,"href":"https:\/\/www.mysexualfantasy.eu\/en\/wp-json\/wp\/v2\/product_cat?post=33665"},{"taxonomy":"product_tag","embeddable":true,"href":"https:\/\/www.mysexualfantasy.eu\/en\/wp-json\/wp\/v2\/product_tag?post=33665"}],"curies":[{"name":"wp","href":"https:\/\/api.w.org\/{rel}","templated":true}]}}