{"id":33670,"date":"2023-01-13T14:50:07","date_gmt":"2023-01-13T14:50:07","guid":{"rendered":"https:\/\/www.mysexualfantasy.eu\/?post_type=product&#038;p=33670"},"modified":"2023-12-06T15:20:57","modified_gmt":"2023-12-06T15:20:57","slug":"hart-vol-erotiek-corps-a-coeur-erotique-nl-fr","status":"publish","type":"product","link":"https:\/\/www.mysexualfantasy.eu\/en\/product\/hart-vol-erotiek-corps-a-coeur-erotique-nl-fr\/","title":{"rendered":"HART VOL EROTIEK  CORPS A COEUR EROTIQUE (NL-FR)"},"content":{"rendered":"<p>Hart vol Erotiek<\/p>\n<p>Meer dan 100 uitdagingen voor pure passie!<\/p>\n<p>Trek zonder gebruik te maken van je handen het slipje van je partner uit. Vertel \u00e9\u00e9n van je stoutste fantasie\u00ebn. Doe eerst iets teders, daarna iets intiems en uiteindelijk iets vurigs bij je partner. Waar zal dit toe leiden..?<br \/>\u2018Hart vol erotiek is een zinnenprikkelend spel voor jou en je partner. Jij of je partner neemt met het pincet een rolletje uit het hart. Wat gaat er met jullie gebeuren? Wordt het een speelse verleiding, een inleidend voorspel, een fantasie om te delen of een erotische uitdaging?<br \/>Het spel is niet te vergelijken met enig ander spel. Er zit geen tijdslimiet aan, er zijn alleen winnaars. Op een humorvolle manier zal dit spel de intimiteit binnen de relatie vergroten. Sommige opdrachten kunnen direct worden uitgevoerd, maar het huren van een erotische film of het voorbereiden van een spannende verrassing zal op een later moment voor een heerlijk samenzijn zorgen.<\/p>\n<p>Kortom: Een spel om veel intieme momenten samen te beleven!<\/p>\n<p>&#8212;<\/p>\n<p>Corps \u00e0 coeur Erotique<\/p>\n<p>100 d\u00e9fis pour vivre un amour passionn\u00e9 \u00e0 l\u00e9tat pur !<\/p>\n<p>Retirez les sous-v\u00eatements de votre partenaire sans utiliser vos mains\u2026 Racontez \u00e0 votre partenaire un fantasme \u00e9rotique dont vous avez un peu honte\u2026 Que va-t-il se passer ?<\/p>\n<p>Un jeu \u00e0 deux tr\u00e8s excitant pour consommer lautre sans mod\u00e9ration. Saisissez \u00e0 tour de r\u00f4le un gage \u00e0 laide de la pincette. S\u00e9duction ludique, pr\u00e9liminaires tendres, fantasmes coquins ou d\u00e9fi \u00e9rotique&#8230; Que va-t-il vous arriver ? Vivez ensemble des moments de pure complicit\u00e9 amoureuse et sensuelle !<\/p>\n<p>Ce jeu na pas son pareil. Il ny a pas de limite de temps et il ny a que des gagnants. Ce jeu, plein dhumour, va renforcer lintimit\u00e9 de votre relation. Certains d\u00e9fis peuvent \u00eatre r\u00e9alis\u00e9s imm\u00e9diatement, mais la location dun film \u00e9rotique ou la pr\u00e9paration dune surprise captivante seront le pr\u00e9lude de moments de plaisir \u00e0 passer ensemble un peu plus tard.<\/p>\n<p>Bref : un jeu qui vous fera vivre ensemble de grands moments dintimit\u00e9.<\/p>\n<p>Diverses variantes romantiques et \u00e9rotiques sont disponibles dans cette s\u00e9rie de coeurs<\/p>","protected":false},"excerpt":{"rendered":"<p>HART VOL EROTIEK  CORPS A COEUR EROTIQUE (NL-FR)<\/p>","protected":false},"featured_media":71773,"comment_status":"open","ping_status":"closed","template":"","meta":{"_monsterinsights_skip_tracking":false,"_monsterinsights_sitenote_active":false,"_monsterinsights_sitenote_note":"","_monsterinsights_sitenote_category":0,"_joinchat":[]},"product_brand":[],"product_cat":[616,1232,1271],"product_tag":[],"class_list":{"0":"post-33670","1":"product","2":"type-product","3":"status-publish","4":"has-post-thumbnail","6":"product_cat-juegos","7":"product_cat-juegos-juegos-de-pareja","8":"product_cat-juegos-juegos-en-frances","9":"yith_product_brand-teaseplease","11":"first","12":"instock","13":"taxable","14":"shipping-taxable","15":"purchasable","16":"product-type-simple"},"aioseo_notices":[],"_links":{"self":[{"href":"https:\/\/www.mysexualfantasy.eu\/en\/wp-json\/wp\/v2\/product\/33670","targetHints":{"allow":["GET"]}}],"collection":[{"href":"https:\/\/www.mysexualfantasy.eu\/en\/wp-json\/wp\/v2\/product"}],"about":[{"href":"https:\/\/www.mysexualfantasy.eu\/en\/wp-json\/wp\/v2\/types\/product"}],"replies":[{"embeddable":true,"href":"https:\/\/www.mysexualfantasy.eu\/en\/wp-json\/wp\/v2\/comments?post=33670"}],"wp:featuredmedia":[{"embeddable":true,"href":"https:\/\/www.mysexualfantasy.eu\/en\/wp-json\/wp\/v2\/media\/71773"}],"wp:attachment":[{"href":"https:\/\/www.mysexualfantasy.eu\/en\/wp-json\/wp\/v2\/media?parent=33670"}],"wp:term":[{"taxonomy":"product_brand","embeddable":true,"href":"https:\/\/www.mysexualfantasy.eu\/en\/wp-json\/wp\/v2\/product_brand?post=33670"},{"taxonomy":"product_cat","embeddable":true,"href":"https:\/\/www.mysexualfantasy.eu\/en\/wp-json\/wp\/v2\/product_cat?post=33670"},{"taxonomy":"product_tag","embeddable":true,"href":"https:\/\/www.mysexualfantasy.eu\/en\/wp-json\/wp\/v2\/product_tag?post=33670"}],"curies":[{"name":"wp","href":"https:\/\/api.w.org\/{rel}","templated":true}]}}