{"id":33671,"date":"2023-01-13T14:51:07","date_gmt":"2023-01-13T14:51:07","guid":{"rendered":"https:\/\/www.mysexualfantasy.eu\/?post_type=product&#038;p=33671"},"modified":"2023-12-06T15:21:38","modified_gmt":"2023-12-06T15:21:38","slug":"herz-voller-erotik-il-cuore-erotico-de-it","status":"publish","type":"product","link":"https:\/\/www.mysexualfantasy.eu\/en\/product\/herz-voller-erotik-il-cuore-erotico-de-it\/","title":{"rendered":"HERZ VOLLER EROTIK  IL CUORE EROTICO (DE-IT) ROJO"},"content":{"rendered":"<p>Herz voller Erotik<\/p>\n<p>\u00dcber 100 Herausforderungen f\u00fcr pure Leidenschaft!<\/p>\n<p>Zieh deiner Partnerin\/deinem Partner den Slip aus, ohne die H\u00e4nde zu benutzen. Erz\u00e4hle eine deiner wildesten Fantasien. Mache erst etwas Z\u00e4rtliches, dann etwas Intimes und schlie\u00dflich etwas Feuriges mit deiner Partnerin\/deinem Partner. Wohin wird es f\u00fchren \u2026?<\/p>\n<p>Das Herz voller Erotik ist ein prickelnd-sinnliches Spiel f\u00fcr zwei Erwachsene. Einer von euch beiden nimmt mit der Pinzette ein R\u00f6llchen aus dem Herz. Was werdet ihr erleben? Wird es eine spielerische Verf\u00fchrung, ein erregendes Vorspiel, eine geteilte Fantasie oder eine erotische Herausforderung?<\/p>\n<p>Dieses Spiel ist unvergleichbar. Es gibt keine zeitliche Beschr\u00e4nkung, es gibt nur Liebhaberinnen und Liebhaber. Die Intimit\u00e4t eurer Beziehung wird auf humorvolle Weise gest\u00e4rkt. Manche Aufgaben k\u00f6nnen sofort ausgef\u00fchrt werden, die Beschaffung eines erotischen Films oder die Vorbereitung f\u00fcr eine aufregende \u00dcberraschung werden euch zu einem sp\u00e4teren Zeitpunkt unvergessliche Stunden bereiten.<\/p>\n<p>Kurzum: Ein Spiel f\u00fcr viele gemeinsame, intime Momente!<\/p>\n<p>&#8212;<\/p>\n<p>Il cuore Erotico<\/p>\n<p>More than 100 challenges for pure passion!<\/p>\n<p>Take of your partners underwear without using your hands. Tell your most intimate fantasy. Start a play with your partner, first do something tender, then something intimate and finally become very passionate. Where shall this lead to ?<\/p>\n<p>The Erotic Heart is a daring and enticing game for you and your partner. Either one of you takes a paper roll out of the box, using the tweezers. What is about to happen now? Will it be a playful seduction, an enticing foreplay, a fantasy to share or a daring erotic challenge?<\/p>\n<p>This gift is incomparable to any other game, there are no time limits and you will both be winners. In a disarming and humorous way, this gift will increase the intimacy in your relationship. Some tasks can be played immediately, but renting an erotic movie or the preparation of an exciting surprise will lead to a wonderful time together at a later moment.<\/p>\n<p>In short: a gift to cherish many intimate moments together!<\/p>","protected":false},"excerpt":{"rendered":"<p>HERZ VOLLER EROTIK  IL CUORE EROTICO (DE-IT)<\/p>","protected":false},"featured_media":71903,"comment_status":"open","ping_status":"closed","template":"","meta":{"_monsterinsights_skip_tracking":false,"_monsterinsights_sitenote_active":false,"_monsterinsights_sitenote_note":"","_monsterinsights_sitenote_category":0,"_joinchat":[]},"product_brand":[],"product_cat":[616,1232,1272,1274],"product_tag":[],"class_list":{"0":"post-33671","1":"product","2":"type-product","3":"status-publish","4":"has-post-thumbnail","6":"product_cat-juegos","7":"product_cat-juegos-juegos-de-pareja","8":"product_cat-juegos-juegos-en-aleman","9":"product_cat-juegos-juegos-en-italiano","10":"yith_product_brand-teaseplease","12":"first","13":"instock","14":"taxable","15":"shipping-taxable","16":"purchasable","17":"product-type-simple"},"aioseo_notices":[],"_links":{"self":[{"href":"https:\/\/www.mysexualfantasy.eu\/en\/wp-json\/wp\/v2\/product\/33671","targetHints":{"allow":["GET"]}}],"collection":[{"href":"https:\/\/www.mysexualfantasy.eu\/en\/wp-json\/wp\/v2\/product"}],"about":[{"href":"https:\/\/www.mysexualfantasy.eu\/en\/wp-json\/wp\/v2\/types\/product"}],"replies":[{"embeddable":true,"href":"https:\/\/www.mysexualfantasy.eu\/en\/wp-json\/wp\/v2\/comments?post=33671"}],"wp:featuredmedia":[{"embeddable":true,"href":"https:\/\/www.mysexualfantasy.eu\/en\/wp-json\/wp\/v2\/media\/71903"}],"wp:attachment":[{"href":"https:\/\/www.mysexualfantasy.eu\/en\/wp-json\/wp\/v2\/media?parent=33671"}],"wp:term":[{"taxonomy":"product_brand","embeddable":true,"href":"https:\/\/www.mysexualfantasy.eu\/en\/wp-json\/wp\/v2\/product_brand?post=33671"},{"taxonomy":"product_cat","embeddable":true,"href":"https:\/\/www.mysexualfantasy.eu\/en\/wp-json\/wp\/v2\/product_cat?post=33671"},{"taxonomy":"product_tag","embeddable":true,"href":"https:\/\/www.mysexualfantasy.eu\/en\/wp-json\/wp\/v2\/product_tag?post=33671"}],"curies":[{"name":"wp","href":"https:\/\/api.w.org\/{rel}","templated":true}]}}