{"id":33672,"date":"2023-01-13T14:50:08","date_gmt":"2023-01-13T14:50:08","guid":{"rendered":"https:\/\/www.mysexualfantasy.eu\/?post_type=product&#038;p=33672"},"modified":"2023-12-06T15:20:57","modified_gmt":"2023-12-06T15:20:57","slug":"hart-vol-kama-sutra-corps-a-coeur-kama-sutra-nl-fr","status":"publish","type":"product","link":"https:\/\/www.mysexualfantasy.eu\/en\/product\/hart-vol-kama-sutra-corps-a-coeur-kama-sutra-nl-fr\/","title":{"rendered":"HART VOL KAMA SUTRA  CORPS A COEUR KAMA SUTRA (NL-FR)"},"content":{"rendered":"<p>Hart vol Kama Sutra<\/p>\n<p>69 uitdagende standjes voor hartstochtelijke momenten!<\/p>\n<p>Een sensatie voor jou en je partner! Jullie nemen met het pincet een rolletje uit het hart. Welk erotisch standje gaan jullie doen? Wordt het de \u2018godinnenrit, het \u2018liefdesschuitje of de \u2018aanbidding? Ga samen de uitdaging aan en beleef het plezier en de intimiteit met elkaar.<\/p>\n<p>Het Kama Sutra hart bevat 69 standjes die grotendeels afkomstig zijn van de al eeuwenoude Indiase Kama Sutra; de Oosterse leer van de liefde. Belangrijk hierin is het wederzijdse respect voor elkaar. Ontdek op speelse wijze welke standjes het best bij jullie passen.<\/p>\n<p>&#8212;<\/p>\n<p>Corps \u00e0 coeur Kama Sutra<\/p>\n<p>69 positions sexuelles excitantes pour des moments pleins de passion !<\/p>\n<p>Des sensations multiples pour vous et votre partenaire ! Prenez, \u00e0 laide dune pincette, un petit rouleau dans la bo\u00eete en forme de coeur. Quelle position \u00e9rotique allez-vous adopter ensemble ? La balan\u00e7oire, le ph\u00e9nix dans la joie ou encore lunion de la vache ? Relevez le d\u00e9fi et amusez-vous tout en partageant des moments de grande intimit\u00e9.<\/p>\n<p>Le coeur Kama Sutra contient 69 positions pour la plupart tir\u00e9es du s\u00e9culaire Kama Sutra indien ; la science orientale de lamour. Le Kama Sutra fait une large place au respect r\u00e9ciproque. D\u00e9couvrez en jouant les positions qui vous conviennent le mieux.<\/p>\n<p>Diverses variantes romantiques et \u00e9rotiques sont disponibles dans cette s\u00e9rie de coeurs.<\/p>","protected":false},"excerpt":{"rendered":"<p>HART VOL KAMA SUTRA  CORPS A COEUR KAMA SUTRA (NL-FR)<\/p>","protected":false},"featured_media":71776,"comment_status":"open","ping_status":"closed","template":"","meta":{"_monsterinsights_skip_tracking":false,"_monsterinsights_sitenote_active":false,"_monsterinsights_sitenote_note":"","_monsterinsights_sitenote_category":0,"_joinchat":[]},"product_brand":[],"product_cat":[616,1232,1271],"product_tag":[],"class_list":{"0":"post-33672","1":"product","2":"type-product","3":"status-publish","4":"has-post-thumbnail","6":"product_cat-juegos","7":"product_cat-juegos-juegos-de-pareja","8":"product_cat-juegos-juegos-en-frances","9":"yith_product_brand-teaseplease","11":"first","12":"instock","13":"taxable","14":"shipping-taxable","15":"purchasable","16":"product-type-simple"},"aioseo_notices":[],"_links":{"self":[{"href":"https:\/\/www.mysexualfantasy.eu\/en\/wp-json\/wp\/v2\/product\/33672","targetHints":{"allow":["GET"]}}],"collection":[{"href":"https:\/\/www.mysexualfantasy.eu\/en\/wp-json\/wp\/v2\/product"}],"about":[{"href":"https:\/\/www.mysexualfantasy.eu\/en\/wp-json\/wp\/v2\/types\/product"}],"replies":[{"embeddable":true,"href":"https:\/\/www.mysexualfantasy.eu\/en\/wp-json\/wp\/v2\/comments?post=33672"}],"wp:featuredmedia":[{"embeddable":true,"href":"https:\/\/www.mysexualfantasy.eu\/en\/wp-json\/wp\/v2\/media\/71776"}],"wp:attachment":[{"href":"https:\/\/www.mysexualfantasy.eu\/en\/wp-json\/wp\/v2\/media?parent=33672"}],"wp:term":[{"taxonomy":"product_brand","embeddable":true,"href":"https:\/\/www.mysexualfantasy.eu\/en\/wp-json\/wp\/v2\/product_brand?post=33672"},{"taxonomy":"product_cat","embeddable":true,"href":"https:\/\/www.mysexualfantasy.eu\/en\/wp-json\/wp\/v2\/product_cat?post=33672"},{"taxonomy":"product_tag","embeddable":true,"href":"https:\/\/www.mysexualfantasy.eu\/en\/wp-json\/wp\/v2\/product_tag?post=33672"}],"curies":[{"name":"wp","href":"https:\/\/api.w.org\/{rel}","templated":true}]}}