{"id":33678,"date":"2023-01-13T13:40:55","date_gmt":"2023-01-13T13:40:55","guid":{"rendered":"https:\/\/www.mysexualfantasy.eu\/?post_type=product&#038;p=33678"},"modified":"2026-04-06T17:33:05","modified_gmt":"2026-04-06T17:33:05","slug":"control-anillo-vibrador-pleasure-booster","status":"publish","type":"product","link":"https:\/\/www.mysexualfantasy.eu\/en\/product\/control-anillo-vibrador-pleasure-booster\/","title":{"rendered":"CONTROL ANILLO VIBRADOR PLEASURE BOOSTER"},"content":{"rendered":"<p>Hay experiencias que regalan un placer tan intenso que se vuelven inolvidables, como llevar el anillo vibrador Pleasure Booster.<\/p>\n<p>Gracias a su nuevo dise\u00f1o con cabezal estimulante y puntos en relieve, las sensaciones para la pareja ser\u00e1n incomparables. Si se usa junto con los preservativos estimulantes Control, con puntos y estr\u00edas en la superficie, las relaciones ser\u00e1n a\u00fan m\u00e1s excitantes.<\/p>\n<ul>\n<li>MATERIAL Silicona<\/li>\n<li>USO Pene<\/li>\n<li>VIBRACI\u00d3N S\u00ed<\/li>\n<li>IMPERMEABLE No<\/li>\n<li>BATER\u00cdA Incluida (un solo uso, 20 minutos)<\/li>\n<\/ul>","protected":false},"excerpt":{"rendered":"<p>CONTROL PLEASURE BOOSTER VIBRATING RING<\/p>","protected":false},"featured_media":60396,"comment_status":"open","ping_status":"closed","template":"","meta":{"_monsterinsights_skip_tracking":false,"_monsterinsights_sitenote_active":false,"_monsterinsights_sitenote_note":"","_monsterinsights_sitenote_category":0,"_joinchat":[]},"product_brand":[],"product_cat":[1170,1172,1171,1152,1160],"product_tag":[],"class_list":{"0":"post-33678","1":"product","2":"type-product","3":"status-publish","4":"has-post-thumbnail","6":"product_cat-juguetes-bienestar-juguetes-para-hombresaccesorios-para-el-pene","7":"product_cat-juguetes-bienestar-juguetes-para-hombresaccesorios-para-el-peneanillos-peneanillos-con-vibracion","8":"product_cat-juguetes-bienestar-juguetes-para-hombresaccesorios-para-el-peneanillos-pene","9":"product_cat-juguetes-bienestar","10":"product_cat-juguetes-bienestar-juguetes-para-hombres","11":"yith_product_brand-control","12":"yith_product_brand-controlcontrol-toys","14":"first","15":"instock","16":"taxable","17":"shipping-taxable","18":"purchasable","19":"product-type-simple"},"aioseo_notices":[],"_links":{"self":[{"href":"https:\/\/www.mysexualfantasy.eu\/en\/wp-json\/wp\/v2\/product\/33678","targetHints":{"allow":["GET"]}}],"collection":[{"href":"https:\/\/www.mysexualfantasy.eu\/en\/wp-json\/wp\/v2\/product"}],"about":[{"href":"https:\/\/www.mysexualfantasy.eu\/en\/wp-json\/wp\/v2\/types\/product"}],"replies":[{"embeddable":true,"href":"https:\/\/www.mysexualfantasy.eu\/en\/wp-json\/wp\/v2\/comments?post=33678"}],"wp:featuredmedia":[{"embeddable":true,"href":"https:\/\/www.mysexualfantasy.eu\/en\/wp-json\/wp\/v2\/media\/60396"}],"wp:attachment":[{"href":"https:\/\/www.mysexualfantasy.eu\/en\/wp-json\/wp\/v2\/media?parent=33678"}],"wp:term":[{"taxonomy":"product_brand","embeddable":true,"href":"https:\/\/www.mysexualfantasy.eu\/en\/wp-json\/wp\/v2\/product_brand?post=33678"},{"taxonomy":"product_cat","embeddable":true,"href":"https:\/\/www.mysexualfantasy.eu\/en\/wp-json\/wp\/v2\/product_cat?post=33678"},{"taxonomy":"product_tag","embeddable":true,"href":"https:\/\/www.mysexualfantasy.eu\/en\/wp-json\/wp\/v2\/product_tag?post=33678"}],"curies":[{"name":"wp","href":"https:\/\/api.w.org\/{rel}","templated":true}]}}